{"id":8075,"date":"2026-04-08T12:35:44","date_gmt":"2026-04-08T12:35:44","guid":{"rendered":"https:\/\/solidshoes.com\/?post_type=product&#038;p=8075"},"modified":"2026-04-08T12:35:45","modified_gmt":"2026-04-08T12:35:45","slug":"mickey-mouse-sneakers-4","status":"publish","type":"product","link":"https:\/\/solidshoes.com\/?product=mickey-mouse-sneakers-4","title":{"rendered":"MICKEY MOUSE SNEAKERS"},"content":{"rendered":"<p>Kur vjen fjala p\u00ebr komoditetin e f\u00ebmij\u00ebve, k\u00ebto patika jan\u00eb zgjedhja ideale. Dizajni i leht\u00eb,\u00a0 por mb\u00ebshtet\u00ebs, siguron q\u00eb k\u00ebmb\u00ebt t\u00eb ndihen t\u00eb lir\u00eb dhe t\u00eb rehatshme gjat\u00eb t\u00eb gjith\u00eb dit\u00ebs. Pavar\u00ebsisht n\u00ebse jan\u00eb p\u00ebr loj\u00ebra n\u00eb park, sh\u00ebtitje t\u00eb shpejta apo aktivitetet e p\u00ebrditshme, k\u00ebto patika do t\u00eb sigurojn\u00eb l\u00ebvizje t\u00eb shpejt\u00eb dhe t\u00eb sigurt p\u00ebr k\u00ebmb\u00ebt e vogla.<\/p>\n","protected":false},"excerpt":{"rendered":"<p>Kur vjen fjala p\u00ebr komoditetin e f\u00ebmij\u00ebve, k\u00ebto patika jan\u00eb zgjedhja ideale. Dizajni i leht\u00eb,\u00a0 por mb\u00ebshtet\u00ebs, siguron q\u00eb k\u00ebmb\u00ebt t\u00eb ndihen t\u00eb lir\u00eb dhe t\u00eb rehatshme gjat\u00eb t\u00eb gjith\u00eb dit\u00ebs. Pavar\u00ebsisht n\u00ebse jan\u00eb p\u00ebr loj\u00ebra n\u00eb park, sh\u00ebtitje t\u00eb shpejta apo aktivitetet e p\u00ebrditshme, k\u00ebto patika do t\u00eb sigurojn\u00eb l\u00ebvizje t\u00eb shpejt\u00eb dhe t\u00eb <\/p>\n<div><a class=\"zoli-read-more-link\" href=\"https:\/\/solidshoes.com\/?product=mickey-mouse-sneakers-4\">Read More<span class=\"lexus-icon-Icon_Next\"><\/span><\/a><\/div>\n","protected":false},"featured_media":8076,"comment_status":"open","ping_status":"closed","template":"","meta":{"_acf_changed":false},"pwb-brand":[],"product_brand":[],"product_cat":[211,209,210],"product_tag":[40,91,43],"class_list":{"0":"post-8075","1":"product","2":"type-product","3":"status-publish","4":"has-post-thumbnail","6":"product_cat-djem","7":"product_cat-femije-2","8":"product_cat-vajza","9":"product_tag-comfort","10":"product_tag-extra-light","11":"product_tag-lekure-memory","13":"first","14":"instock","15":"shipping-taxable","16":"purchasable","17":"product-type-variable"},"acf":[],"yoast_head":"<!-- This site is optimized with the Yoast SEO plugin v23.9 - https:\/\/yoast.com\/wordpress\/plugins\/seo\/ -->\n<title>MICKEY MOUSE SNEAKERS - Solid Shoes<\/title>\n<meta name=\"robots\" content=\"index, follow, max-snippet:-1, max-image-preview:large, max-video-preview:-1\" \/>\n<link rel=\"canonical\" href=\"https:\/\/solidshoes.com\/?product=mickey-mouse-sneakers-4\" \/>\n<meta property=\"og:locale\" content=\"en_US\" \/>\n<meta property=\"og:type\" content=\"article\" \/>\n<meta property=\"og:title\" content=\"MICKEY MOUSE SNEAKERS - Solid Shoes\" \/>\n<meta property=\"og:description\" content=\"Kur vjen fjala p\u00ebr komoditetin e f\u00ebmij\u00ebve, k\u00ebto patika jan\u00eb zgjedhja ideale. Dizajni i leht\u00eb,\u00a0 por mb\u00ebshtet\u00ebs, siguron q\u00eb k\u00ebmb\u00ebt t\u00eb ndihen t\u00eb lir\u00eb dhe t\u00eb rehatshme gjat\u00eb t\u00eb gjith\u00eb dit\u00ebs. Pavar\u00ebsisht n\u00ebse jan\u00eb p\u00ebr loj\u00ebra n\u00eb park, sh\u00ebtitje t\u00eb shpejta apo aktivitetet e p\u00ebrditshme, k\u00ebto patika do t\u00eb sigurojn\u00eb l\u00ebvizje t\u00eb shpejt\u00eb dhe t\u00eb Read More\" \/>\n<meta property=\"og:url\" content=\"https:\/\/solidshoes.com\/?product=mickey-mouse-sneakers-4\" \/>\n<meta property=\"og:site_name\" content=\"Solid Shoes\" \/>\n<meta property=\"article:modified_time\" content=\"2026-04-08T12:35:45+00:00\" \/>\n<meta property=\"og:image\" content=\"https:\/\/solidshoes.com\/wp-content\/uploads\/2026\/04\/6-8.png\" \/>\n\t<meta property=\"og:image:width\" content=\"1179\" \/>\n\t<meta property=\"og:image:height\" content=\"1149\" \/>\n\t<meta property=\"og:image:type\" content=\"image\/png\" \/>\n<meta name=\"twitter:card\" content=\"summary_large_image\" \/>\n<meta name=\"twitter:label1\" content=\"Est. reading time\" \/>\n\t<meta name=\"twitter:data1\" content=\"1 minute\" \/>\n<script type=\"application\/ld+json\" class=\"yoast-schema-graph\">{\"@context\":\"https:\/\/schema.org\",\"@graph\":[{\"@type\":\"WebPage\",\"@id\":\"https:\/\/solidshoes.com\/?product=mickey-mouse-sneakers-4\",\"url\":\"https:\/\/solidshoes.com\/?product=mickey-mouse-sneakers-4\",\"name\":\"MICKEY MOUSE SNEAKERS - Solid Shoes\",\"isPartOf\":{\"@id\":\"https:\/\/solidshoes.com\/#website\"},\"primaryImageOfPage\":{\"@id\":\"https:\/\/solidshoes.com\/?product=mickey-mouse-sneakers-4#primaryimage\"},\"image\":{\"@id\":\"https:\/\/solidshoes.com\/?product=mickey-mouse-sneakers-4#primaryimage\"},\"thumbnailUrl\":\"https:\/\/solidshoes.com\/wp-content\/uploads\/2026\/04\/6-8.png\",\"datePublished\":\"2026-04-08T12:35:44+00:00\",\"dateModified\":\"2026-04-08T12:35:45+00:00\",\"breadcrumb\":{\"@id\":\"https:\/\/solidshoes.com\/?product=mickey-mouse-sneakers-4#breadcrumb\"},\"inLanguage\":\"en-US\",\"potentialAction\":[{\"@type\":\"ReadAction\",\"target\":[\"https:\/\/solidshoes.com\/?product=mickey-mouse-sneakers-4\"]}]},{\"@type\":\"ImageObject\",\"inLanguage\":\"en-US\",\"@id\":\"https:\/\/solidshoes.com\/?product=mickey-mouse-sneakers-4#primaryimage\",\"url\":\"https:\/\/solidshoes.com\/wp-content\/uploads\/2026\/04\/6-8.png\",\"contentUrl\":\"https:\/\/solidshoes.com\/wp-content\/uploads\/2026\/04\/6-8.png\",\"width\":1179,\"height\":1149},{\"@type\":\"BreadcrumbList\",\"@id\":\"https:\/\/solidshoes.com\/?product=mickey-mouse-sneakers-4#breadcrumb\",\"itemListElement\":[{\"@type\":\"ListItem\",\"position\":1,\"name\":\"Home\",\"item\":\"https:\/\/solidshoes.com\/\"},{\"@type\":\"ListItem\",\"position\":2,\"name\":\"Shop\",\"item\":\"https:\/\/solidshoes.com\/?page_id=9\"},{\"@type\":\"ListItem\",\"position\":3,\"name\":\"MICKEY MOUSE SNEAKERS\"}]},{\"@type\":\"WebSite\",\"@id\":\"https:\/\/solidshoes.com\/#website\",\"url\":\"https:\/\/solidshoes.com\/\",\"name\":\"Solid Shoes\",\"description\":\"\",\"potentialAction\":[{\"@type\":\"SearchAction\",\"target\":{\"@type\":\"EntryPoint\",\"urlTemplate\":\"https:\/\/solidshoes.com\/?s={search_term_string}\"},\"query-input\":{\"@type\":\"PropertyValueSpecification\",\"valueRequired\":true,\"valueName\":\"search_term_string\"}}],\"inLanguage\":\"en-US\"}]}<\/script>\n<!-- \/ Yoast SEO plugin. -->","yoast_head_json":{"title":"MICKEY MOUSE SNEAKERS - Solid Shoes","robots":{"index":"index","follow":"follow","max-snippet":"max-snippet:-1","max-image-preview":"max-image-preview:large","max-video-preview":"max-video-preview:-1"},"canonical":"https:\/\/solidshoes.com\/?product=mickey-mouse-sneakers-4","og_locale":"en_US","og_type":"article","og_title":"MICKEY MOUSE SNEAKERS - Solid Shoes","og_description":"Kur vjen fjala p\u00ebr komoditetin e f\u00ebmij\u00ebve, k\u00ebto patika jan\u00eb zgjedhja ideale. Dizajni i leht\u00eb,\u00a0 por mb\u00ebshtet\u00ebs, siguron q\u00eb k\u00ebmb\u00ebt t\u00eb ndihen t\u00eb lir\u00eb dhe t\u00eb rehatshme gjat\u00eb t\u00eb gjith\u00eb dit\u00ebs. Pavar\u00ebsisht n\u00ebse jan\u00eb p\u00ebr loj\u00ebra n\u00eb park, sh\u00ebtitje t\u00eb shpejta apo aktivitetet e p\u00ebrditshme, k\u00ebto patika do t\u00eb sigurojn\u00eb l\u00ebvizje t\u00eb shpejt\u00eb dhe t\u00eb Read More","og_url":"https:\/\/solidshoes.com\/?product=mickey-mouse-sneakers-4","og_site_name":"Solid Shoes","article_modified_time":"2026-04-08T12:35:45+00:00","og_image":[{"width":1179,"height":1149,"url":"https:\/\/solidshoes.com\/wp-content\/uploads\/2026\/04\/6-8.png","type":"image\/png"}],"twitter_card":"summary_large_image","twitter_misc":{"Est. reading time":"1 minute"},"schema":{"@context":"https:\/\/schema.org","@graph":[{"@type":"WebPage","@id":"https:\/\/solidshoes.com\/?product=mickey-mouse-sneakers-4","url":"https:\/\/solidshoes.com\/?product=mickey-mouse-sneakers-4","name":"MICKEY MOUSE SNEAKERS - Solid Shoes","isPartOf":{"@id":"https:\/\/solidshoes.com\/#website"},"primaryImageOfPage":{"@id":"https:\/\/solidshoes.com\/?product=mickey-mouse-sneakers-4#primaryimage"},"image":{"@id":"https:\/\/solidshoes.com\/?product=mickey-mouse-sneakers-4#primaryimage"},"thumbnailUrl":"https:\/\/solidshoes.com\/wp-content\/uploads\/2026\/04\/6-8.png","datePublished":"2026-04-08T12:35:44+00:00","dateModified":"2026-04-08T12:35:45+00:00","breadcrumb":{"@id":"https:\/\/solidshoes.com\/?product=mickey-mouse-sneakers-4#breadcrumb"},"inLanguage":"en-US","potentialAction":[{"@type":"ReadAction","target":["https:\/\/solidshoes.com\/?product=mickey-mouse-sneakers-4"]}]},{"@type":"ImageObject","inLanguage":"en-US","@id":"https:\/\/solidshoes.com\/?product=mickey-mouse-sneakers-4#primaryimage","url":"https:\/\/solidshoes.com\/wp-content\/uploads\/2026\/04\/6-8.png","contentUrl":"https:\/\/solidshoes.com\/wp-content\/uploads\/2026\/04\/6-8.png","width":1179,"height":1149},{"@type":"BreadcrumbList","@id":"https:\/\/solidshoes.com\/?product=mickey-mouse-sneakers-4#breadcrumb","itemListElement":[{"@type":"ListItem","position":1,"name":"Home","item":"https:\/\/solidshoes.com\/"},{"@type":"ListItem","position":2,"name":"Shop","item":"https:\/\/solidshoes.com\/?page_id=9"},{"@type":"ListItem","position":3,"name":"MICKEY MOUSE SNEAKERS"}]},{"@type":"WebSite","@id":"https:\/\/solidshoes.com\/#website","url":"https:\/\/solidshoes.com\/","name":"Solid Shoes","description":"","potentialAction":[{"@type":"SearchAction","target":{"@type":"EntryPoint","urlTemplate":"https:\/\/solidshoes.com\/?s={search_term_string}"},"query-input":{"@type":"PropertyValueSpecification","valueRequired":true,"valueName":"search_term_string"}}],"inLanguage":"en-US"}]}},"brands":[],"_links":{"self":[{"href":"https:\/\/solidshoes.com\/index.php?rest_route=\/wp\/v2\/product\/8075","targetHints":{"allow":["GET"]}}],"collection":[{"href":"https:\/\/solidshoes.com\/index.php?rest_route=\/wp\/v2\/product"}],"about":[{"href":"https:\/\/solidshoes.com\/index.php?rest_route=\/wp\/v2\/types\/product"}],"replies":[{"embeddable":true,"href":"https:\/\/solidshoes.com\/index.php?rest_route=%2Fwp%2Fv2%2Fcomments&post=8075"}],"version-history":[{"count":1,"href":"https:\/\/solidshoes.com\/index.php?rest_route=\/wp\/v2\/product\/8075\/revisions"}],"predecessor-version":[{"id":8087,"href":"https:\/\/solidshoes.com\/index.php?rest_route=\/wp\/v2\/product\/8075\/revisions\/8087"}],"wp:featuredmedia":[{"embeddable":true,"href":"https:\/\/solidshoes.com\/index.php?rest_route=\/wp\/v2\/media\/8076"}],"wp:attachment":[{"href":"https:\/\/solidshoes.com\/index.php?rest_route=%2Fwp%2Fv2%2Fmedia&parent=8075"}],"wp:term":[{"taxonomy":"pwb-brand","embeddable":true,"href":"https:\/\/solidshoes.com\/index.php?rest_route=%2Fwp%2Fv2%2Fpwb-brand&post=8075"},{"taxonomy":"product_brand","embeddable":true,"href":"https:\/\/solidshoes.com\/index.php?rest_route=%2Fwp%2Fv2%2Fproduct_brand&post=8075"},{"taxonomy":"product_cat","embeddable":true,"href":"https:\/\/solidshoes.com\/index.php?rest_route=%2Fwp%2Fv2%2Fproduct_cat&post=8075"},{"taxonomy":"product_tag","embeddable":true,"href":"https:\/\/solidshoes.com\/index.php?rest_route=%2Fwp%2Fv2%2Fproduct_tag&post=8075"}],"curies":[{"name":"wp","href":"https:\/\/api.w.org\/{rel}","templated":true}]}}