{"id":7901,"date":"2026-04-07T08:10:32","date_gmt":"2026-04-07T08:10:32","guid":{"rendered":"https:\/\/solidshoes.com\/?post_type=product&#038;p=7901"},"modified":"2026-04-07T08:10:33","modified_gmt":"2026-04-07T08:10:33","slug":"sj-kids-4","status":"publish","type":"product","link":"https:\/\/solidshoes.com\/?product=sj-kids-4","title":{"rendered":"SJ KIDS"},"content":{"rendered":"<p data-start=\"0\" data-end=\"381\">Jo vet\u00ebm nj\u00eb fest\u00eb p\u00ebr k\u00ebmb\u00ebt tuaja, por edhe p\u00ebr planetin! Me 60% kthim energjie dhe me shtroja (insole) dhe lidh\u00ebse t\u00eb prodhuara nga materiale t\u00eb ricikluara, k\u00ebto atlete p\u00ebrshtaten me \u00e7do stil jetese aktiv dhe miq\u00ebsor ndaj mjedisit. A ju p\u00eblqen t\u00eb eksploroni gjat\u00eb dit\u00ebs dhe t\u00eb shijoni jet\u00ebn e gjall\u00eb t\u00eb nat\u00ebs? At\u00ebher\u00eb k\u00ebto atlete komode dhe me stil jan\u00eb zgjedhja e duhur p\u00ebr ju!<\/p>\n<p data-start=\"383\" data-end=\"732\" data-is-last-node=\"\" data-is-only-node=\"\"><strong data-start=\"383\" data-end=\"397\">Materiali:<\/strong>\u00a032% l\u00ebkur\u00eb + 57% poliester i ricikluar + 11% PU fleksib\u00ebl i ricikluar<br data-start=\"467\" data-end=\"470\" data-is-only-node=\"\" \/><strong data-start=\"470\" data-end=\"493\">Rreshtimi (lining):<\/strong>\u00a065% poliester i ricikluar + 35% poliester<br data-start=\"535\" data-end=\"538\" \/><strong data-start=\"538\" data-end=\"557\">Shtroja (sock):<\/strong>\u00a065% poliester i ricikluar + 35% poliester<br data-start=\"599\" data-end=\"602\" \/><strong data-start=\"602\" data-end=\"615\">Lidh\u00ebset:<\/strong>\u00a0100% poliester i ricikluar<br data-start=\"642\" data-end=\"645\" \/><strong data-start=\"645\" data-end=\"671\">Mes-shtresa (midsole):<\/strong>\u00a0100% EVA<br data-start=\"680\" data-end=\"683\" \/><strong data-start=\"683\" data-end=\"714\">Sholla e jashtme (outsole):<\/strong>\u00a045% gom\u00eb natyrale<\/p>\n","protected":false},"excerpt":{"rendered":"<p>Jo vet\u00ebm nj\u00eb fest\u00eb p\u00ebr k\u00ebmb\u00ebt tuaja, por edhe p\u00ebr planetin! Me 60% kthim energjie dhe me shtroja (insole) dhe lidh\u00ebse t\u00eb prodhuara nga materiale t\u00eb ricikluara, k\u00ebto atlete p\u00ebrshtaten me \u00e7do stil jetese aktiv dhe miq\u00ebsor ndaj mjedisit. A ju p\u00eblqen t\u00eb eksploroni gjat\u00eb dit\u00ebs dhe t\u00eb shijoni jet\u00ebn e gjall\u00eb t\u00eb nat\u00ebs? At\u00ebher\u00eb <\/p>\n<div><a class=\"zoli-read-more-link\" href=\"https:\/\/solidshoes.com\/?product=sj-kids-4\">Read More<span class=\"lexus-icon-Icon_Next\"><\/span><\/a><\/div>\n","protected":false},"featured_media":7902,"comment_status":"open","ping_status":"closed","template":"","meta":{"_acf_changed":false},"pwb-brand":[],"product_brand":[161],"product_cat":[211,209],"product_tag":[40,91,43],"class_list":{"0":"post-7901","1":"product","2":"type-product","3":"status-publish","4":"has-post-thumbnail","6":"product_brand-sj-lifestyle","7":"product_cat-djem","8":"product_cat-femije-2","9":"product_tag-comfort","10":"product_tag-extra-light","11":"product_tag-lekure-memory","13":"first","14":"instock","15":"shipping-taxable","16":"purchasable","17":"product-type-variable"},"acf":[],"yoast_head":"<!-- This site is optimized with the Yoast SEO plugin v23.9 - https:\/\/yoast.com\/wordpress\/plugins\/seo\/ -->\n<title>SJ KIDS - Solid Shoes<\/title>\n<meta name=\"robots\" content=\"index, follow, max-snippet:-1, max-image-preview:large, max-video-preview:-1\" \/>\n<link rel=\"canonical\" href=\"https:\/\/solidshoes.com\/?product=sj-kids-4\" \/>\n<meta property=\"og:locale\" content=\"en_US\" \/>\n<meta property=\"og:type\" content=\"article\" \/>\n<meta property=\"og:title\" content=\"SJ KIDS - Solid Shoes\" \/>\n<meta property=\"og:description\" content=\"Jo vet\u00ebm nj\u00eb fest\u00eb p\u00ebr k\u00ebmb\u00ebt tuaja, por edhe p\u00ebr planetin! Me 60% kthim energjie dhe me shtroja (insole) dhe lidh\u00ebse t\u00eb prodhuara nga materiale t\u00eb ricikluara, k\u00ebto atlete p\u00ebrshtaten me \u00e7do stil jetese aktiv dhe miq\u00ebsor ndaj mjedisit. A ju p\u00eblqen t\u00eb eksploroni gjat\u00eb dit\u00ebs dhe t\u00eb shijoni jet\u00ebn e gjall\u00eb t\u00eb nat\u00ebs? At\u00ebher\u00eb Read More\" \/>\n<meta property=\"og:url\" content=\"https:\/\/solidshoes.com\/?product=sj-kids-4\" \/>\n<meta property=\"og:site_name\" content=\"Solid Shoes\" \/>\n<meta property=\"article:modified_time\" content=\"2026-04-07T08:10:33+00:00\" \/>\n<meta property=\"og:image\" content=\"https:\/\/solidshoes.com\/wp-content\/uploads\/2026\/04\/1-13.png\" \/>\n\t<meta property=\"og:image:width\" content=\"1179\" \/>\n\t<meta property=\"og:image:height\" content=\"1149\" \/>\n\t<meta property=\"og:image:type\" content=\"image\/png\" \/>\n<meta name=\"twitter:card\" content=\"summary_large_image\" \/>\n<meta name=\"twitter:label1\" content=\"Est. reading time\" \/>\n\t<meta name=\"twitter:data1\" content=\"1 minute\" \/>\n<script type=\"application\/ld+json\" class=\"yoast-schema-graph\">{\"@context\":\"https:\/\/schema.org\",\"@graph\":[{\"@type\":\"WebPage\",\"@id\":\"https:\/\/solidshoes.com\/?product=sj-kids-4\",\"url\":\"https:\/\/solidshoes.com\/?product=sj-kids-4\",\"name\":\"SJ KIDS - Solid Shoes\",\"isPartOf\":{\"@id\":\"https:\/\/solidshoes.com\/#website\"},\"primaryImageOfPage\":{\"@id\":\"https:\/\/solidshoes.com\/?product=sj-kids-4#primaryimage\"},\"image\":{\"@id\":\"https:\/\/solidshoes.com\/?product=sj-kids-4#primaryimage\"},\"thumbnailUrl\":\"https:\/\/solidshoes.com\/wp-content\/uploads\/2026\/04\/1-13.png\",\"datePublished\":\"2026-04-07T08:10:32+00:00\",\"dateModified\":\"2026-04-07T08:10:33+00:00\",\"breadcrumb\":{\"@id\":\"https:\/\/solidshoes.com\/?product=sj-kids-4#breadcrumb\"},\"inLanguage\":\"en-US\",\"potentialAction\":[{\"@type\":\"ReadAction\",\"target\":[\"https:\/\/solidshoes.com\/?product=sj-kids-4\"]}]},{\"@type\":\"ImageObject\",\"inLanguage\":\"en-US\",\"@id\":\"https:\/\/solidshoes.com\/?product=sj-kids-4#primaryimage\",\"url\":\"https:\/\/solidshoes.com\/wp-content\/uploads\/2026\/04\/1-13.png\",\"contentUrl\":\"https:\/\/solidshoes.com\/wp-content\/uploads\/2026\/04\/1-13.png\",\"width\":1179,\"height\":1149},{\"@type\":\"BreadcrumbList\",\"@id\":\"https:\/\/solidshoes.com\/?product=sj-kids-4#breadcrumb\",\"itemListElement\":[{\"@type\":\"ListItem\",\"position\":1,\"name\":\"Home\",\"item\":\"https:\/\/solidshoes.com\/\"},{\"@type\":\"ListItem\",\"position\":2,\"name\":\"Shop\",\"item\":\"https:\/\/solidshoes.com\/?page_id=9\"},{\"@type\":\"ListItem\",\"position\":3,\"name\":\"SJ KIDS\"}]},{\"@type\":\"WebSite\",\"@id\":\"https:\/\/solidshoes.com\/#website\",\"url\":\"https:\/\/solidshoes.com\/\",\"name\":\"Solid Shoes\",\"description\":\"\",\"potentialAction\":[{\"@type\":\"SearchAction\",\"target\":{\"@type\":\"EntryPoint\",\"urlTemplate\":\"https:\/\/solidshoes.com\/?s={search_term_string}\"},\"query-input\":{\"@type\":\"PropertyValueSpecification\",\"valueRequired\":true,\"valueName\":\"search_term_string\"}}],\"inLanguage\":\"en-US\"}]}<\/script>\n<!-- \/ Yoast SEO plugin. -->","yoast_head_json":{"title":"SJ KIDS - Solid Shoes","robots":{"index":"index","follow":"follow","max-snippet":"max-snippet:-1","max-image-preview":"max-image-preview:large","max-video-preview":"max-video-preview:-1"},"canonical":"https:\/\/solidshoes.com\/?product=sj-kids-4","og_locale":"en_US","og_type":"article","og_title":"SJ KIDS - Solid Shoes","og_description":"Jo vet\u00ebm nj\u00eb fest\u00eb p\u00ebr k\u00ebmb\u00ebt tuaja, por edhe p\u00ebr planetin! Me 60% kthim energjie dhe me shtroja (insole) dhe lidh\u00ebse t\u00eb prodhuara nga materiale t\u00eb ricikluara, k\u00ebto atlete p\u00ebrshtaten me \u00e7do stil jetese aktiv dhe miq\u00ebsor ndaj mjedisit. A ju p\u00eblqen t\u00eb eksploroni gjat\u00eb dit\u00ebs dhe t\u00eb shijoni jet\u00ebn e gjall\u00eb t\u00eb nat\u00ebs? At\u00ebher\u00eb Read More","og_url":"https:\/\/solidshoes.com\/?product=sj-kids-4","og_site_name":"Solid Shoes","article_modified_time":"2026-04-07T08:10:33+00:00","og_image":[{"width":1179,"height":1149,"url":"https:\/\/solidshoes.com\/wp-content\/uploads\/2026\/04\/1-13.png","type":"image\/png"}],"twitter_card":"summary_large_image","twitter_misc":{"Est. reading time":"1 minute"},"schema":{"@context":"https:\/\/schema.org","@graph":[{"@type":"WebPage","@id":"https:\/\/solidshoes.com\/?product=sj-kids-4","url":"https:\/\/solidshoes.com\/?product=sj-kids-4","name":"SJ KIDS - Solid Shoes","isPartOf":{"@id":"https:\/\/solidshoes.com\/#website"},"primaryImageOfPage":{"@id":"https:\/\/solidshoes.com\/?product=sj-kids-4#primaryimage"},"image":{"@id":"https:\/\/solidshoes.com\/?product=sj-kids-4#primaryimage"},"thumbnailUrl":"https:\/\/solidshoes.com\/wp-content\/uploads\/2026\/04\/1-13.png","datePublished":"2026-04-07T08:10:32+00:00","dateModified":"2026-04-07T08:10:33+00:00","breadcrumb":{"@id":"https:\/\/solidshoes.com\/?product=sj-kids-4#breadcrumb"},"inLanguage":"en-US","potentialAction":[{"@type":"ReadAction","target":["https:\/\/solidshoes.com\/?product=sj-kids-4"]}]},{"@type":"ImageObject","inLanguage":"en-US","@id":"https:\/\/solidshoes.com\/?product=sj-kids-4#primaryimage","url":"https:\/\/solidshoes.com\/wp-content\/uploads\/2026\/04\/1-13.png","contentUrl":"https:\/\/solidshoes.com\/wp-content\/uploads\/2026\/04\/1-13.png","width":1179,"height":1149},{"@type":"BreadcrumbList","@id":"https:\/\/solidshoes.com\/?product=sj-kids-4#breadcrumb","itemListElement":[{"@type":"ListItem","position":1,"name":"Home","item":"https:\/\/solidshoes.com\/"},{"@type":"ListItem","position":2,"name":"Shop","item":"https:\/\/solidshoes.com\/?page_id=9"},{"@type":"ListItem","position":3,"name":"SJ KIDS"}]},{"@type":"WebSite","@id":"https:\/\/solidshoes.com\/#website","url":"https:\/\/solidshoes.com\/","name":"Solid Shoes","description":"","potentialAction":[{"@type":"SearchAction","target":{"@type":"EntryPoint","urlTemplate":"https:\/\/solidshoes.com\/?s={search_term_string}"},"query-input":{"@type":"PropertyValueSpecification","valueRequired":true,"valueName":"search_term_string"}}],"inLanguage":"en-US"}]}},"brands":[],"_links":{"self":[{"href":"https:\/\/solidshoes.com\/index.php?rest_route=\/wp\/v2\/product\/7901","targetHints":{"allow":["GET"]}}],"collection":[{"href":"https:\/\/solidshoes.com\/index.php?rest_route=\/wp\/v2\/product"}],"about":[{"href":"https:\/\/solidshoes.com\/index.php?rest_route=\/wp\/v2\/types\/product"}],"replies":[{"embeddable":true,"href":"https:\/\/solidshoes.com\/index.php?rest_route=%2Fwp%2Fv2%2Fcomments&post=7901"}],"version-history":[{"count":1,"href":"https:\/\/solidshoes.com\/index.php?rest_route=\/wp\/v2\/product\/7901\/revisions"}],"predecessor-version":[{"id":7922,"href":"https:\/\/solidshoes.com\/index.php?rest_route=\/wp\/v2\/product\/7901\/revisions\/7922"}],"wp:featuredmedia":[{"embeddable":true,"href":"https:\/\/solidshoes.com\/index.php?rest_route=\/wp\/v2\/media\/7902"}],"wp:attachment":[{"href":"https:\/\/solidshoes.com\/index.php?rest_route=%2Fwp%2Fv2%2Fmedia&parent=7901"}],"wp:term":[{"taxonomy":"pwb-brand","embeddable":true,"href":"https:\/\/solidshoes.com\/index.php?rest_route=%2Fwp%2Fv2%2Fpwb-brand&post=7901"},{"taxonomy":"product_brand","embeddable":true,"href":"https:\/\/solidshoes.com\/index.php?rest_route=%2Fwp%2Fv2%2Fproduct_brand&post=7901"},{"taxonomy":"product_cat","embeddable":true,"href":"https:\/\/solidshoes.com\/index.php?rest_route=%2Fwp%2Fv2%2Fproduct_cat&post=7901"},{"taxonomy":"product_tag","embeddable":true,"href":"https:\/\/solidshoes.com\/index.php?rest_route=%2Fwp%2Fv2%2Fproduct_tag&post=7901"}],"curies":[{"name":"wp","href":"https:\/\/api.w.org\/{rel}","templated":true}]}}