{"id":7498,"date":"2026-04-05T21:39:53","date_gmt":"2026-04-05T21:39:53","guid":{"rendered":"https:\/\/solidshoes.com\/?post_type=product&#038;p=7498"},"modified":"2026-04-05T21:39:54","modified_gmt":"2026-04-05T21:39:54","slug":"zoya","status":"publish","type":"product","link":"https:\/\/solidshoes.com\/?product=zoya","title":{"rendered":"ZOYA"},"content":{"rendered":"<p>Koleksioni yn\u00eb i k\u00ebpuc\u00ebve p\u00ebr femra sjell eleganc\u00eb dhe rehati n\u00eb \u00e7do hap. T\u00eb dizajnuara p\u00ebr stil modern dhe p\u00ebrdorim t\u00eb p\u00ebrditsh\u00ebm, k\u00ebpuc\u00ebt tona jan\u00eb t\u00eb lehta dhe shum\u00eb komode p\u00ebr k\u00ebmb\u00ebt, duke ju dh\u00ebn\u00eb ndjesin\u00eb e rehatis\u00eb gjat\u00eb gjith\u00eb dit\u00ebs.<\/p>\n","protected":false},"excerpt":{"rendered":"<p>Koleksioni yn\u00eb i k\u00ebpuc\u00ebve p\u00ebr femra sjell eleganc\u00eb dhe rehati n\u00eb \u00e7do hap. T\u00eb dizajnuara p\u00ebr stil modern dhe p\u00ebrdorim t\u00eb p\u00ebrditsh\u00ebm, k\u00ebpuc\u00ebt tona jan\u00eb t\u00eb lehta dhe shum\u00eb komode p\u00ebr k\u00ebmb\u00ebt, duke ju dh\u00ebn\u00eb ndjesin\u00eb e rehatis\u00eb gjat\u00eb gjith\u00eb dit\u00ebs. <\/p>\n<div><a class=\"zoli-read-more-link\" href=\"https:\/\/solidshoes.com\/?product=zoya\">Read More<span class=\"lexus-icon-Icon_Next\"><\/span><\/a><\/div>\n","protected":false},"featured_media":7499,"comment_status":"open","ping_status":"closed","template":"","meta":{"_acf_changed":false},"pwb-brand":[],"product_brand":[],"product_cat":[89,60],"product_tag":[40,91,43],"class_list":{"0":"post-7498","1":"product","2":"type-product","3":"status-publish","4":"has-post-thumbnail","6":"product_cat-femra","7":"product_cat-kepuce-per-femra","8":"product_tag-comfort","9":"product_tag-extra-light","10":"product_tag-lekure-memory","12":"first","13":"instock","14":"shipping-taxable","15":"purchasable","16":"product-type-variable"},"acf":[],"yoast_head":"<!-- This site is optimized with the Yoast SEO plugin v23.9 - https:\/\/yoast.com\/wordpress\/plugins\/seo\/ -->\n<title>ZOYA - Solid Shoes<\/title>\n<meta name=\"robots\" content=\"index, follow, max-snippet:-1, max-image-preview:large, max-video-preview:-1\" \/>\n<link rel=\"canonical\" href=\"https:\/\/solidshoes.com\/?product=zoya\" \/>\n<meta property=\"og:locale\" content=\"en_US\" \/>\n<meta property=\"og:type\" content=\"article\" \/>\n<meta property=\"og:title\" content=\"ZOYA - Solid Shoes\" \/>\n<meta property=\"og:description\" content=\"Koleksioni yn\u00eb i k\u00ebpuc\u00ebve p\u00ebr femra sjell eleganc\u00eb dhe rehati n\u00eb \u00e7do hap. T\u00eb dizajnuara p\u00ebr stil modern dhe p\u00ebrdorim t\u00eb p\u00ebrditsh\u00ebm, k\u00ebpuc\u00ebt tona jan\u00eb t\u00eb lehta dhe shum\u00eb komode p\u00ebr k\u00ebmb\u00ebt, duke ju dh\u00ebn\u00eb ndjesin\u00eb e rehatis\u00eb gjat\u00eb gjith\u00eb dit\u00ebs. Read More\" \/>\n<meta property=\"og:url\" content=\"https:\/\/solidshoes.com\/?product=zoya\" \/>\n<meta property=\"og:site_name\" content=\"Solid Shoes\" \/>\n<meta property=\"article:modified_time\" content=\"2026-04-05T21:39:54+00:00\" \/>\n<meta property=\"og:image\" content=\"https:\/\/solidshoes.com\/wp-content\/uploads\/2026\/04\/IMG_3281.png\" \/>\n\t<meta property=\"og:image:width\" content=\"1179\" \/>\n\t<meta property=\"og:image:height\" content=\"1149\" \/>\n\t<meta property=\"og:image:type\" content=\"image\/png\" \/>\n<meta name=\"twitter:card\" content=\"summary_large_image\" \/>\n<meta name=\"twitter:label1\" content=\"Est. reading time\" \/>\n\t<meta name=\"twitter:data1\" content=\"1 minute\" \/>\n<script type=\"application\/ld+json\" class=\"yoast-schema-graph\">{\"@context\":\"https:\/\/schema.org\",\"@graph\":[{\"@type\":\"WebPage\",\"@id\":\"https:\/\/solidshoes.com\/?product=zoya\",\"url\":\"https:\/\/solidshoes.com\/?product=zoya\",\"name\":\"ZOYA - Solid Shoes\",\"isPartOf\":{\"@id\":\"https:\/\/solidshoes.com\/#website\"},\"primaryImageOfPage\":{\"@id\":\"https:\/\/solidshoes.com\/?product=zoya#primaryimage\"},\"image\":{\"@id\":\"https:\/\/solidshoes.com\/?product=zoya#primaryimage\"},\"thumbnailUrl\":\"https:\/\/solidshoes.com\/wp-content\/uploads\/2026\/04\/IMG_3281.png\",\"datePublished\":\"2026-04-05T21:39:53+00:00\",\"dateModified\":\"2026-04-05T21:39:54+00:00\",\"breadcrumb\":{\"@id\":\"https:\/\/solidshoes.com\/?product=zoya#breadcrumb\"},\"inLanguage\":\"en-US\",\"potentialAction\":[{\"@type\":\"ReadAction\",\"target\":[\"https:\/\/solidshoes.com\/?product=zoya\"]}]},{\"@type\":\"ImageObject\",\"inLanguage\":\"en-US\",\"@id\":\"https:\/\/solidshoes.com\/?product=zoya#primaryimage\",\"url\":\"https:\/\/solidshoes.com\/wp-content\/uploads\/2026\/04\/IMG_3281.png\",\"contentUrl\":\"https:\/\/solidshoes.com\/wp-content\/uploads\/2026\/04\/IMG_3281.png\",\"width\":1179,\"height\":1149},{\"@type\":\"BreadcrumbList\",\"@id\":\"https:\/\/solidshoes.com\/?product=zoya#breadcrumb\",\"itemListElement\":[{\"@type\":\"ListItem\",\"position\":1,\"name\":\"Home\",\"item\":\"https:\/\/solidshoes.com\/\"},{\"@type\":\"ListItem\",\"position\":2,\"name\":\"Shop\",\"item\":\"https:\/\/solidshoes.com\/?page_id=9\"},{\"@type\":\"ListItem\",\"position\":3,\"name\":\"ZOYA\"}]},{\"@type\":\"WebSite\",\"@id\":\"https:\/\/solidshoes.com\/#website\",\"url\":\"https:\/\/solidshoes.com\/\",\"name\":\"Solid Shoes\",\"description\":\"\",\"potentialAction\":[{\"@type\":\"SearchAction\",\"target\":{\"@type\":\"EntryPoint\",\"urlTemplate\":\"https:\/\/solidshoes.com\/?s={search_term_string}\"},\"query-input\":{\"@type\":\"PropertyValueSpecification\",\"valueRequired\":true,\"valueName\":\"search_term_string\"}}],\"inLanguage\":\"en-US\"}]}<\/script>\n<!-- \/ Yoast SEO plugin. -->","yoast_head_json":{"title":"ZOYA - Solid Shoes","robots":{"index":"index","follow":"follow","max-snippet":"max-snippet:-1","max-image-preview":"max-image-preview:large","max-video-preview":"max-video-preview:-1"},"canonical":"https:\/\/solidshoes.com\/?product=zoya","og_locale":"en_US","og_type":"article","og_title":"ZOYA - Solid Shoes","og_description":"Koleksioni yn\u00eb i k\u00ebpuc\u00ebve p\u00ebr femra sjell eleganc\u00eb dhe rehati n\u00eb \u00e7do hap. T\u00eb dizajnuara p\u00ebr stil modern dhe p\u00ebrdorim t\u00eb p\u00ebrditsh\u00ebm, k\u00ebpuc\u00ebt tona jan\u00eb t\u00eb lehta dhe shum\u00eb komode p\u00ebr k\u00ebmb\u00ebt, duke ju dh\u00ebn\u00eb ndjesin\u00eb e rehatis\u00eb gjat\u00eb gjith\u00eb dit\u00ebs. Read More","og_url":"https:\/\/solidshoes.com\/?product=zoya","og_site_name":"Solid Shoes","article_modified_time":"2026-04-05T21:39:54+00:00","og_image":[{"width":1179,"height":1149,"url":"https:\/\/solidshoes.com\/wp-content\/uploads\/2026\/04\/IMG_3281.png","type":"image\/png"}],"twitter_card":"summary_large_image","twitter_misc":{"Est. reading time":"1 minute"},"schema":{"@context":"https:\/\/schema.org","@graph":[{"@type":"WebPage","@id":"https:\/\/solidshoes.com\/?product=zoya","url":"https:\/\/solidshoes.com\/?product=zoya","name":"ZOYA - Solid Shoes","isPartOf":{"@id":"https:\/\/solidshoes.com\/#website"},"primaryImageOfPage":{"@id":"https:\/\/solidshoes.com\/?product=zoya#primaryimage"},"image":{"@id":"https:\/\/solidshoes.com\/?product=zoya#primaryimage"},"thumbnailUrl":"https:\/\/solidshoes.com\/wp-content\/uploads\/2026\/04\/IMG_3281.png","datePublished":"2026-04-05T21:39:53+00:00","dateModified":"2026-04-05T21:39:54+00:00","breadcrumb":{"@id":"https:\/\/solidshoes.com\/?product=zoya#breadcrumb"},"inLanguage":"en-US","potentialAction":[{"@type":"ReadAction","target":["https:\/\/solidshoes.com\/?product=zoya"]}]},{"@type":"ImageObject","inLanguage":"en-US","@id":"https:\/\/solidshoes.com\/?product=zoya#primaryimage","url":"https:\/\/solidshoes.com\/wp-content\/uploads\/2026\/04\/IMG_3281.png","contentUrl":"https:\/\/solidshoes.com\/wp-content\/uploads\/2026\/04\/IMG_3281.png","width":1179,"height":1149},{"@type":"BreadcrumbList","@id":"https:\/\/solidshoes.com\/?product=zoya#breadcrumb","itemListElement":[{"@type":"ListItem","position":1,"name":"Home","item":"https:\/\/solidshoes.com\/"},{"@type":"ListItem","position":2,"name":"Shop","item":"https:\/\/solidshoes.com\/?page_id=9"},{"@type":"ListItem","position":3,"name":"ZOYA"}]},{"@type":"WebSite","@id":"https:\/\/solidshoes.com\/#website","url":"https:\/\/solidshoes.com\/","name":"Solid Shoes","description":"","potentialAction":[{"@type":"SearchAction","target":{"@type":"EntryPoint","urlTemplate":"https:\/\/solidshoes.com\/?s={search_term_string}"},"query-input":{"@type":"PropertyValueSpecification","valueRequired":true,"valueName":"search_term_string"}}],"inLanguage":"en-US"}]}},"brands":[],"_links":{"self":[{"href":"https:\/\/solidshoes.com\/index.php?rest_route=\/wp\/v2\/product\/7498","targetHints":{"allow":["GET"]}}],"collection":[{"href":"https:\/\/solidshoes.com\/index.php?rest_route=\/wp\/v2\/product"}],"about":[{"href":"https:\/\/solidshoes.com\/index.php?rest_route=\/wp\/v2\/types\/product"}],"replies":[{"embeddable":true,"href":"https:\/\/solidshoes.com\/index.php?rest_route=%2Fwp%2Fv2%2Fcomments&post=7498"}],"version-history":[{"count":1,"href":"https:\/\/solidshoes.com\/index.php?rest_route=\/wp\/v2\/product\/7498\/revisions"}],"predecessor-version":[{"id":7509,"href":"https:\/\/solidshoes.com\/index.php?rest_route=\/wp\/v2\/product\/7498\/revisions\/7509"}],"wp:featuredmedia":[{"embeddable":true,"href":"https:\/\/solidshoes.com\/index.php?rest_route=\/wp\/v2\/media\/7499"}],"wp:attachment":[{"href":"https:\/\/solidshoes.com\/index.php?rest_route=%2Fwp%2Fv2%2Fmedia&parent=7498"}],"wp:term":[{"taxonomy":"pwb-brand","embeddable":true,"href":"https:\/\/solidshoes.com\/index.php?rest_route=%2Fwp%2Fv2%2Fpwb-brand&post=7498"},{"taxonomy":"product_brand","embeddable":true,"href":"https:\/\/solidshoes.com\/index.php?rest_route=%2Fwp%2Fv2%2Fproduct_brand&post=7498"},{"taxonomy":"product_cat","embeddable":true,"href":"https:\/\/solidshoes.com\/index.php?rest_route=%2Fwp%2Fv2%2Fproduct_cat&post=7498"},{"taxonomy":"product_tag","embeddable":true,"href":"https:\/\/solidshoes.com\/index.php?rest_route=%2Fwp%2Fv2%2Fproduct_tag&post=7498"}],"curies":[{"name":"wp","href":"https:\/\/api.w.org\/{rel}","templated":true}]}}