{"id":7361,"date":"2025-11-05T10:29:22","date_gmt":"2025-11-05T10:29:22","guid":{"rendered":"https:\/\/solidshoes.com\/?post_type=product&#038;p=7361"},"modified":"2025-12-02T08:30:37","modified_gmt":"2025-12-02T08:30:37","slug":"kids-boots-6","status":"publish","type":"product","link":"https:\/\/solidshoes.com\/?product=kids-boots-6","title":{"rendered":"KIDS BOOTS"},"content":{"rendered":"<p>\u00c7izmet tona t\u00eb lehta p\u00ebr f\u00ebmij\u00eb jan\u00eb punuar me 100% l\u00ebkur\u00eb natyrale p\u00ebr t\u00eb garantuar cil\u00ebsi, frym\u00ebmarrje dhe q\u00ebndrueshm\u00ebri. Dizajni ergonomik ofron rehati maksimale dhe mb\u00ebshtetje p\u00ebr zhvillimin e sh\u00ebndetsh\u00ebm t\u00eb k\u00ebmb\u00ebve. Fal\u00eb pesh\u00ebs ultra t\u00eb leht\u00eb dhe mbrojtjes nga lag\u00ebshtira, ato jan\u00eb zgjedhja ideale p\u00ebr dit\u00ebt me shi, balt\u00eb apo loj\u00ebra t\u00eb p\u00ebrditshme. Me sistemin praktik t\u00eb veshjes, f\u00ebmij\u00ebt mund t\u2019i veshin vet\u00eb \u2013 p\u00ebr m\u00eb shum\u00eb pavar\u00ebsi dhe vet\u00ebbesim n\u00eb \u00e7do hap!<\/p>\n","protected":false},"excerpt":{"rendered":"<p>\u00c7izmet tona t\u00eb lehta p\u00ebr f\u00ebmij\u00eb jan\u00eb punuar me 100% l\u00ebkur\u00eb natyrale p\u00ebr t\u00eb garantuar cil\u00ebsi, frym\u00ebmarrje dhe q\u00ebndrueshm\u00ebri. Dizajni ergonomik ofron rehati maksimale dhe mb\u00ebshtetje p\u00ebr zhvillimin e sh\u00ebndetsh\u00ebm t\u00eb k\u00ebmb\u00ebve. Fal\u00eb pesh\u00ebs ultra t\u00eb leht\u00eb dhe mbrojtjes nga lag\u00ebshtira, ato jan\u00eb zgjedhja ideale p\u00ebr dit\u00ebt me shi, balt\u00eb apo loj\u00ebra t\u00eb p\u00ebrditshme. Me <\/p>\n<div><a class=\"zoli-read-more-link\" href=\"https:\/\/solidshoes.com\/?product=kids-boots-6\">Read More<span class=\"lexus-icon-Icon_Next\"><\/span><\/a><\/div>\n","protected":false},"featured_media":7373,"comment_status":"open","ping_status":"closed","template":"","meta":{"_acf_changed":false},"pwb-brand":[153],"product_brand":[149],"product_cat":[211,209],"product_tag":[159,40,91],"class_list":{"0":"post-7361","1":"product","2":"type-product","3":"status-publish","4":"has-post-thumbnail","6":"pwb-brand-solid","7":"product_brand-solid","8":"product_cat-djem","9":"product_cat-femije-2","10":"product_tag-100-lekure","11":"product_tag-comfort","12":"product_tag-extra-light","14":"first","15":"instock","16":"shipping-taxable","17":"purchasable","18":"product-type-variable"},"acf":[],"yoast_head":"<!-- This site is optimized with the Yoast SEO plugin v23.9 - https:\/\/yoast.com\/wordpress\/plugins\/seo\/ -->\n<title>KIDS BOOTS - Solid Shoes<\/title>\n<meta name=\"robots\" content=\"index, follow, max-snippet:-1, max-image-preview:large, max-video-preview:-1\" \/>\n<link rel=\"canonical\" href=\"https:\/\/solidshoes.com\/?product=kids-boots-6\" \/>\n<meta property=\"og:locale\" content=\"en_US\" \/>\n<meta property=\"og:type\" content=\"article\" \/>\n<meta property=\"og:title\" content=\"KIDS BOOTS - Solid Shoes\" \/>\n<meta property=\"og:description\" content=\"\u00c7izmet tona t\u00eb lehta p\u00ebr f\u00ebmij\u00eb jan\u00eb punuar me 100% l\u00ebkur\u00eb natyrale p\u00ebr t\u00eb garantuar cil\u00ebsi, frym\u00ebmarrje dhe q\u00ebndrueshm\u00ebri. Dizajni ergonomik ofron rehati maksimale dhe mb\u00ebshtetje p\u00ebr zhvillimin e sh\u00ebndetsh\u00ebm t\u00eb k\u00ebmb\u00ebve. Fal\u00eb pesh\u00ebs ultra t\u00eb leht\u00eb dhe mbrojtjes nga lag\u00ebshtira, ato jan\u00eb zgjedhja ideale p\u00ebr dit\u00ebt me shi, balt\u00eb apo loj\u00ebra t\u00eb p\u00ebrditshme. Me Read More\" \/>\n<meta property=\"og:url\" content=\"https:\/\/solidshoes.com\/?product=kids-boots-6\" \/>\n<meta property=\"og:site_name\" content=\"Solid Shoes\" \/>\n<meta property=\"article:modified_time\" content=\"2025-12-02T08:30:37+00:00\" \/>\n<meta property=\"og:image\" content=\"https:\/\/solidshoes.com\/wp-content\/uploads\/2025\/11\/16-2.png\" \/>\n\t<meta property=\"og:image:width\" content=\"737\" \/>\n\t<meta property=\"og:image:height\" content=\"718\" \/>\n\t<meta property=\"og:image:type\" content=\"image\/png\" \/>\n<meta name=\"twitter:card\" content=\"summary_large_image\" \/>\n<meta name=\"twitter:label1\" content=\"Est. reading time\" \/>\n\t<meta name=\"twitter:data1\" content=\"1 minute\" \/>\n<script type=\"application\/ld+json\" class=\"yoast-schema-graph\">{\"@context\":\"https:\/\/schema.org\",\"@graph\":[{\"@type\":\"WebPage\",\"@id\":\"https:\/\/solidshoes.com\/?product=kids-boots-6\",\"url\":\"https:\/\/solidshoes.com\/?product=kids-boots-6\",\"name\":\"KIDS BOOTS - Solid Shoes\",\"isPartOf\":{\"@id\":\"https:\/\/solidshoes.com\/#website\"},\"primaryImageOfPage\":{\"@id\":\"https:\/\/solidshoes.com\/?product=kids-boots-6#primaryimage\"},\"image\":{\"@id\":\"https:\/\/solidshoes.com\/?product=kids-boots-6#primaryimage\"},\"thumbnailUrl\":\"https:\/\/solidshoes.com\/wp-content\/uploads\/2025\/11\/16-2.png\",\"datePublished\":\"2025-11-05T10:29:22+00:00\",\"dateModified\":\"2025-12-02T08:30:37+00:00\",\"breadcrumb\":{\"@id\":\"https:\/\/solidshoes.com\/?product=kids-boots-6#breadcrumb\"},\"inLanguage\":\"en-US\",\"potentialAction\":[{\"@type\":\"ReadAction\",\"target\":[\"https:\/\/solidshoes.com\/?product=kids-boots-6\"]}]},{\"@type\":\"ImageObject\",\"inLanguage\":\"en-US\",\"@id\":\"https:\/\/solidshoes.com\/?product=kids-boots-6#primaryimage\",\"url\":\"https:\/\/solidshoes.com\/wp-content\/uploads\/2025\/11\/16-2.png\",\"contentUrl\":\"https:\/\/solidshoes.com\/wp-content\/uploads\/2025\/11\/16-2.png\",\"width\":737,\"height\":718},{\"@type\":\"BreadcrumbList\",\"@id\":\"https:\/\/solidshoes.com\/?product=kids-boots-6#breadcrumb\",\"itemListElement\":[{\"@type\":\"ListItem\",\"position\":1,\"name\":\"Home\",\"item\":\"https:\/\/solidshoes.com\/\"},{\"@type\":\"ListItem\",\"position\":2,\"name\":\"Shop\",\"item\":\"https:\/\/solidshoes.com\/?page_id=9\"},{\"@type\":\"ListItem\",\"position\":3,\"name\":\"KIDS BOOTS\"}]},{\"@type\":\"WebSite\",\"@id\":\"https:\/\/solidshoes.com\/#website\",\"url\":\"https:\/\/solidshoes.com\/\",\"name\":\"Solid Shoes\",\"description\":\"\",\"potentialAction\":[{\"@type\":\"SearchAction\",\"target\":{\"@type\":\"EntryPoint\",\"urlTemplate\":\"https:\/\/solidshoes.com\/?s={search_term_string}\"},\"query-input\":{\"@type\":\"PropertyValueSpecification\",\"valueRequired\":true,\"valueName\":\"search_term_string\"}}],\"inLanguage\":\"en-US\"}]}<\/script>\n<!-- \/ Yoast SEO plugin. -->","yoast_head_json":{"title":"KIDS BOOTS - Solid Shoes","robots":{"index":"index","follow":"follow","max-snippet":"max-snippet:-1","max-image-preview":"max-image-preview:large","max-video-preview":"max-video-preview:-1"},"canonical":"https:\/\/solidshoes.com\/?product=kids-boots-6","og_locale":"en_US","og_type":"article","og_title":"KIDS BOOTS - Solid Shoes","og_description":"\u00c7izmet tona t\u00eb lehta p\u00ebr f\u00ebmij\u00eb jan\u00eb punuar me 100% l\u00ebkur\u00eb natyrale p\u00ebr t\u00eb garantuar cil\u00ebsi, frym\u00ebmarrje dhe q\u00ebndrueshm\u00ebri. Dizajni ergonomik ofron rehati maksimale dhe mb\u00ebshtetje p\u00ebr zhvillimin e sh\u00ebndetsh\u00ebm t\u00eb k\u00ebmb\u00ebve. Fal\u00eb pesh\u00ebs ultra t\u00eb leht\u00eb dhe mbrojtjes nga lag\u00ebshtira, ato jan\u00eb zgjedhja ideale p\u00ebr dit\u00ebt me shi, balt\u00eb apo loj\u00ebra t\u00eb p\u00ebrditshme. Me Read More","og_url":"https:\/\/solidshoes.com\/?product=kids-boots-6","og_site_name":"Solid Shoes","article_modified_time":"2025-12-02T08:30:37+00:00","og_image":[{"width":737,"height":718,"url":"https:\/\/solidshoes.com\/wp-content\/uploads\/2025\/11\/16-2.png","type":"image\/png"}],"twitter_card":"summary_large_image","twitter_misc":{"Est. reading time":"1 minute"},"schema":{"@context":"https:\/\/schema.org","@graph":[{"@type":"WebPage","@id":"https:\/\/solidshoes.com\/?product=kids-boots-6","url":"https:\/\/solidshoes.com\/?product=kids-boots-6","name":"KIDS BOOTS - Solid Shoes","isPartOf":{"@id":"https:\/\/solidshoes.com\/#website"},"primaryImageOfPage":{"@id":"https:\/\/solidshoes.com\/?product=kids-boots-6#primaryimage"},"image":{"@id":"https:\/\/solidshoes.com\/?product=kids-boots-6#primaryimage"},"thumbnailUrl":"https:\/\/solidshoes.com\/wp-content\/uploads\/2025\/11\/16-2.png","datePublished":"2025-11-05T10:29:22+00:00","dateModified":"2025-12-02T08:30:37+00:00","breadcrumb":{"@id":"https:\/\/solidshoes.com\/?product=kids-boots-6#breadcrumb"},"inLanguage":"en-US","potentialAction":[{"@type":"ReadAction","target":["https:\/\/solidshoes.com\/?product=kids-boots-6"]}]},{"@type":"ImageObject","inLanguage":"en-US","@id":"https:\/\/solidshoes.com\/?product=kids-boots-6#primaryimage","url":"https:\/\/solidshoes.com\/wp-content\/uploads\/2025\/11\/16-2.png","contentUrl":"https:\/\/solidshoes.com\/wp-content\/uploads\/2025\/11\/16-2.png","width":737,"height":718},{"@type":"BreadcrumbList","@id":"https:\/\/solidshoes.com\/?product=kids-boots-6#breadcrumb","itemListElement":[{"@type":"ListItem","position":1,"name":"Home","item":"https:\/\/solidshoes.com\/"},{"@type":"ListItem","position":2,"name":"Shop","item":"https:\/\/solidshoes.com\/?page_id=9"},{"@type":"ListItem","position":3,"name":"KIDS BOOTS"}]},{"@type":"WebSite","@id":"https:\/\/solidshoes.com\/#website","url":"https:\/\/solidshoes.com\/","name":"Solid Shoes","description":"","potentialAction":[{"@type":"SearchAction","target":{"@type":"EntryPoint","urlTemplate":"https:\/\/solidshoes.com\/?s={search_term_string}"},"query-input":{"@type":"PropertyValueSpecification","valueRequired":true,"valueName":"search_term_string"}}],"inLanguage":"en-US"}]}},"brands":[{"id":153,"name":"Solid Shoes","slug":"solid"}],"_links":{"self":[{"href":"https:\/\/solidshoes.com\/index.php?rest_route=\/wp\/v2\/product\/7361","targetHints":{"allow":["GET"]}}],"collection":[{"href":"https:\/\/solidshoes.com\/index.php?rest_route=\/wp\/v2\/product"}],"about":[{"href":"https:\/\/solidshoes.com\/index.php?rest_route=\/wp\/v2\/types\/product"}],"replies":[{"embeddable":true,"href":"https:\/\/solidshoes.com\/index.php?rest_route=%2Fwp%2Fv2%2Fcomments&post=7361"}],"version-history":[{"count":1,"href":"https:\/\/solidshoes.com\/index.php?rest_route=\/wp\/v2\/product\/7361\/revisions"}],"predecessor-version":[{"id":7371,"href":"https:\/\/solidshoes.com\/index.php?rest_route=\/wp\/v2\/product\/7361\/revisions\/7371"}],"wp:featuredmedia":[{"embeddable":true,"href":"https:\/\/solidshoes.com\/index.php?rest_route=\/wp\/v2\/media\/7373"}],"wp:attachment":[{"href":"https:\/\/solidshoes.com\/index.php?rest_route=%2Fwp%2Fv2%2Fmedia&parent=7361"}],"wp:term":[{"taxonomy":"pwb-brand","embeddable":true,"href":"https:\/\/solidshoes.com\/index.php?rest_route=%2Fwp%2Fv2%2Fpwb-brand&post=7361"},{"taxonomy":"product_brand","embeddable":true,"href":"https:\/\/solidshoes.com\/index.php?rest_route=%2Fwp%2Fv2%2Fproduct_brand&post=7361"},{"taxonomy":"product_cat","embeddable":true,"href":"https:\/\/solidshoes.com\/index.php?rest_route=%2Fwp%2Fv2%2Fproduct_cat&post=7361"},{"taxonomy":"product_tag","embeddable":true,"href":"https:\/\/solidshoes.com\/index.php?rest_route=%2Fwp%2Fv2%2Fproduct_tag&post=7361"}],"curies":[{"name":"wp","href":"https:\/\/api.w.org\/{rel}","templated":true}]}}