{"id":7088,"date":"2025-10-17T22:40:17","date_gmt":"2025-10-17T22:40:17","guid":{"rendered":"https:\/\/solidshoes.com\/?post_type=product&#038;p=7088"},"modified":"2025-12-02T09:00:14","modified_gmt":"2025-12-02T09:00:14","slug":"kids-orthopedic-slippers-2","status":"publish","type":"product","link":"https:\/\/solidshoes.com\/?product=kids-orthopedic-slippers-2","title":{"rendered":"KIDS ORTHOPEDIC SLIPPERS"},"content":{"rendered":"<p>K\u00ebmb\u00ebt e f\u00ebmij\u00ebs tuaj jan\u00eb themeli i zhvillimit. Prandaj, zgjedhja e pandufeve t\u00eb duhura nuk \u00ebsht\u00eb vet\u00ebm \u00e7\u00ebshtje komoditeti, \u00ebsht\u00eb nj\u00eb vendim p\u00ebr sh\u00ebndetin e tij. Pandufet tona ortopedike jan\u00eb krijuar nga specialist\u00eb q\u00eb kuptojn\u00eb nevojat e k\u00ebmb\u00ebve n\u00eb rritje: ato mb\u00ebshtesin harkun, p\u00ebrmir\u00ebsojn\u00eb q\u00ebndrimin dhe parandalojn\u00eb deformimet e mundshme. Me materiale natyrale, t\u00eb buta dhe t\u00eb frym\u00ebmarrshme, \u00e7do hap b\u00ebhet i sigurt dhe i rehatsh\u00ebm. Zgjidhje e men\u00e7ur p\u00ebr prind\u00ebrit q\u00eb k\u00ebrkojn\u00eb m\u00eb t\u00eb mir\u00ebn p\u00ebr f\u00ebmij\u00ebt e tyre<\/p>\n","protected":false},"excerpt":{"rendered":"<p>K\u00ebmb\u00ebt e f\u00ebmij\u00ebs tuaj jan\u00eb themeli i zhvillimit. Prandaj, zgjedhja e pandufeve t\u00eb duhura nuk \u00ebsht\u00eb vet\u00ebm \u00e7\u00ebshtje komoditeti, \u00ebsht\u00eb nj\u00eb vendim p\u00ebr sh\u00ebndetin e tij. Pandufet tona ortopedike jan\u00eb krijuar nga specialist\u00eb q\u00eb kuptojn\u00eb nevojat e k\u00ebmb\u00ebve n\u00eb rritje: ato mb\u00ebshtesin harkun, p\u00ebrmir\u00ebsojn\u00eb q\u00ebndrimin dhe parandalojn\u00eb deformimet e mundshme. Me materiale natyrale, t\u00eb buta <\/p>\n<div><a class=\"zoli-read-more-link\" href=\"https:\/\/solidshoes.com\/?product=kids-orthopedic-slippers-2\">Read More<span class=\"lexus-icon-Icon_Next\"><\/span><\/a><\/div>\n","protected":false},"featured_media":7072,"comment_status":"open","ping_status":"closed","template":"","meta":{"_acf_changed":false},"pwb-brand":[153],"product_brand":[149],"product_cat":[209,210],"product_tag":[40,91,42,43],"class_list":{"0":"post-7088","1":"product","2":"type-product","3":"status-publish","4":"has-post-thumbnail","6":"pwb-brand-solid","7":"product_brand-solid","8":"product_cat-femije-2","9":"product_cat-vajza","10":"product_tag-comfort","11":"product_tag-extra-light","12":"product_tag-ortopedike","13":"product_tag-lekure-memory","15":"first","16":"instock","17":"shipping-taxable","18":"purchasable","19":"product-type-variable"},"acf":[],"yoast_head":"<!-- This site is optimized with the Yoast SEO plugin v23.9 - https:\/\/yoast.com\/wordpress\/plugins\/seo\/ -->\n<title>KIDS ORTHOPEDIC SLIPPERS - Solid Shoes<\/title>\n<meta name=\"robots\" content=\"index, follow, max-snippet:-1, max-image-preview:large, max-video-preview:-1\" \/>\n<link rel=\"canonical\" href=\"https:\/\/solidshoes.com\/?product=kids-orthopedic-slippers-2\" \/>\n<meta property=\"og:locale\" content=\"en_US\" \/>\n<meta property=\"og:type\" content=\"article\" \/>\n<meta property=\"og:title\" content=\"KIDS ORTHOPEDIC SLIPPERS - Solid Shoes\" \/>\n<meta property=\"og:description\" content=\"K\u00ebmb\u00ebt e f\u00ebmij\u00ebs tuaj jan\u00eb themeli i zhvillimit. Prandaj, zgjedhja e pandufeve t\u00eb duhura nuk \u00ebsht\u00eb vet\u00ebm \u00e7\u00ebshtje komoditeti, \u00ebsht\u00eb nj\u00eb vendim p\u00ebr sh\u00ebndetin e tij. Pandufet tona ortopedike jan\u00eb krijuar nga specialist\u00eb q\u00eb kuptojn\u00eb nevojat e k\u00ebmb\u00ebve n\u00eb rritje: ato mb\u00ebshtesin harkun, p\u00ebrmir\u00ebsojn\u00eb q\u00ebndrimin dhe parandalojn\u00eb deformimet e mundshme. Me materiale natyrale, t\u00eb buta Read More\" \/>\n<meta property=\"og:url\" content=\"https:\/\/solidshoes.com\/?product=kids-orthopedic-slippers-2\" \/>\n<meta property=\"og:site_name\" content=\"Solid Shoes\" \/>\n<meta property=\"article:modified_time\" content=\"2025-12-02T09:00:14+00:00\" \/>\n<meta property=\"og:image\" content=\"https:\/\/solidshoes.com\/wp-content\/uploads\/2025\/10\/2-1.png\" \/>\n\t<meta property=\"og:image:width\" content=\"737\" \/>\n\t<meta property=\"og:image:height\" content=\"718\" \/>\n\t<meta property=\"og:image:type\" content=\"image\/png\" \/>\n<meta name=\"twitter:card\" content=\"summary_large_image\" \/>\n<meta name=\"twitter:label1\" content=\"Est. reading time\" \/>\n\t<meta name=\"twitter:data1\" content=\"1 minute\" \/>\n<script type=\"application\/ld+json\" class=\"yoast-schema-graph\">{\"@context\":\"https:\/\/schema.org\",\"@graph\":[{\"@type\":\"WebPage\",\"@id\":\"https:\/\/solidshoes.com\/?product=kids-orthopedic-slippers-2\",\"url\":\"https:\/\/solidshoes.com\/?product=kids-orthopedic-slippers-2\",\"name\":\"KIDS ORTHOPEDIC SLIPPERS - Solid Shoes\",\"isPartOf\":{\"@id\":\"https:\/\/solidshoes.com\/#website\"},\"primaryImageOfPage\":{\"@id\":\"https:\/\/solidshoes.com\/?product=kids-orthopedic-slippers-2#primaryimage\"},\"image\":{\"@id\":\"https:\/\/solidshoes.com\/?product=kids-orthopedic-slippers-2#primaryimage\"},\"thumbnailUrl\":\"https:\/\/solidshoes.com\/wp-content\/uploads\/2025\/10\/2-1.png\",\"datePublished\":\"2025-10-17T22:40:17+00:00\",\"dateModified\":\"2025-12-02T09:00:14+00:00\",\"breadcrumb\":{\"@id\":\"https:\/\/solidshoes.com\/?product=kids-orthopedic-slippers-2#breadcrumb\"},\"inLanguage\":\"en-US\",\"potentialAction\":[{\"@type\":\"ReadAction\",\"target\":[\"https:\/\/solidshoes.com\/?product=kids-orthopedic-slippers-2\"]}]},{\"@type\":\"ImageObject\",\"inLanguage\":\"en-US\",\"@id\":\"https:\/\/solidshoes.com\/?product=kids-orthopedic-slippers-2#primaryimage\",\"url\":\"https:\/\/solidshoes.com\/wp-content\/uploads\/2025\/10\/2-1.png\",\"contentUrl\":\"https:\/\/solidshoes.com\/wp-content\/uploads\/2025\/10\/2-1.png\",\"width\":737,\"height\":718},{\"@type\":\"BreadcrumbList\",\"@id\":\"https:\/\/solidshoes.com\/?product=kids-orthopedic-slippers-2#breadcrumb\",\"itemListElement\":[{\"@type\":\"ListItem\",\"position\":1,\"name\":\"Home\",\"item\":\"https:\/\/solidshoes.com\/\"},{\"@type\":\"ListItem\",\"position\":2,\"name\":\"Shop\",\"item\":\"https:\/\/solidshoes.com\/?page_id=9\"},{\"@type\":\"ListItem\",\"position\":3,\"name\":\"KIDS ORTHOPEDIC SLIPPERS\"}]},{\"@type\":\"WebSite\",\"@id\":\"https:\/\/solidshoes.com\/#website\",\"url\":\"https:\/\/solidshoes.com\/\",\"name\":\"Solid Shoes\",\"description\":\"\",\"potentialAction\":[{\"@type\":\"SearchAction\",\"target\":{\"@type\":\"EntryPoint\",\"urlTemplate\":\"https:\/\/solidshoes.com\/?s={search_term_string}\"},\"query-input\":{\"@type\":\"PropertyValueSpecification\",\"valueRequired\":true,\"valueName\":\"search_term_string\"}}],\"inLanguage\":\"en-US\"}]}<\/script>\n<!-- \/ Yoast SEO plugin. -->","yoast_head_json":{"title":"KIDS ORTHOPEDIC SLIPPERS - Solid Shoes","robots":{"index":"index","follow":"follow","max-snippet":"max-snippet:-1","max-image-preview":"max-image-preview:large","max-video-preview":"max-video-preview:-1"},"canonical":"https:\/\/solidshoes.com\/?product=kids-orthopedic-slippers-2","og_locale":"en_US","og_type":"article","og_title":"KIDS ORTHOPEDIC SLIPPERS - Solid Shoes","og_description":"K\u00ebmb\u00ebt e f\u00ebmij\u00ebs tuaj jan\u00eb themeli i zhvillimit. Prandaj, zgjedhja e pandufeve t\u00eb duhura nuk \u00ebsht\u00eb vet\u00ebm \u00e7\u00ebshtje komoditeti, \u00ebsht\u00eb nj\u00eb vendim p\u00ebr sh\u00ebndetin e tij. Pandufet tona ortopedike jan\u00eb krijuar nga specialist\u00eb q\u00eb kuptojn\u00eb nevojat e k\u00ebmb\u00ebve n\u00eb rritje: ato mb\u00ebshtesin harkun, p\u00ebrmir\u00ebsojn\u00eb q\u00ebndrimin dhe parandalojn\u00eb deformimet e mundshme. Me materiale natyrale, t\u00eb buta Read More","og_url":"https:\/\/solidshoes.com\/?product=kids-orthopedic-slippers-2","og_site_name":"Solid Shoes","article_modified_time":"2025-12-02T09:00:14+00:00","og_image":[{"width":737,"height":718,"url":"https:\/\/solidshoes.com\/wp-content\/uploads\/2025\/10\/2-1.png","type":"image\/png"}],"twitter_card":"summary_large_image","twitter_misc":{"Est. reading time":"1 minute"},"schema":{"@context":"https:\/\/schema.org","@graph":[{"@type":"WebPage","@id":"https:\/\/solidshoes.com\/?product=kids-orthopedic-slippers-2","url":"https:\/\/solidshoes.com\/?product=kids-orthopedic-slippers-2","name":"KIDS ORTHOPEDIC SLIPPERS - Solid Shoes","isPartOf":{"@id":"https:\/\/solidshoes.com\/#website"},"primaryImageOfPage":{"@id":"https:\/\/solidshoes.com\/?product=kids-orthopedic-slippers-2#primaryimage"},"image":{"@id":"https:\/\/solidshoes.com\/?product=kids-orthopedic-slippers-2#primaryimage"},"thumbnailUrl":"https:\/\/solidshoes.com\/wp-content\/uploads\/2025\/10\/2-1.png","datePublished":"2025-10-17T22:40:17+00:00","dateModified":"2025-12-02T09:00:14+00:00","breadcrumb":{"@id":"https:\/\/solidshoes.com\/?product=kids-orthopedic-slippers-2#breadcrumb"},"inLanguage":"en-US","potentialAction":[{"@type":"ReadAction","target":["https:\/\/solidshoes.com\/?product=kids-orthopedic-slippers-2"]}]},{"@type":"ImageObject","inLanguage":"en-US","@id":"https:\/\/solidshoes.com\/?product=kids-orthopedic-slippers-2#primaryimage","url":"https:\/\/solidshoes.com\/wp-content\/uploads\/2025\/10\/2-1.png","contentUrl":"https:\/\/solidshoes.com\/wp-content\/uploads\/2025\/10\/2-1.png","width":737,"height":718},{"@type":"BreadcrumbList","@id":"https:\/\/solidshoes.com\/?product=kids-orthopedic-slippers-2#breadcrumb","itemListElement":[{"@type":"ListItem","position":1,"name":"Home","item":"https:\/\/solidshoes.com\/"},{"@type":"ListItem","position":2,"name":"Shop","item":"https:\/\/solidshoes.com\/?page_id=9"},{"@type":"ListItem","position":3,"name":"KIDS ORTHOPEDIC SLIPPERS"}]},{"@type":"WebSite","@id":"https:\/\/solidshoes.com\/#website","url":"https:\/\/solidshoes.com\/","name":"Solid Shoes","description":"","potentialAction":[{"@type":"SearchAction","target":{"@type":"EntryPoint","urlTemplate":"https:\/\/solidshoes.com\/?s={search_term_string}"},"query-input":{"@type":"PropertyValueSpecification","valueRequired":true,"valueName":"search_term_string"}}],"inLanguage":"en-US"}]}},"brands":[{"id":153,"name":"Solid Shoes","slug":"solid"}],"_links":{"self":[{"href":"https:\/\/solidshoes.com\/index.php?rest_route=\/wp\/v2\/product\/7088","targetHints":{"allow":["GET"]}}],"collection":[{"href":"https:\/\/solidshoes.com\/index.php?rest_route=\/wp\/v2\/product"}],"about":[{"href":"https:\/\/solidshoes.com\/index.php?rest_route=\/wp\/v2\/types\/product"}],"replies":[{"embeddable":true,"href":"https:\/\/solidshoes.com\/index.php?rest_route=%2Fwp%2Fv2%2Fcomments&post=7088"}],"version-history":[{"count":1,"href":"https:\/\/solidshoes.com\/index.php?rest_route=\/wp\/v2\/product\/7088\/revisions"}],"predecessor-version":[{"id":7100,"href":"https:\/\/solidshoes.com\/index.php?rest_route=\/wp\/v2\/product\/7088\/revisions\/7100"}],"wp:featuredmedia":[{"embeddable":true,"href":"https:\/\/solidshoes.com\/index.php?rest_route=\/wp\/v2\/media\/7072"}],"wp:attachment":[{"href":"https:\/\/solidshoes.com\/index.php?rest_route=%2Fwp%2Fv2%2Fmedia&parent=7088"}],"wp:term":[{"taxonomy":"pwb-brand","embeddable":true,"href":"https:\/\/solidshoes.com\/index.php?rest_route=%2Fwp%2Fv2%2Fpwb-brand&post=7088"},{"taxonomy":"product_brand","embeddable":true,"href":"https:\/\/solidshoes.com\/index.php?rest_route=%2Fwp%2Fv2%2Fproduct_brand&post=7088"},{"taxonomy":"product_cat","embeddable":true,"href":"https:\/\/solidshoes.com\/index.php?rest_route=%2Fwp%2Fv2%2Fproduct_cat&post=7088"},{"taxonomy":"product_tag","embeddable":true,"href":"https:\/\/solidshoes.com\/index.php?rest_route=%2Fwp%2Fv2%2Fproduct_tag&post=7088"}],"curies":[{"name":"wp","href":"https:\/\/api.w.org\/{rel}","templated":true}]}}