{"id":6950,"date":"2025-10-06T20:46:09","date_gmt":"2025-10-06T20:46:09","guid":{"rendered":"https:\/\/solidshoes.com\/?post_type=product&#038;p=6950"},"modified":"2025-10-06T20:47:04","modified_gmt":"2025-10-06T20:47:04","slug":"walky","status":"publish","type":"product","link":"https:\/\/solidshoes.com\/?product=walky","title":{"rendered":"WALKY"},"content":{"rendered":"<p>E krijuara p\u00ebr gruan q\u00eb k\u00ebrkon m\u00eb shum\u00eb se mod\u00eb \u2013 k\u00ebrkon cil\u00ebsi, komoditet dhe q\u00ebndrueshm\u00ebri.<br data-start=\"446\" data-end=\"449\" \/>\u00c7izmet tona jan\u00eb punuar me\u00a0<strong data-start=\"476\" data-end=\"502\">100% l\u00ebkur\u00eb origjinale<\/strong>, t\u00eb p\u00ebrpunuar me kujdes p\u00ebr t\u00eb ruajtur natyralitetin dhe but\u00ebsin\u00eb q\u00eb e b\u00ebn \u00e7do hap nj\u00eb p\u00ebrvoj\u00eb luksoze.<br data-start=\"606\" data-end=\"609\" \/>Dizajni modern i kombinuar me mjesht\u00ebrin\u00eb tradicionale sjell nj\u00eb pal\u00eb \u00e7izme q\u00eb nuk dalin kurr\u00eb nga moda.<\/p>\n","protected":false},"excerpt":{"rendered":"<p>E krijuara p\u00ebr gruan q\u00eb k\u00ebrkon m\u00eb shum\u00eb se mod\u00eb \u2013 k\u00ebrkon cil\u00ebsi, komoditet dhe q\u00ebndrueshm\u00ebri.\u00c7izmet tona jan\u00eb punuar me\u00a0100% l\u00ebkur\u00eb origjinale, t\u00eb p\u00ebrpunuar me kujdes p\u00ebr t\u00eb ruajtur natyralitetin dhe but\u00ebsin\u00eb q\u00eb e b\u00ebn \u00e7do hap nj\u00eb p\u00ebrvoj\u00eb luksoze.Dizajni modern i kombinuar me mjesht\u00ebrin\u00eb tradicionale sjell nj\u00eb pal\u00eb \u00e7izme q\u00eb nuk dalin kurr\u00eb nga <\/p>\n<div><a class=\"zoli-read-more-link\" href=\"https:\/\/solidshoes.com\/?product=walky\">Read More<span class=\"lexus-icon-Icon_Next\"><\/span><\/a><\/div>\n","protected":false},"featured_media":6951,"comment_status":"open","ping_status":"closed","template":"","meta":{"_acf_changed":false},"pwb-brand":[153],"product_brand":[149],"product_cat":[157,89],"product_tag":[41,159,40],"class_list":{"0":"post-6950","1":"product","2":"type-product","3":"status-publish","4":"has-post-thumbnail","6":"pwb-brand-solid","7":"product_brand-solid","8":"product_cat-cizme-per-femra","9":"product_cat-femra","10":"product_tag-100-punedore","11":"product_tag-100-lekure","12":"product_tag-comfort","14":"first","15":"instock","16":"sale","17":"shipping-taxable","18":"purchasable","19":"product-type-variable"},"acf":[],"yoast_head":"<!-- This site is optimized with the Yoast SEO plugin v23.9 - https:\/\/yoast.com\/wordpress\/plugins\/seo\/ -->\n<title>WALKY - Solid Shoes<\/title>\n<meta name=\"robots\" content=\"index, follow, max-snippet:-1, max-image-preview:large, max-video-preview:-1\" \/>\n<link rel=\"canonical\" href=\"https:\/\/solidshoes.com\/?product=walky\" \/>\n<meta property=\"og:locale\" content=\"en_US\" \/>\n<meta property=\"og:type\" content=\"article\" \/>\n<meta property=\"og:title\" content=\"WALKY - Solid Shoes\" \/>\n<meta property=\"og:description\" content=\"E krijuara p\u00ebr gruan q\u00eb k\u00ebrkon m\u00eb shum\u00eb se mod\u00eb \u2013 k\u00ebrkon cil\u00ebsi, komoditet dhe q\u00ebndrueshm\u00ebri.\u00c7izmet tona jan\u00eb punuar me\u00a0100% l\u00ebkur\u00eb origjinale, t\u00eb p\u00ebrpunuar me kujdes p\u00ebr t\u00eb ruajtur natyralitetin dhe but\u00ebsin\u00eb q\u00eb e b\u00ebn \u00e7do hap nj\u00eb p\u00ebrvoj\u00eb luksoze.Dizajni modern i kombinuar me mjesht\u00ebrin\u00eb tradicionale sjell nj\u00eb pal\u00eb \u00e7izme q\u00eb nuk dalin kurr\u00eb nga Read More\" \/>\n<meta property=\"og:url\" content=\"https:\/\/solidshoes.com\/?product=walky\" \/>\n<meta property=\"og:site_name\" content=\"Solid Shoes\" \/>\n<meta property=\"article:modified_time\" content=\"2025-10-06T20:47:04+00:00\" \/>\n<meta property=\"og:image\" content=\"https:\/\/solidshoes.com\/wp-content\/uploads\/2025\/10\/57.png\" \/>\n\t<meta property=\"og:image:width\" content=\"590\" \/>\n\t<meta property=\"og:image:height\" content=\"575\" \/>\n\t<meta property=\"og:image:type\" content=\"image\/png\" \/>\n<meta name=\"twitter:card\" content=\"summary_large_image\" \/>\n<meta name=\"twitter:label1\" content=\"Est. reading time\" \/>\n\t<meta name=\"twitter:data1\" content=\"1 minute\" \/>\n<script type=\"application\/ld+json\" class=\"yoast-schema-graph\">{\"@context\":\"https:\/\/schema.org\",\"@graph\":[{\"@type\":\"WebPage\",\"@id\":\"https:\/\/solidshoes.com\/?product=walky\",\"url\":\"https:\/\/solidshoes.com\/?product=walky\",\"name\":\"WALKY - Solid Shoes\",\"isPartOf\":{\"@id\":\"https:\/\/solidshoes.com\/#website\"},\"primaryImageOfPage\":{\"@id\":\"https:\/\/solidshoes.com\/?product=walky#primaryimage\"},\"image\":{\"@id\":\"https:\/\/solidshoes.com\/?product=walky#primaryimage\"},\"thumbnailUrl\":\"https:\/\/solidshoes.com\/wp-content\/uploads\/2025\/10\/57.png\",\"datePublished\":\"2025-10-06T20:46:09+00:00\",\"dateModified\":\"2025-10-06T20:47:04+00:00\",\"breadcrumb\":{\"@id\":\"https:\/\/solidshoes.com\/?product=walky#breadcrumb\"},\"inLanguage\":\"en-US\",\"potentialAction\":[{\"@type\":\"ReadAction\",\"target\":[\"https:\/\/solidshoes.com\/?product=walky\"]}]},{\"@type\":\"ImageObject\",\"inLanguage\":\"en-US\",\"@id\":\"https:\/\/solidshoes.com\/?product=walky#primaryimage\",\"url\":\"https:\/\/solidshoes.com\/wp-content\/uploads\/2025\/10\/57.png\",\"contentUrl\":\"https:\/\/solidshoes.com\/wp-content\/uploads\/2025\/10\/57.png\",\"width\":590,\"height\":575},{\"@type\":\"BreadcrumbList\",\"@id\":\"https:\/\/solidshoes.com\/?product=walky#breadcrumb\",\"itemListElement\":[{\"@type\":\"ListItem\",\"position\":1,\"name\":\"Home\",\"item\":\"https:\/\/solidshoes.com\/\"},{\"@type\":\"ListItem\",\"position\":2,\"name\":\"Shop\",\"item\":\"https:\/\/solidshoes.com\/?page_id=9\"},{\"@type\":\"ListItem\",\"position\":3,\"name\":\"WALKY\"}]},{\"@type\":\"WebSite\",\"@id\":\"https:\/\/solidshoes.com\/#website\",\"url\":\"https:\/\/solidshoes.com\/\",\"name\":\"Solid Shoes\",\"description\":\"\",\"potentialAction\":[{\"@type\":\"SearchAction\",\"target\":{\"@type\":\"EntryPoint\",\"urlTemplate\":\"https:\/\/solidshoes.com\/?s={search_term_string}\"},\"query-input\":{\"@type\":\"PropertyValueSpecification\",\"valueRequired\":true,\"valueName\":\"search_term_string\"}}],\"inLanguage\":\"en-US\"}]}<\/script>\n<!-- \/ Yoast SEO plugin. -->","yoast_head_json":{"title":"WALKY - Solid Shoes","robots":{"index":"index","follow":"follow","max-snippet":"max-snippet:-1","max-image-preview":"max-image-preview:large","max-video-preview":"max-video-preview:-1"},"canonical":"https:\/\/solidshoes.com\/?product=walky","og_locale":"en_US","og_type":"article","og_title":"WALKY - Solid Shoes","og_description":"E krijuara p\u00ebr gruan q\u00eb k\u00ebrkon m\u00eb shum\u00eb se mod\u00eb \u2013 k\u00ebrkon cil\u00ebsi, komoditet dhe q\u00ebndrueshm\u00ebri.\u00c7izmet tona jan\u00eb punuar me\u00a0100% l\u00ebkur\u00eb origjinale, t\u00eb p\u00ebrpunuar me kujdes p\u00ebr t\u00eb ruajtur natyralitetin dhe but\u00ebsin\u00eb q\u00eb e b\u00ebn \u00e7do hap nj\u00eb p\u00ebrvoj\u00eb luksoze.Dizajni modern i kombinuar me mjesht\u00ebrin\u00eb tradicionale sjell nj\u00eb pal\u00eb \u00e7izme q\u00eb nuk dalin kurr\u00eb nga Read More","og_url":"https:\/\/solidshoes.com\/?product=walky","og_site_name":"Solid Shoes","article_modified_time":"2025-10-06T20:47:04+00:00","og_image":[{"width":590,"height":575,"url":"https:\/\/solidshoes.com\/wp-content\/uploads\/2025\/10\/57.png","type":"image\/png"}],"twitter_card":"summary_large_image","twitter_misc":{"Est. reading time":"1 minute"},"schema":{"@context":"https:\/\/schema.org","@graph":[{"@type":"WebPage","@id":"https:\/\/solidshoes.com\/?product=walky","url":"https:\/\/solidshoes.com\/?product=walky","name":"WALKY - Solid Shoes","isPartOf":{"@id":"https:\/\/solidshoes.com\/#website"},"primaryImageOfPage":{"@id":"https:\/\/solidshoes.com\/?product=walky#primaryimage"},"image":{"@id":"https:\/\/solidshoes.com\/?product=walky#primaryimage"},"thumbnailUrl":"https:\/\/solidshoes.com\/wp-content\/uploads\/2025\/10\/57.png","datePublished":"2025-10-06T20:46:09+00:00","dateModified":"2025-10-06T20:47:04+00:00","breadcrumb":{"@id":"https:\/\/solidshoes.com\/?product=walky#breadcrumb"},"inLanguage":"en-US","potentialAction":[{"@type":"ReadAction","target":["https:\/\/solidshoes.com\/?product=walky"]}]},{"@type":"ImageObject","inLanguage":"en-US","@id":"https:\/\/solidshoes.com\/?product=walky#primaryimage","url":"https:\/\/solidshoes.com\/wp-content\/uploads\/2025\/10\/57.png","contentUrl":"https:\/\/solidshoes.com\/wp-content\/uploads\/2025\/10\/57.png","width":590,"height":575},{"@type":"BreadcrumbList","@id":"https:\/\/solidshoes.com\/?product=walky#breadcrumb","itemListElement":[{"@type":"ListItem","position":1,"name":"Home","item":"https:\/\/solidshoes.com\/"},{"@type":"ListItem","position":2,"name":"Shop","item":"https:\/\/solidshoes.com\/?page_id=9"},{"@type":"ListItem","position":3,"name":"WALKY"}]},{"@type":"WebSite","@id":"https:\/\/solidshoes.com\/#website","url":"https:\/\/solidshoes.com\/","name":"Solid Shoes","description":"","potentialAction":[{"@type":"SearchAction","target":{"@type":"EntryPoint","urlTemplate":"https:\/\/solidshoes.com\/?s={search_term_string}"},"query-input":{"@type":"PropertyValueSpecification","valueRequired":true,"valueName":"search_term_string"}}],"inLanguage":"en-US"}]}},"brands":[{"id":153,"name":"Solid Shoes","slug":"solid"}],"_links":{"self":[{"href":"https:\/\/solidshoes.com\/index.php?rest_route=\/wp\/v2\/product\/6950","targetHints":{"allow":["GET"]}}],"collection":[{"href":"https:\/\/solidshoes.com\/index.php?rest_route=\/wp\/v2\/product"}],"about":[{"href":"https:\/\/solidshoes.com\/index.php?rest_route=\/wp\/v2\/types\/product"}],"replies":[{"embeddable":true,"href":"https:\/\/solidshoes.com\/index.php?rest_route=%2Fwp%2Fv2%2Fcomments&post=6950"}],"version-history":[{"count":1,"href":"https:\/\/solidshoes.com\/index.php?rest_route=\/wp\/v2\/product\/6950\/revisions"}],"predecessor-version":[{"id":6960,"href":"https:\/\/solidshoes.com\/index.php?rest_route=\/wp\/v2\/product\/6950\/revisions\/6960"}],"wp:featuredmedia":[{"embeddable":true,"href":"https:\/\/solidshoes.com\/index.php?rest_route=\/wp\/v2\/media\/6951"}],"wp:attachment":[{"href":"https:\/\/solidshoes.com\/index.php?rest_route=%2Fwp%2Fv2%2Fmedia&parent=6950"}],"wp:term":[{"taxonomy":"pwb-brand","embeddable":true,"href":"https:\/\/solidshoes.com\/index.php?rest_route=%2Fwp%2Fv2%2Fpwb-brand&post=6950"},{"taxonomy":"product_brand","embeddable":true,"href":"https:\/\/solidshoes.com\/index.php?rest_route=%2Fwp%2Fv2%2Fproduct_brand&post=6950"},{"taxonomy":"product_cat","embeddable":true,"href":"https:\/\/solidshoes.com\/index.php?rest_route=%2Fwp%2Fv2%2Fproduct_cat&post=6950"},{"taxonomy":"product_tag","embeddable":true,"href":"https:\/\/solidshoes.com\/index.php?rest_route=%2Fwp%2Fv2%2Fproduct_tag&post=6950"}],"curies":[{"name":"wp","href":"https:\/\/api.w.org\/{rel}","templated":true}]}}