{"id":6308,"date":"2025-09-24T20:00:34","date_gmt":"2025-09-24T20:00:34","guid":{"rendered":"https:\/\/solidshoes.com\/?post_type=product&#038;p=6308"},"modified":"2025-09-24T20:05:30","modified_gmt":"2025-09-24T20:05:30","slug":"6308","status":"publish","type":"product","link":"https:\/\/solidshoes.com\/?product=6308","title":{"rendered":"REGAL"},"content":{"rendered":"<p>Koleksioni yn\u00eb i k\u00ebpuc\u00ebve p\u00ebr femra sjell nj\u00eb kombinim t\u00eb p\u00ebrsosur t\u00eb stilit dhe komoditetit. T\u00eb krijuara me kujdes nga 100% l\u00ebkur\u00eb natyrale, k\u00ebpuc\u00ebt tona elegante jan\u00eb dizajnuar p\u00ebr t\u00eb p\u00ebrmbushur pritshm\u00ebrit\u00eb m\u00eb t\u00eb larta t\u00eb mod\u00ebs dhe cil\u00ebsis\u00eb.<\/p>\n","protected":false},"excerpt":{"rendered":"<p>Koleksioni yn\u00eb i k\u00ebpuc\u00ebve p\u00ebr femra sjell nj\u00eb kombinim t\u00eb p\u00ebrsosur t\u00eb stilit dhe komoditetit. T\u00eb krijuara me kujdes nga 100% l\u00ebkur\u00eb natyrale, k\u00ebpuc\u00ebt tona elegante jan\u00eb dizajnuar p\u00ebr t\u00eb p\u00ebrmbushur pritshm\u00ebrit\u00eb m\u00eb t\u00eb larta t\u00eb mod\u00ebs dhe cil\u00ebsis\u00eb. <\/p>\n<div><a class=\"zoli-read-more-link\" href=\"https:\/\/solidshoes.com\/?product=6308\">Read More<span class=\"lexus-icon-Icon_Next\"><\/span><\/a><\/div>\n","protected":false},"featured_media":6316,"comment_status":"open","ping_status":"closed","template":"","meta":{"_acf_changed":false},"pwb-brand":[153],"product_brand":[149],"product_cat":[89,60],"product_tag":[159],"class_list":{"0":"post-6308","1":"product","2":"type-product","3":"status-publish","4":"has-post-thumbnail","6":"pwb-brand-solid","7":"product_brand-solid","8":"product_cat-femra","9":"product_cat-kepuce-per-femra","10":"product_tag-100-lekure","12":"first","13":"instock","14":"sale","15":"shipping-taxable","16":"purchasable","17":"product-type-variable"},"acf":[],"yoast_head":"<!-- This site is optimized with the Yoast SEO plugin v23.9 - https:\/\/yoast.com\/wordpress\/plugins\/seo\/ -->\n<title>REGAL - Solid Shoes<\/title>\n<meta name=\"robots\" content=\"index, follow, max-snippet:-1, max-image-preview:large, max-video-preview:-1\" \/>\n<link rel=\"canonical\" href=\"https:\/\/solidshoes.com\/?product=6308\" \/>\n<meta property=\"og:locale\" content=\"en_US\" \/>\n<meta property=\"og:type\" content=\"article\" \/>\n<meta property=\"og:title\" content=\"REGAL - Solid Shoes\" \/>\n<meta property=\"og:description\" content=\"Koleksioni yn\u00eb i k\u00ebpuc\u00ebve p\u00ebr femra sjell nj\u00eb kombinim t\u00eb p\u00ebrsosur t\u00eb stilit dhe komoditetit. T\u00eb krijuara me kujdes nga 100% l\u00ebkur\u00eb natyrale, k\u00ebpuc\u00ebt tona elegante jan\u00eb dizajnuar p\u00ebr t\u00eb p\u00ebrmbushur pritshm\u00ebrit\u00eb m\u00eb t\u00eb larta t\u00eb mod\u00ebs dhe cil\u00ebsis\u00eb. Read More\" \/>\n<meta property=\"og:url\" content=\"https:\/\/solidshoes.com\/?product=6308\" \/>\n<meta property=\"og:site_name\" content=\"Solid Shoes\" \/>\n<meta property=\"article:modified_time\" content=\"2025-09-24T20:05:30+00:00\" \/>\n<meta property=\"og:image\" content=\"https:\/\/solidshoes.com\/wp-content\/uploads\/2025\/09\/46.png\" \/>\n\t<meta property=\"og:image:width\" content=\"590\" \/>\n\t<meta property=\"og:image:height\" content=\"575\" \/>\n\t<meta property=\"og:image:type\" content=\"image\/png\" \/>\n<meta name=\"twitter:card\" content=\"summary_large_image\" \/>\n<meta name=\"twitter:label1\" content=\"Est. reading time\" \/>\n\t<meta name=\"twitter:data1\" content=\"1 minute\" \/>\n<script type=\"application\/ld+json\" class=\"yoast-schema-graph\">{\"@context\":\"https:\/\/schema.org\",\"@graph\":[{\"@type\":\"WebPage\",\"@id\":\"https:\/\/solidshoes.com\/?product=6308\",\"url\":\"https:\/\/solidshoes.com\/?product=6308\",\"name\":\"REGAL - Solid Shoes\",\"isPartOf\":{\"@id\":\"https:\/\/solidshoes.com\/#website\"},\"primaryImageOfPage\":{\"@id\":\"https:\/\/solidshoes.com\/?product=6308#primaryimage\"},\"image\":{\"@id\":\"https:\/\/solidshoes.com\/?product=6308#primaryimage\"},\"thumbnailUrl\":\"https:\/\/solidshoes.com\/wp-content\/uploads\/2025\/09\/46.png\",\"datePublished\":\"2025-09-24T20:00:34+00:00\",\"dateModified\":\"2025-09-24T20:05:30+00:00\",\"breadcrumb\":{\"@id\":\"https:\/\/solidshoes.com\/?product=6308#breadcrumb\"},\"inLanguage\":\"en-US\",\"potentialAction\":[{\"@type\":\"ReadAction\",\"target\":[\"https:\/\/solidshoes.com\/?product=6308\"]}]},{\"@type\":\"ImageObject\",\"inLanguage\":\"en-US\",\"@id\":\"https:\/\/solidshoes.com\/?product=6308#primaryimage\",\"url\":\"https:\/\/solidshoes.com\/wp-content\/uploads\/2025\/09\/46.png\",\"contentUrl\":\"https:\/\/solidshoes.com\/wp-content\/uploads\/2025\/09\/46.png\",\"width\":590,\"height\":575},{\"@type\":\"BreadcrumbList\",\"@id\":\"https:\/\/solidshoes.com\/?product=6308#breadcrumb\",\"itemListElement\":[{\"@type\":\"ListItem\",\"position\":1,\"name\":\"Home\",\"item\":\"https:\/\/solidshoes.com\/\"},{\"@type\":\"ListItem\",\"position\":2,\"name\":\"Shop\",\"item\":\"https:\/\/solidshoes.com\/?page_id=9\"},{\"@type\":\"ListItem\",\"position\":3,\"name\":\"REGAL\"}]},{\"@type\":\"WebSite\",\"@id\":\"https:\/\/solidshoes.com\/#website\",\"url\":\"https:\/\/solidshoes.com\/\",\"name\":\"Solid Shoes\",\"description\":\"\",\"potentialAction\":[{\"@type\":\"SearchAction\",\"target\":{\"@type\":\"EntryPoint\",\"urlTemplate\":\"https:\/\/solidshoes.com\/?s={search_term_string}\"},\"query-input\":{\"@type\":\"PropertyValueSpecification\",\"valueRequired\":true,\"valueName\":\"search_term_string\"}}],\"inLanguage\":\"en-US\"}]}<\/script>\n<!-- \/ Yoast SEO plugin. -->","yoast_head_json":{"title":"REGAL - Solid Shoes","robots":{"index":"index","follow":"follow","max-snippet":"max-snippet:-1","max-image-preview":"max-image-preview:large","max-video-preview":"max-video-preview:-1"},"canonical":"https:\/\/solidshoes.com\/?product=6308","og_locale":"en_US","og_type":"article","og_title":"REGAL - Solid Shoes","og_description":"Koleksioni yn\u00eb i k\u00ebpuc\u00ebve p\u00ebr femra sjell nj\u00eb kombinim t\u00eb p\u00ebrsosur t\u00eb stilit dhe komoditetit. T\u00eb krijuara me kujdes nga 100% l\u00ebkur\u00eb natyrale, k\u00ebpuc\u00ebt tona elegante jan\u00eb dizajnuar p\u00ebr t\u00eb p\u00ebrmbushur pritshm\u00ebrit\u00eb m\u00eb t\u00eb larta t\u00eb mod\u00ebs dhe cil\u00ebsis\u00eb. Read More","og_url":"https:\/\/solidshoes.com\/?product=6308","og_site_name":"Solid Shoes","article_modified_time":"2025-09-24T20:05:30+00:00","og_image":[{"width":590,"height":575,"url":"https:\/\/solidshoes.com\/wp-content\/uploads\/2025\/09\/46.png","type":"image\/png"}],"twitter_card":"summary_large_image","twitter_misc":{"Est. reading time":"1 minute"},"schema":{"@context":"https:\/\/schema.org","@graph":[{"@type":"WebPage","@id":"https:\/\/solidshoes.com\/?product=6308","url":"https:\/\/solidshoes.com\/?product=6308","name":"REGAL - Solid Shoes","isPartOf":{"@id":"https:\/\/solidshoes.com\/#website"},"primaryImageOfPage":{"@id":"https:\/\/solidshoes.com\/?product=6308#primaryimage"},"image":{"@id":"https:\/\/solidshoes.com\/?product=6308#primaryimage"},"thumbnailUrl":"https:\/\/solidshoes.com\/wp-content\/uploads\/2025\/09\/46.png","datePublished":"2025-09-24T20:00:34+00:00","dateModified":"2025-09-24T20:05:30+00:00","breadcrumb":{"@id":"https:\/\/solidshoes.com\/?product=6308#breadcrumb"},"inLanguage":"en-US","potentialAction":[{"@type":"ReadAction","target":["https:\/\/solidshoes.com\/?product=6308"]}]},{"@type":"ImageObject","inLanguage":"en-US","@id":"https:\/\/solidshoes.com\/?product=6308#primaryimage","url":"https:\/\/solidshoes.com\/wp-content\/uploads\/2025\/09\/46.png","contentUrl":"https:\/\/solidshoes.com\/wp-content\/uploads\/2025\/09\/46.png","width":590,"height":575},{"@type":"BreadcrumbList","@id":"https:\/\/solidshoes.com\/?product=6308#breadcrumb","itemListElement":[{"@type":"ListItem","position":1,"name":"Home","item":"https:\/\/solidshoes.com\/"},{"@type":"ListItem","position":2,"name":"Shop","item":"https:\/\/solidshoes.com\/?page_id=9"},{"@type":"ListItem","position":3,"name":"REGAL"}]},{"@type":"WebSite","@id":"https:\/\/solidshoes.com\/#website","url":"https:\/\/solidshoes.com\/","name":"Solid Shoes","description":"","potentialAction":[{"@type":"SearchAction","target":{"@type":"EntryPoint","urlTemplate":"https:\/\/solidshoes.com\/?s={search_term_string}"},"query-input":{"@type":"PropertyValueSpecification","valueRequired":true,"valueName":"search_term_string"}}],"inLanguage":"en-US"}]}},"brands":[{"id":153,"name":"Solid Shoes","slug":"solid"}],"_links":{"self":[{"href":"https:\/\/solidshoes.com\/index.php?rest_route=\/wp\/v2\/product\/6308","targetHints":{"allow":["GET"]}}],"collection":[{"href":"https:\/\/solidshoes.com\/index.php?rest_route=\/wp\/v2\/product"}],"about":[{"href":"https:\/\/solidshoes.com\/index.php?rest_route=\/wp\/v2\/types\/product"}],"replies":[{"embeddable":true,"href":"https:\/\/solidshoes.com\/index.php?rest_route=%2Fwp%2Fv2%2Fcomments&post=6308"}],"version-history":[{"count":2,"href":"https:\/\/solidshoes.com\/index.php?rest_route=\/wp\/v2\/product\/6308\/revisions"}],"predecessor-version":[{"id":6455,"href":"https:\/\/solidshoes.com\/index.php?rest_route=\/wp\/v2\/product\/6308\/revisions\/6455"}],"wp:featuredmedia":[{"embeddable":true,"href":"https:\/\/solidshoes.com\/index.php?rest_route=\/wp\/v2\/media\/6316"}],"wp:attachment":[{"href":"https:\/\/solidshoes.com\/index.php?rest_route=%2Fwp%2Fv2%2Fmedia&parent=6308"}],"wp:term":[{"taxonomy":"pwb-brand","embeddable":true,"href":"https:\/\/solidshoes.com\/index.php?rest_route=%2Fwp%2Fv2%2Fpwb-brand&post=6308"},{"taxonomy":"product_brand","embeddable":true,"href":"https:\/\/solidshoes.com\/index.php?rest_route=%2Fwp%2Fv2%2Fproduct_brand&post=6308"},{"taxonomy":"product_cat","embeddable":true,"href":"https:\/\/solidshoes.com\/index.php?rest_route=%2Fwp%2Fv2%2Fproduct_cat&post=6308"},{"taxonomy":"product_tag","embeddable":true,"href":"https:\/\/solidshoes.com\/index.php?rest_route=%2Fwp%2Fv2%2Fproduct_tag&post=6308"}],"curies":[{"name":"wp","href":"https:\/\/api.w.org\/{rel}","templated":true}]}}