{"id":5847,"date":"2025-09-07T21:40:44","date_gmt":"2025-09-07T21:40:44","guid":{"rendered":"https:\/\/solidshoes.com\/?post_type=product&#038;p=5847"},"modified":"2025-12-02T09:20:27","modified_gmt":"2025-12-02T09:20:27","slug":"minnie-2","status":"publish","type":"product","link":"https:\/\/solidshoes.com\/?product=minnie-2","title":{"rendered":"MINNIE MOUSE BOOTS"},"content":{"rendered":"<p>\u00c7izmet tona t\u00eb lehta p\u00ebr f\u00ebmij\u00eb jan\u00eb krijuar p\u00ebr rehati maksimale, mbrojtje nga lag\u00ebshtira dhe zhvillim t\u00eb sh\u00ebndetsh\u00ebm t\u00eb k\u00ebmb\u00ebve.<br data-start=\"240\" data-end=\"243\" \/>Me pesh\u00eb ultra t\u00eb leht\u00eb, material t\u00eb pap\u00ebrshkuesh\u00ebm nga uji dhe form\u00eb ergonomike, ato jan\u00eb perfekte p\u00ebr dit\u00eb me shi, balt\u00eb apo loj\u00eb t\u00eb p\u00ebrditshme.<br data-start=\"401\" data-end=\"404\" \/>F\u00ebmij\u00ebt mund t\u2019i veshin vet\u00eb me leht\u00ebsi \u2013 p\u00ebr m\u00eb shum\u00eb pavar\u00ebsi dhe liri n\u00eb \u00e7do hap!<\/p>\n","protected":false},"excerpt":{"rendered":"<p>\u00c7izmet tona t\u00eb lehta p\u00ebr f\u00ebmij\u00eb jan\u00eb krijuar p\u00ebr rehati maksimale, mbrojtje nga lag\u00ebshtira dhe zhvillim t\u00eb sh\u00ebndetsh\u00ebm t\u00eb k\u00ebmb\u00ebve.Me pesh\u00eb ultra t\u00eb leht\u00eb, material t\u00eb pap\u00ebrshkuesh\u00ebm nga uji dhe form\u00eb ergonomike, ato jan\u00eb perfekte p\u00ebr dit\u00eb me shi, balt\u00eb apo loj\u00eb t\u00eb p\u00ebrditshme.F\u00ebmij\u00ebt mund t\u2019i veshin vet\u00eb me leht\u00ebsi \u2013 p\u00ebr m\u00eb shum\u00eb pavar\u00ebsi <\/p>\n<div><a class=\"zoli-read-more-link\" href=\"https:\/\/solidshoes.com\/?product=minnie-2\">Read More<span class=\"lexus-icon-Icon_Next\"><\/span><\/a><\/div>\n","protected":false},"featured_media":5849,"comment_status":"open","ping_status":"closed","template":"","meta":{"_acf_changed":false},"pwb-brand":[],"product_brand":[],"product_cat":[209,210],"product_tag":[40,91],"class_list":{"0":"post-5847","1":"product","2":"type-product","3":"status-publish","4":"has-post-thumbnail","6":"product_cat-femije-2","7":"product_cat-vajza","8":"product_tag-comfort","9":"product_tag-extra-light","11":"first","12":"instock","13":"shipping-taxable","14":"purchasable","15":"product-type-variable"},"acf":[],"yoast_head":"<!-- This site is optimized with the Yoast SEO plugin v23.9 - https:\/\/yoast.com\/wordpress\/plugins\/seo\/ -->\n<title>MINNIE MOUSE BOOTS - Solid Shoes<\/title>\n<meta name=\"robots\" content=\"index, follow, max-snippet:-1, max-image-preview:large, max-video-preview:-1\" \/>\n<link rel=\"canonical\" href=\"https:\/\/solidshoes.com\/?product=minnie-2\" \/>\n<meta property=\"og:locale\" content=\"en_US\" \/>\n<meta property=\"og:type\" content=\"article\" \/>\n<meta property=\"og:title\" content=\"MINNIE MOUSE BOOTS - Solid Shoes\" \/>\n<meta property=\"og:description\" content=\"\u00c7izmet tona t\u00eb lehta p\u00ebr f\u00ebmij\u00eb jan\u00eb krijuar p\u00ebr rehati maksimale, mbrojtje nga lag\u00ebshtira dhe zhvillim t\u00eb sh\u00ebndetsh\u00ebm t\u00eb k\u00ebmb\u00ebve.Me pesh\u00eb ultra t\u00eb leht\u00eb, material t\u00eb pap\u00ebrshkuesh\u00ebm nga uji dhe form\u00eb ergonomike, ato jan\u00eb perfekte p\u00ebr dit\u00eb me shi, balt\u00eb apo loj\u00eb t\u00eb p\u00ebrditshme.F\u00ebmij\u00ebt mund t\u2019i veshin vet\u00eb me leht\u00ebsi \u2013 p\u00ebr m\u00eb shum\u00eb pavar\u00ebsi Read More\" \/>\n<meta property=\"og:url\" content=\"https:\/\/solidshoes.com\/?product=minnie-2\" \/>\n<meta property=\"og:site_name\" content=\"Solid Shoes\" \/>\n<meta property=\"article:modified_time\" content=\"2025-12-02T09:20:27+00:00\" \/>\n<meta property=\"og:image\" content=\"https:\/\/solidshoes.com\/wp-content\/uploads\/2025\/09\/1-15.png\" \/>\n\t<meta property=\"og:image:width\" content=\"590\" \/>\n\t<meta property=\"og:image:height\" content=\"575\" \/>\n\t<meta property=\"og:image:type\" content=\"image\/png\" \/>\n<meta name=\"twitter:card\" content=\"summary_large_image\" \/>\n<meta name=\"twitter:label1\" content=\"Est. reading time\" \/>\n\t<meta name=\"twitter:data1\" content=\"1 minute\" \/>\n<script type=\"application\/ld+json\" class=\"yoast-schema-graph\">{\"@context\":\"https:\/\/schema.org\",\"@graph\":[{\"@type\":\"WebPage\",\"@id\":\"https:\/\/solidshoes.com\/?product=minnie-2\",\"url\":\"https:\/\/solidshoes.com\/?product=minnie-2\",\"name\":\"MINNIE MOUSE BOOTS - Solid Shoes\",\"isPartOf\":{\"@id\":\"https:\/\/solidshoes.com\/#website\"},\"primaryImageOfPage\":{\"@id\":\"https:\/\/solidshoes.com\/?product=minnie-2#primaryimage\"},\"image\":{\"@id\":\"https:\/\/solidshoes.com\/?product=minnie-2#primaryimage\"},\"thumbnailUrl\":\"https:\/\/solidshoes.com\/wp-content\/uploads\/2025\/09\/1-15.png\",\"datePublished\":\"2025-09-07T21:40:44+00:00\",\"dateModified\":\"2025-12-02T09:20:27+00:00\",\"breadcrumb\":{\"@id\":\"https:\/\/solidshoes.com\/?product=minnie-2#breadcrumb\"},\"inLanguage\":\"en-US\",\"potentialAction\":[{\"@type\":\"ReadAction\",\"target\":[\"https:\/\/solidshoes.com\/?product=minnie-2\"]}]},{\"@type\":\"ImageObject\",\"inLanguage\":\"en-US\",\"@id\":\"https:\/\/solidshoes.com\/?product=minnie-2#primaryimage\",\"url\":\"https:\/\/solidshoes.com\/wp-content\/uploads\/2025\/09\/1-15.png\",\"contentUrl\":\"https:\/\/solidshoes.com\/wp-content\/uploads\/2025\/09\/1-15.png\",\"width\":590,\"height\":575},{\"@type\":\"BreadcrumbList\",\"@id\":\"https:\/\/solidshoes.com\/?product=minnie-2#breadcrumb\",\"itemListElement\":[{\"@type\":\"ListItem\",\"position\":1,\"name\":\"Home\",\"item\":\"https:\/\/solidshoes.com\/\"},{\"@type\":\"ListItem\",\"position\":2,\"name\":\"Shop\",\"item\":\"https:\/\/solidshoes.com\/?page_id=9\"},{\"@type\":\"ListItem\",\"position\":3,\"name\":\"MINNIE MOUSE BOOTS\"}]},{\"@type\":\"WebSite\",\"@id\":\"https:\/\/solidshoes.com\/#website\",\"url\":\"https:\/\/solidshoes.com\/\",\"name\":\"Solid Shoes\",\"description\":\"\",\"potentialAction\":[{\"@type\":\"SearchAction\",\"target\":{\"@type\":\"EntryPoint\",\"urlTemplate\":\"https:\/\/solidshoes.com\/?s={search_term_string}\"},\"query-input\":{\"@type\":\"PropertyValueSpecification\",\"valueRequired\":true,\"valueName\":\"search_term_string\"}}],\"inLanguage\":\"en-US\"}]}<\/script>\n<!-- \/ Yoast SEO plugin. -->","yoast_head_json":{"title":"MINNIE MOUSE BOOTS - Solid Shoes","robots":{"index":"index","follow":"follow","max-snippet":"max-snippet:-1","max-image-preview":"max-image-preview:large","max-video-preview":"max-video-preview:-1"},"canonical":"https:\/\/solidshoes.com\/?product=minnie-2","og_locale":"en_US","og_type":"article","og_title":"MINNIE MOUSE BOOTS - Solid Shoes","og_description":"\u00c7izmet tona t\u00eb lehta p\u00ebr f\u00ebmij\u00eb jan\u00eb krijuar p\u00ebr rehati maksimale, mbrojtje nga lag\u00ebshtira dhe zhvillim t\u00eb sh\u00ebndetsh\u00ebm t\u00eb k\u00ebmb\u00ebve.Me pesh\u00eb ultra t\u00eb leht\u00eb, material t\u00eb pap\u00ebrshkuesh\u00ebm nga uji dhe form\u00eb ergonomike, ato jan\u00eb perfekte p\u00ebr dit\u00eb me shi, balt\u00eb apo loj\u00eb t\u00eb p\u00ebrditshme.F\u00ebmij\u00ebt mund t\u2019i veshin vet\u00eb me leht\u00ebsi \u2013 p\u00ebr m\u00eb shum\u00eb pavar\u00ebsi Read More","og_url":"https:\/\/solidshoes.com\/?product=minnie-2","og_site_name":"Solid Shoes","article_modified_time":"2025-12-02T09:20:27+00:00","og_image":[{"width":590,"height":575,"url":"https:\/\/solidshoes.com\/wp-content\/uploads\/2025\/09\/1-15.png","type":"image\/png"}],"twitter_card":"summary_large_image","twitter_misc":{"Est. reading time":"1 minute"},"schema":{"@context":"https:\/\/schema.org","@graph":[{"@type":"WebPage","@id":"https:\/\/solidshoes.com\/?product=minnie-2","url":"https:\/\/solidshoes.com\/?product=minnie-2","name":"MINNIE MOUSE BOOTS - Solid Shoes","isPartOf":{"@id":"https:\/\/solidshoes.com\/#website"},"primaryImageOfPage":{"@id":"https:\/\/solidshoes.com\/?product=minnie-2#primaryimage"},"image":{"@id":"https:\/\/solidshoes.com\/?product=minnie-2#primaryimage"},"thumbnailUrl":"https:\/\/solidshoes.com\/wp-content\/uploads\/2025\/09\/1-15.png","datePublished":"2025-09-07T21:40:44+00:00","dateModified":"2025-12-02T09:20:27+00:00","breadcrumb":{"@id":"https:\/\/solidshoes.com\/?product=minnie-2#breadcrumb"},"inLanguage":"en-US","potentialAction":[{"@type":"ReadAction","target":["https:\/\/solidshoes.com\/?product=minnie-2"]}]},{"@type":"ImageObject","inLanguage":"en-US","@id":"https:\/\/solidshoes.com\/?product=minnie-2#primaryimage","url":"https:\/\/solidshoes.com\/wp-content\/uploads\/2025\/09\/1-15.png","contentUrl":"https:\/\/solidshoes.com\/wp-content\/uploads\/2025\/09\/1-15.png","width":590,"height":575},{"@type":"BreadcrumbList","@id":"https:\/\/solidshoes.com\/?product=minnie-2#breadcrumb","itemListElement":[{"@type":"ListItem","position":1,"name":"Home","item":"https:\/\/solidshoes.com\/"},{"@type":"ListItem","position":2,"name":"Shop","item":"https:\/\/solidshoes.com\/?page_id=9"},{"@type":"ListItem","position":3,"name":"MINNIE MOUSE BOOTS"}]},{"@type":"WebSite","@id":"https:\/\/solidshoes.com\/#website","url":"https:\/\/solidshoes.com\/","name":"Solid Shoes","description":"","potentialAction":[{"@type":"SearchAction","target":{"@type":"EntryPoint","urlTemplate":"https:\/\/solidshoes.com\/?s={search_term_string}"},"query-input":{"@type":"PropertyValueSpecification","valueRequired":true,"valueName":"search_term_string"}}],"inLanguage":"en-US"}]}},"brands":[],"_links":{"self":[{"href":"https:\/\/solidshoes.com\/index.php?rest_route=\/wp\/v2\/product\/5847","targetHints":{"allow":["GET"]}}],"collection":[{"href":"https:\/\/solidshoes.com\/index.php?rest_route=\/wp\/v2\/product"}],"about":[{"href":"https:\/\/solidshoes.com\/index.php?rest_route=\/wp\/v2\/types\/product"}],"replies":[{"embeddable":true,"href":"https:\/\/solidshoes.com\/index.php?rest_route=%2Fwp%2Fv2%2Fcomments&post=5847"}],"version-history":[{"count":2,"href":"https:\/\/solidshoes.com\/index.php?rest_route=\/wp\/v2\/product\/5847\/revisions"}],"predecessor-version":[{"id":6000,"href":"https:\/\/solidshoes.com\/index.php?rest_route=\/wp\/v2\/product\/5847\/revisions\/6000"}],"wp:featuredmedia":[{"embeddable":true,"href":"https:\/\/solidshoes.com\/index.php?rest_route=\/wp\/v2\/media\/5849"}],"wp:attachment":[{"href":"https:\/\/solidshoes.com\/index.php?rest_route=%2Fwp%2Fv2%2Fmedia&parent=5847"}],"wp:term":[{"taxonomy":"pwb-brand","embeddable":true,"href":"https:\/\/solidshoes.com\/index.php?rest_route=%2Fwp%2Fv2%2Fpwb-brand&post=5847"},{"taxonomy":"product_brand","embeddable":true,"href":"https:\/\/solidshoes.com\/index.php?rest_route=%2Fwp%2Fv2%2Fproduct_brand&post=5847"},{"taxonomy":"product_cat","embeddable":true,"href":"https:\/\/solidshoes.com\/index.php?rest_route=%2Fwp%2Fv2%2Fproduct_cat&post=5847"},{"taxonomy":"product_tag","embeddable":true,"href":"https:\/\/solidshoes.com\/index.php?rest_route=%2Fwp%2Fv2%2Fproduct_tag&post=5847"}],"curies":[{"name":"wp","href":"https:\/\/api.w.org\/{rel}","templated":true}]}}