{"id":5421,"date":"2025-08-13T13:43:21","date_gmt":"2025-08-13T13:43:21","guid":{"rendered":"https:\/\/solidshoes.com\/?post_type=product&#038;p=5421"},"modified":"2025-12-02T09:44:08","modified_gmt":"2025-12-02T09:44:08","slug":"supermario01","status":"publish","type":"product","link":"https:\/\/solidshoes.com\/?product=supermario01","title":{"rendered":"SUPER MARIO SANDALS"},"content":{"rendered":"<p>Kur vjen fjala p\u00ebr komoditetin e f\u00ebmij\u00ebve, k\u00ebto sandale jan\u00eb zgjedhja ideale. Dizajni i leht\u00eb, por mb\u00ebshtet\u00ebs, siguron q\u00eb k\u00ebmb\u00ebt t\u00eb ndihen t\u00eb lir\u00eb dhe t\u00eb rehatshme gjat\u00eb t\u00eb gjith\u00eb dit\u00ebs. Pavar\u00ebsisht n\u00ebse jan\u00eb p\u00ebr loj\u00ebra n\u00eb park, sh\u00ebtitje t\u00eb shpejta apo aktivitetet e p\u00ebrditshme, k\u00ebto sandale do t\u00eb sigurojn\u00eb l\u00ebvizje t\u00eb shpejt\u00eb dhe t\u00eb sigurt p\u00ebr k\u00ebmb\u00ebt e vogla.<\/p>\n","protected":false},"excerpt":{"rendered":"<p>Kur vjen fjala p\u00ebr komoditetin e f\u00ebmij\u00ebve, k\u00ebto sandale jan\u00eb zgjedhja ideale. Dizajni i leht\u00eb, por mb\u00ebshtet\u00ebs, siguron q\u00eb k\u00ebmb\u00ebt t\u00eb ndihen t\u00eb lir\u00eb dhe t\u00eb rehatshme gjat\u00eb t\u00eb gjith\u00eb dit\u00ebs. Pavar\u00ebsisht n\u00ebse jan\u00eb p\u00ebr loj\u00ebra n\u00eb park, sh\u00ebtitje t\u00eb shpejta apo aktivitetet e p\u00ebrditshme, k\u00ebto sandale do t\u00eb sigurojn\u00eb l\u00ebvizje t\u00eb shpejt\u00eb dhe t\u00eb <\/p>\n<div><a class=\"zoli-read-more-link\" href=\"https:\/\/solidshoes.com\/?product=supermario01\">Read More<span class=\"lexus-icon-Icon_Next\"><\/span><\/a><\/div>\n","protected":false},"featured_media":5422,"comment_status":"open","ping_status":"closed","template":"","meta":{"_acf_changed":false},"pwb-brand":[],"product_brand":[],"product_cat":[211,209],"product_tag":[],"class_list":{"0":"post-5421","1":"product","2":"type-product","3":"status-publish","4":"has-post-thumbnail","6":"product_cat-djem","7":"product_cat-femije-2","9":"first","10":"instock","11":"shipping-taxable","12":"purchasable","13":"product-type-variable"},"acf":[],"yoast_head":"<!-- This site is optimized with the Yoast SEO plugin v23.9 - https:\/\/yoast.com\/wordpress\/plugins\/seo\/ -->\n<title>SUPER MARIO SANDALS - Solid Shoes<\/title>\n<meta name=\"robots\" content=\"index, follow, max-snippet:-1, max-image-preview:large, max-video-preview:-1\" \/>\n<link rel=\"canonical\" href=\"https:\/\/solidshoes.com\/?product=supermario01\" \/>\n<meta property=\"og:locale\" content=\"en_US\" \/>\n<meta property=\"og:type\" content=\"article\" \/>\n<meta property=\"og:title\" content=\"SUPER MARIO SANDALS - Solid Shoes\" \/>\n<meta property=\"og:description\" content=\"Kur vjen fjala p\u00ebr komoditetin e f\u00ebmij\u00ebve, k\u00ebto sandale jan\u00eb zgjedhja ideale. Dizajni i leht\u00eb, por mb\u00ebshtet\u00ebs, siguron q\u00eb k\u00ebmb\u00ebt t\u00eb ndihen t\u00eb lir\u00eb dhe t\u00eb rehatshme gjat\u00eb t\u00eb gjith\u00eb dit\u00ebs. Pavar\u00ebsisht n\u00ebse jan\u00eb p\u00ebr loj\u00ebra n\u00eb park, sh\u00ebtitje t\u00eb shpejta apo aktivitetet e p\u00ebrditshme, k\u00ebto sandale do t\u00eb sigurojn\u00eb l\u00ebvizje t\u00eb shpejt\u00eb dhe t\u00eb Read More\" \/>\n<meta property=\"og:url\" content=\"https:\/\/solidshoes.com\/?product=supermario01\" \/>\n<meta property=\"og:site_name\" content=\"Solid Shoes\" \/>\n<meta property=\"article:modified_time\" content=\"2025-12-02T09:44:08+00:00\" \/>\n<meta property=\"og:image\" content=\"https:\/\/solidshoes.com\/wp-content\/uploads\/2025\/08\/1-6.png\" \/>\n\t<meta property=\"og:image:width\" content=\"737\" \/>\n\t<meta property=\"og:image:height\" content=\"718\" \/>\n\t<meta property=\"og:image:type\" content=\"image\/png\" \/>\n<meta name=\"twitter:card\" content=\"summary_large_image\" \/>\n<meta name=\"twitter:label1\" content=\"Est. reading time\" \/>\n\t<meta name=\"twitter:data1\" content=\"1 minute\" \/>\n<script type=\"application\/ld+json\" class=\"yoast-schema-graph\">{\"@context\":\"https:\/\/schema.org\",\"@graph\":[{\"@type\":\"WebPage\",\"@id\":\"https:\/\/solidshoes.com\/?product=supermario01\",\"url\":\"https:\/\/solidshoes.com\/?product=supermario01\",\"name\":\"SUPER MARIO SANDALS - Solid Shoes\",\"isPartOf\":{\"@id\":\"https:\/\/solidshoes.com\/#website\"},\"primaryImageOfPage\":{\"@id\":\"https:\/\/solidshoes.com\/?product=supermario01#primaryimage\"},\"image\":{\"@id\":\"https:\/\/solidshoes.com\/?product=supermario01#primaryimage\"},\"thumbnailUrl\":\"https:\/\/solidshoes.com\/wp-content\/uploads\/2025\/08\/1-6.png\",\"datePublished\":\"2025-08-13T13:43:21+00:00\",\"dateModified\":\"2025-12-02T09:44:08+00:00\",\"breadcrumb\":{\"@id\":\"https:\/\/solidshoes.com\/?product=supermario01#breadcrumb\"},\"inLanguage\":\"en-US\",\"potentialAction\":[{\"@type\":\"ReadAction\",\"target\":[\"https:\/\/solidshoes.com\/?product=supermario01\"]}]},{\"@type\":\"ImageObject\",\"inLanguage\":\"en-US\",\"@id\":\"https:\/\/solidshoes.com\/?product=supermario01#primaryimage\",\"url\":\"https:\/\/solidshoes.com\/wp-content\/uploads\/2025\/08\/1-6.png\",\"contentUrl\":\"https:\/\/solidshoes.com\/wp-content\/uploads\/2025\/08\/1-6.png\",\"width\":737,\"height\":718},{\"@type\":\"BreadcrumbList\",\"@id\":\"https:\/\/solidshoes.com\/?product=supermario01#breadcrumb\",\"itemListElement\":[{\"@type\":\"ListItem\",\"position\":1,\"name\":\"Home\",\"item\":\"https:\/\/solidshoes.com\/\"},{\"@type\":\"ListItem\",\"position\":2,\"name\":\"Shop\",\"item\":\"https:\/\/solidshoes.com\/?page_id=9\"},{\"@type\":\"ListItem\",\"position\":3,\"name\":\"SUPER MARIO SANDALS\"}]},{\"@type\":\"WebSite\",\"@id\":\"https:\/\/solidshoes.com\/#website\",\"url\":\"https:\/\/solidshoes.com\/\",\"name\":\"Solid Shoes\",\"description\":\"\",\"potentialAction\":[{\"@type\":\"SearchAction\",\"target\":{\"@type\":\"EntryPoint\",\"urlTemplate\":\"https:\/\/solidshoes.com\/?s={search_term_string}\"},\"query-input\":{\"@type\":\"PropertyValueSpecification\",\"valueRequired\":true,\"valueName\":\"search_term_string\"}}],\"inLanguage\":\"en-US\"}]}<\/script>\n<!-- \/ Yoast SEO plugin. -->","yoast_head_json":{"title":"SUPER MARIO SANDALS - Solid Shoes","robots":{"index":"index","follow":"follow","max-snippet":"max-snippet:-1","max-image-preview":"max-image-preview:large","max-video-preview":"max-video-preview:-1"},"canonical":"https:\/\/solidshoes.com\/?product=supermario01","og_locale":"en_US","og_type":"article","og_title":"SUPER MARIO SANDALS - Solid Shoes","og_description":"Kur vjen fjala p\u00ebr komoditetin e f\u00ebmij\u00ebve, k\u00ebto sandale jan\u00eb zgjedhja ideale. Dizajni i leht\u00eb, por mb\u00ebshtet\u00ebs, siguron q\u00eb k\u00ebmb\u00ebt t\u00eb ndihen t\u00eb lir\u00eb dhe t\u00eb rehatshme gjat\u00eb t\u00eb gjith\u00eb dit\u00ebs. Pavar\u00ebsisht n\u00ebse jan\u00eb p\u00ebr loj\u00ebra n\u00eb park, sh\u00ebtitje t\u00eb shpejta apo aktivitetet e p\u00ebrditshme, k\u00ebto sandale do t\u00eb sigurojn\u00eb l\u00ebvizje t\u00eb shpejt\u00eb dhe t\u00eb Read More","og_url":"https:\/\/solidshoes.com\/?product=supermario01","og_site_name":"Solid Shoes","article_modified_time":"2025-12-02T09:44:08+00:00","og_image":[{"width":737,"height":718,"url":"https:\/\/solidshoes.com\/wp-content\/uploads\/2025\/08\/1-6.png","type":"image\/png"}],"twitter_card":"summary_large_image","twitter_misc":{"Est. reading time":"1 minute"},"schema":{"@context":"https:\/\/schema.org","@graph":[{"@type":"WebPage","@id":"https:\/\/solidshoes.com\/?product=supermario01","url":"https:\/\/solidshoes.com\/?product=supermario01","name":"SUPER MARIO SANDALS - Solid Shoes","isPartOf":{"@id":"https:\/\/solidshoes.com\/#website"},"primaryImageOfPage":{"@id":"https:\/\/solidshoes.com\/?product=supermario01#primaryimage"},"image":{"@id":"https:\/\/solidshoes.com\/?product=supermario01#primaryimage"},"thumbnailUrl":"https:\/\/solidshoes.com\/wp-content\/uploads\/2025\/08\/1-6.png","datePublished":"2025-08-13T13:43:21+00:00","dateModified":"2025-12-02T09:44:08+00:00","breadcrumb":{"@id":"https:\/\/solidshoes.com\/?product=supermario01#breadcrumb"},"inLanguage":"en-US","potentialAction":[{"@type":"ReadAction","target":["https:\/\/solidshoes.com\/?product=supermario01"]}]},{"@type":"ImageObject","inLanguage":"en-US","@id":"https:\/\/solidshoes.com\/?product=supermario01#primaryimage","url":"https:\/\/solidshoes.com\/wp-content\/uploads\/2025\/08\/1-6.png","contentUrl":"https:\/\/solidshoes.com\/wp-content\/uploads\/2025\/08\/1-6.png","width":737,"height":718},{"@type":"BreadcrumbList","@id":"https:\/\/solidshoes.com\/?product=supermario01#breadcrumb","itemListElement":[{"@type":"ListItem","position":1,"name":"Home","item":"https:\/\/solidshoes.com\/"},{"@type":"ListItem","position":2,"name":"Shop","item":"https:\/\/solidshoes.com\/?page_id=9"},{"@type":"ListItem","position":3,"name":"SUPER MARIO SANDALS"}]},{"@type":"WebSite","@id":"https:\/\/solidshoes.com\/#website","url":"https:\/\/solidshoes.com\/","name":"Solid Shoes","description":"","potentialAction":[{"@type":"SearchAction","target":{"@type":"EntryPoint","urlTemplate":"https:\/\/solidshoes.com\/?s={search_term_string}"},"query-input":{"@type":"PropertyValueSpecification","valueRequired":true,"valueName":"search_term_string"}}],"inLanguage":"en-US"}]}},"brands":[],"_links":{"self":[{"href":"https:\/\/solidshoes.com\/index.php?rest_route=\/wp\/v2\/product\/5421","targetHints":{"allow":["GET"]}}],"collection":[{"href":"https:\/\/solidshoes.com\/index.php?rest_route=\/wp\/v2\/product"}],"about":[{"href":"https:\/\/solidshoes.com\/index.php?rest_route=\/wp\/v2\/types\/product"}],"replies":[{"embeddable":true,"href":"https:\/\/solidshoes.com\/index.php?rest_route=%2Fwp%2Fv2%2Fcomments&post=5421"}],"version-history":[{"count":2,"href":"https:\/\/solidshoes.com\/index.php?rest_route=\/wp\/v2\/product\/5421\/revisions"}],"predecessor-version":[{"id":6025,"href":"https:\/\/solidshoes.com\/index.php?rest_route=\/wp\/v2\/product\/5421\/revisions\/6025"}],"wp:featuredmedia":[{"embeddable":true,"href":"https:\/\/solidshoes.com\/index.php?rest_route=\/wp\/v2\/media\/5422"}],"wp:attachment":[{"href":"https:\/\/solidshoes.com\/index.php?rest_route=%2Fwp%2Fv2%2Fmedia&parent=5421"}],"wp:term":[{"taxonomy":"pwb-brand","embeddable":true,"href":"https:\/\/solidshoes.com\/index.php?rest_route=%2Fwp%2Fv2%2Fpwb-brand&post=5421"},{"taxonomy":"product_brand","embeddable":true,"href":"https:\/\/solidshoes.com\/index.php?rest_route=%2Fwp%2Fv2%2Fproduct_brand&post=5421"},{"taxonomy":"product_cat","embeddable":true,"href":"https:\/\/solidshoes.com\/index.php?rest_route=%2Fwp%2Fv2%2Fproduct_cat&post=5421"},{"taxonomy":"product_tag","embeddable":true,"href":"https:\/\/solidshoes.com\/index.php?rest_route=%2Fwp%2Fv2%2Fproduct_tag&post=5421"}],"curies":[{"name":"wp","href":"https:\/\/api.w.org\/{rel}","templated":true}]}}