{"id":4829,"date":"2025-06-22T19:53:55","date_gmt":"2025-06-22T19:53:55","guid":{"rendered":"https:\/\/solidshoes.com\/?post_type=product&#038;p=4829"},"modified":"2025-06-22T19:53:56","modified_gmt":"2025-06-22T19:53:56","slug":"mgs25-003","status":"publish","type":"product","link":"https:\/\/solidshoes.com\/?product=mgs25-003","title":{"rendered":"MGS25 003"},"content":{"rendered":"<p>P\u00ebr nj\u00eb pamje t\u00eb sofistikuar dhe komoditet t\u00eb p\u00ebrkryer, sandalet Marina Galanti jan\u00eb zgjedhja ideale p\u00ebr \u00e7do rast. P\u00ebrshtaten n\u00eb m\u00ebnyr\u00eb perfekte me \u00e7do veshje, duke ofruar nj\u00eb stil t\u00eb pakrahasuesh\u00ebm dhe ndjesi komode gjat\u00eb gjith\u00eb dit\u00ebs<\/p>\n","protected":false},"excerpt":{"rendered":"<p>P\u00ebr nj\u00eb pamje t\u00eb sofistikuar dhe komoditet t\u00eb p\u00ebrkryer, sandalet Marina Galanti jan\u00eb zgjedhja ideale p\u00ebr \u00e7do rast. P\u00ebrshtaten n\u00eb m\u00ebnyr\u00eb perfekte me \u00e7do veshje, duke ofruar nj\u00eb stil t\u00eb pakrahasuesh\u00ebm dhe ndjesi komode gjat\u00eb gjith\u00eb dit\u00ebs <\/p>\n<div><a class=\"zoli-read-more-link\" href=\"https:\/\/solidshoes.com\/?product=mgs25-003\">Read More<span class=\"lexus-icon-Icon_Next\"><\/span><\/a><\/div>\n","protected":false},"featured_media":4811,"comment_status":"open","ping_status":"closed","template":"","meta":{"_acf_changed":false},"pwb-brand":[151],"product_brand":[150],"product_cat":[89,35],"product_tag":[],"class_list":{"0":"post-4829","1":"product","2":"type-product","3":"status-publish","4":"has-post-thumbnail","6":"pwb-brand-marina-galanti","7":"product_brand-marina-galanti","8":"product_cat-femra","9":"product_cat-sandale-per-femra","11":"first","12":"instock","13":"shipping-taxable","14":"purchasable","15":"product-type-variable"},"acf":[],"yoast_head":"<!-- This site is optimized with the Yoast SEO plugin v23.9 - https:\/\/yoast.com\/wordpress\/plugins\/seo\/ -->\n<title>MGS25 003 - Solid Shoes<\/title>\n<meta name=\"robots\" content=\"index, follow, max-snippet:-1, max-image-preview:large, max-video-preview:-1\" \/>\n<link rel=\"canonical\" href=\"https:\/\/solidshoes.com\/?product=mgs25-003\" \/>\n<meta property=\"og:locale\" content=\"en_US\" \/>\n<meta property=\"og:type\" content=\"article\" \/>\n<meta property=\"og:title\" content=\"MGS25 003 - Solid Shoes\" \/>\n<meta property=\"og:description\" content=\"P\u00ebr nj\u00eb pamje t\u00eb sofistikuar dhe komoditet t\u00eb p\u00ebrkryer, sandalet Marina Galanti jan\u00eb zgjedhja ideale p\u00ebr \u00e7do rast. P\u00ebrshtaten n\u00eb m\u00ebnyr\u00eb perfekte me \u00e7do veshje, duke ofruar nj\u00eb stil t\u00eb pakrahasuesh\u00ebm dhe ndjesi komode gjat\u00eb gjith\u00eb dit\u00ebs Read More\" \/>\n<meta property=\"og:url\" content=\"https:\/\/solidshoes.com\/?product=mgs25-003\" \/>\n<meta property=\"og:site_name\" content=\"Solid Shoes\" \/>\n<meta property=\"article:modified_time\" content=\"2025-06-22T19:53:56+00:00\" \/>\n<meta property=\"og:image\" content=\"https:\/\/solidshoes.com\/wp-content\/uploads\/2025\/06\/1-1.png\" \/>\n\t<meta property=\"og:image:width\" content=\"590\" \/>\n\t<meta property=\"og:image:height\" content=\"575\" \/>\n\t<meta property=\"og:image:type\" content=\"image\/png\" \/>\n<meta name=\"twitter:card\" content=\"summary_large_image\" \/>\n<meta name=\"twitter:label1\" content=\"Est. reading time\" \/>\n\t<meta name=\"twitter:data1\" content=\"1 minute\" \/>\n<script type=\"application\/ld+json\" class=\"yoast-schema-graph\">{\"@context\":\"https:\/\/schema.org\",\"@graph\":[{\"@type\":\"WebPage\",\"@id\":\"https:\/\/solidshoes.com\/?product=mgs25-003\",\"url\":\"https:\/\/solidshoes.com\/?product=mgs25-003\",\"name\":\"MGS25 003 - Solid Shoes\",\"isPartOf\":{\"@id\":\"https:\/\/solidshoes.com\/#website\"},\"primaryImageOfPage\":{\"@id\":\"https:\/\/solidshoes.com\/?product=mgs25-003#primaryimage\"},\"image\":{\"@id\":\"https:\/\/solidshoes.com\/?product=mgs25-003#primaryimage\"},\"thumbnailUrl\":\"https:\/\/solidshoes.com\/wp-content\/uploads\/2025\/06\/1-1.png\",\"datePublished\":\"2025-06-22T19:53:55+00:00\",\"dateModified\":\"2025-06-22T19:53:56+00:00\",\"breadcrumb\":{\"@id\":\"https:\/\/solidshoes.com\/?product=mgs25-003#breadcrumb\"},\"inLanguage\":\"en-US\",\"potentialAction\":[{\"@type\":\"ReadAction\",\"target\":[\"https:\/\/solidshoes.com\/?product=mgs25-003\"]}]},{\"@type\":\"ImageObject\",\"inLanguage\":\"en-US\",\"@id\":\"https:\/\/solidshoes.com\/?product=mgs25-003#primaryimage\",\"url\":\"https:\/\/solidshoes.com\/wp-content\/uploads\/2025\/06\/1-1.png\",\"contentUrl\":\"https:\/\/solidshoes.com\/wp-content\/uploads\/2025\/06\/1-1.png\",\"width\":590,\"height\":575},{\"@type\":\"BreadcrumbList\",\"@id\":\"https:\/\/solidshoes.com\/?product=mgs25-003#breadcrumb\",\"itemListElement\":[{\"@type\":\"ListItem\",\"position\":1,\"name\":\"Home\",\"item\":\"https:\/\/solidshoes.com\/\"},{\"@type\":\"ListItem\",\"position\":2,\"name\":\"Shop\",\"item\":\"https:\/\/solidshoes.com\/?page_id=9\"},{\"@type\":\"ListItem\",\"position\":3,\"name\":\"MGS25 003\"}]},{\"@type\":\"WebSite\",\"@id\":\"https:\/\/solidshoes.com\/#website\",\"url\":\"https:\/\/solidshoes.com\/\",\"name\":\"Solid Shoes\",\"description\":\"\",\"potentialAction\":[{\"@type\":\"SearchAction\",\"target\":{\"@type\":\"EntryPoint\",\"urlTemplate\":\"https:\/\/solidshoes.com\/?s={search_term_string}\"},\"query-input\":{\"@type\":\"PropertyValueSpecification\",\"valueRequired\":true,\"valueName\":\"search_term_string\"}}],\"inLanguage\":\"en-US\"}]}<\/script>\n<!-- \/ Yoast SEO plugin. -->","yoast_head_json":{"title":"MGS25 003 - Solid Shoes","robots":{"index":"index","follow":"follow","max-snippet":"max-snippet:-1","max-image-preview":"max-image-preview:large","max-video-preview":"max-video-preview:-1"},"canonical":"https:\/\/solidshoes.com\/?product=mgs25-003","og_locale":"en_US","og_type":"article","og_title":"MGS25 003 - Solid Shoes","og_description":"P\u00ebr nj\u00eb pamje t\u00eb sofistikuar dhe komoditet t\u00eb p\u00ebrkryer, sandalet Marina Galanti jan\u00eb zgjedhja ideale p\u00ebr \u00e7do rast. P\u00ebrshtaten n\u00eb m\u00ebnyr\u00eb perfekte me \u00e7do veshje, duke ofruar nj\u00eb stil t\u00eb pakrahasuesh\u00ebm dhe ndjesi komode gjat\u00eb gjith\u00eb dit\u00ebs Read More","og_url":"https:\/\/solidshoes.com\/?product=mgs25-003","og_site_name":"Solid Shoes","article_modified_time":"2025-06-22T19:53:56+00:00","og_image":[{"width":590,"height":575,"url":"https:\/\/solidshoes.com\/wp-content\/uploads\/2025\/06\/1-1.png","type":"image\/png"}],"twitter_card":"summary_large_image","twitter_misc":{"Est. reading time":"1 minute"},"schema":{"@context":"https:\/\/schema.org","@graph":[{"@type":"WebPage","@id":"https:\/\/solidshoes.com\/?product=mgs25-003","url":"https:\/\/solidshoes.com\/?product=mgs25-003","name":"MGS25 003 - Solid Shoes","isPartOf":{"@id":"https:\/\/solidshoes.com\/#website"},"primaryImageOfPage":{"@id":"https:\/\/solidshoes.com\/?product=mgs25-003#primaryimage"},"image":{"@id":"https:\/\/solidshoes.com\/?product=mgs25-003#primaryimage"},"thumbnailUrl":"https:\/\/solidshoes.com\/wp-content\/uploads\/2025\/06\/1-1.png","datePublished":"2025-06-22T19:53:55+00:00","dateModified":"2025-06-22T19:53:56+00:00","breadcrumb":{"@id":"https:\/\/solidshoes.com\/?product=mgs25-003#breadcrumb"},"inLanguage":"en-US","potentialAction":[{"@type":"ReadAction","target":["https:\/\/solidshoes.com\/?product=mgs25-003"]}]},{"@type":"ImageObject","inLanguage":"en-US","@id":"https:\/\/solidshoes.com\/?product=mgs25-003#primaryimage","url":"https:\/\/solidshoes.com\/wp-content\/uploads\/2025\/06\/1-1.png","contentUrl":"https:\/\/solidshoes.com\/wp-content\/uploads\/2025\/06\/1-1.png","width":590,"height":575},{"@type":"BreadcrumbList","@id":"https:\/\/solidshoes.com\/?product=mgs25-003#breadcrumb","itemListElement":[{"@type":"ListItem","position":1,"name":"Home","item":"https:\/\/solidshoes.com\/"},{"@type":"ListItem","position":2,"name":"Shop","item":"https:\/\/solidshoes.com\/?page_id=9"},{"@type":"ListItem","position":3,"name":"MGS25 003"}]},{"@type":"WebSite","@id":"https:\/\/solidshoes.com\/#website","url":"https:\/\/solidshoes.com\/","name":"Solid Shoes","description":"","potentialAction":[{"@type":"SearchAction","target":{"@type":"EntryPoint","urlTemplate":"https:\/\/solidshoes.com\/?s={search_term_string}"},"query-input":{"@type":"PropertyValueSpecification","valueRequired":true,"valueName":"search_term_string"}}],"inLanguage":"en-US"}]}},"brands":[{"id":151,"name":"Marina Galanti","slug":"marina-galanti"}],"_links":{"self":[{"href":"https:\/\/solidshoes.com\/index.php?rest_route=\/wp\/v2\/product\/4829","targetHints":{"allow":["GET"]}}],"collection":[{"href":"https:\/\/solidshoes.com\/index.php?rest_route=\/wp\/v2\/product"}],"about":[{"href":"https:\/\/solidshoes.com\/index.php?rest_route=\/wp\/v2\/types\/product"}],"replies":[{"embeddable":true,"href":"https:\/\/solidshoes.com\/index.php?rest_route=%2Fwp%2Fv2%2Fcomments&post=4829"}],"version-history":[{"count":1,"href":"https:\/\/solidshoes.com\/index.php?rest_route=\/wp\/v2\/product\/4829\/revisions"}],"predecessor-version":[{"id":4836,"href":"https:\/\/solidshoes.com\/index.php?rest_route=\/wp\/v2\/product\/4829\/revisions\/4836"}],"wp:featuredmedia":[{"embeddable":true,"href":"https:\/\/solidshoes.com\/index.php?rest_route=\/wp\/v2\/media\/4811"}],"wp:attachment":[{"href":"https:\/\/solidshoes.com\/index.php?rest_route=%2Fwp%2Fv2%2Fmedia&parent=4829"}],"wp:term":[{"taxonomy":"pwb-brand","embeddable":true,"href":"https:\/\/solidshoes.com\/index.php?rest_route=%2Fwp%2Fv2%2Fpwb-brand&post=4829"},{"taxonomy":"product_brand","embeddable":true,"href":"https:\/\/solidshoes.com\/index.php?rest_route=%2Fwp%2Fv2%2Fproduct_brand&post=4829"},{"taxonomy":"product_cat","embeddable":true,"href":"https:\/\/solidshoes.com\/index.php?rest_route=%2Fwp%2Fv2%2Fproduct_cat&post=4829"},{"taxonomy":"product_tag","embeddable":true,"href":"https:\/\/solidshoes.com\/index.php?rest_route=%2Fwp%2Fv2%2Fproduct_tag&post=4829"}],"curies":[{"name":"wp","href":"https:\/\/api.w.org\/{rel}","templated":true}]}}