{"id":4762,"date":"2025-06-25T12:59:50","date_gmt":"2025-06-25T12:59:50","guid":{"rendered":"https:\/\/solidshoes.com\/?post_type=product&#038;p=4762"},"modified":"2025-06-25T12:59:50","modified_gmt":"2025-06-25T12:59:50","slug":"bordessa","status":"publish","type":"product","link":"https:\/\/solidshoes.com\/?product=bordessa","title":{"rendered":"Bordessa"},"content":{"rendered":"<p>Koleksioni yn\u00eb i takave p\u00ebr femra sjell nj\u00eb balanc\u00eb perfekte mes stilit modern dhe komoditetit t\u00eb p\u00ebrditsh\u00ebm. T\u00eb dizajnuara me kujdes dhe t\u00eb punuara me materiale cil\u00ebsore, k\u00ebto taka jan\u00eb zgjedhja ideale p\u00ebr \u00e7do moment nga dita n\u00eb zyr\u00eb te mbr\u00ebmjet elegante. Sepse \u00e7do grua meriton t\u00eb ndihet elegante, e sigurt dhe rehat n\u00eb \u00e7do hap.<\/p>\n","protected":false},"excerpt":{"rendered":"<p>Koleksioni yn\u00eb i takave p\u00ebr femra sjell nj\u00eb balanc\u00eb perfekte mes stilit modern dhe komoditetit t\u00eb p\u00ebrditsh\u00ebm. T\u00eb dizajnuara me kujdes dhe t\u00eb punuara me materiale cil\u00ebsore, k\u00ebto taka jan\u00eb zgjedhja ideale p\u00ebr \u00e7do moment nga dita n\u00eb zyr\u00eb te mbr\u00ebmjet elegante. Sepse \u00e7do grua meriton t\u00eb ndihet elegante, e sigurt dhe rehat n\u00eb \u00e7do <\/p>\n<div><a class=\"zoli-read-more-link\" href=\"https:\/\/solidshoes.com\/?product=bordessa\">Read More<span class=\"lexus-icon-Icon_Next\"><\/span><\/a><\/div>\n","protected":false},"featured_media":4743,"comment_status":"open","ping_status":"closed","template":"","meta":{"_acf_changed":false},"pwb-brand":[194],"product_brand":[193],"product_cat":[89,60],"product_tag":[91],"class_list":{"0":"post-4762","1":"product","2":"type-product","3":"status-publish","4":"has-post-thumbnail","6":"pwb-brand-fornarina","7":"product_brand-fornarina","8":"product_cat-femra","9":"product_cat-kepuce-per-femra","10":"product_tag-extra-light","12":"first","13":"instock","14":"shipping-taxable","15":"purchasable","16":"product-type-variable"},"acf":[],"yoast_head":"<!-- This site is optimized with the Yoast SEO plugin v23.9 - https:\/\/yoast.com\/wordpress\/plugins\/seo\/ -->\n<title>Bordessa - Solid Shoes<\/title>\n<meta name=\"robots\" content=\"index, follow, max-snippet:-1, max-image-preview:large, max-video-preview:-1\" \/>\n<link rel=\"canonical\" href=\"https:\/\/solidshoes.com\/?product=bordessa\" \/>\n<meta property=\"og:locale\" content=\"en_US\" \/>\n<meta property=\"og:type\" content=\"article\" \/>\n<meta property=\"og:title\" content=\"Bordessa - Solid Shoes\" \/>\n<meta property=\"og:description\" content=\"Koleksioni yn\u00eb i takave p\u00ebr femra sjell nj\u00eb balanc\u00eb perfekte mes stilit modern dhe komoditetit t\u00eb p\u00ebrditsh\u00ebm. T\u00eb dizajnuara me kujdes dhe t\u00eb punuara me materiale cil\u00ebsore, k\u00ebto taka jan\u00eb zgjedhja ideale p\u00ebr \u00e7do moment nga dita n\u00eb zyr\u00eb te mbr\u00ebmjet elegante. Sepse \u00e7do grua meriton t\u00eb ndihet elegante, e sigurt dhe rehat n\u00eb \u00e7do Read More\" \/>\n<meta property=\"og:url\" content=\"https:\/\/solidshoes.com\/?product=bordessa\" \/>\n<meta property=\"og:site_name\" content=\"Solid Shoes\" \/>\n<meta property=\"og:image\" content=\"https:\/\/solidshoes.com\/wp-content\/uploads\/2025\/05\/41.png\" \/>\n\t<meta property=\"og:image:width\" content=\"1024\" \/>\n\t<meta property=\"og:image:height\" content=\"1024\" \/>\n\t<meta property=\"og:image:type\" content=\"image\/png\" \/>\n<meta name=\"twitter:card\" content=\"summary_large_image\" \/>\n<meta name=\"twitter:label1\" content=\"Est. reading time\" \/>\n\t<meta name=\"twitter:data1\" content=\"1 minute\" \/>\n<script type=\"application\/ld+json\" class=\"yoast-schema-graph\">{\"@context\":\"https:\/\/schema.org\",\"@graph\":[{\"@type\":\"WebPage\",\"@id\":\"https:\/\/solidshoes.com\/?product=bordessa\",\"url\":\"https:\/\/solidshoes.com\/?product=bordessa\",\"name\":\"Bordessa - Solid Shoes\",\"isPartOf\":{\"@id\":\"https:\/\/solidshoes.com\/#website\"},\"primaryImageOfPage\":{\"@id\":\"https:\/\/solidshoes.com\/?product=bordessa#primaryimage\"},\"image\":{\"@id\":\"https:\/\/solidshoes.com\/?product=bordessa#primaryimage\"},\"thumbnailUrl\":\"https:\/\/solidshoes.com\/wp-content\/uploads\/2025\/05\/41.png\",\"datePublished\":\"2025-06-25T12:59:50+00:00\",\"dateModified\":\"2025-06-25T12:59:50+00:00\",\"breadcrumb\":{\"@id\":\"https:\/\/solidshoes.com\/?product=bordessa#breadcrumb\"},\"inLanguage\":\"en-US\",\"potentialAction\":[{\"@type\":\"ReadAction\",\"target\":[\"https:\/\/solidshoes.com\/?product=bordessa\"]}]},{\"@type\":\"ImageObject\",\"inLanguage\":\"en-US\",\"@id\":\"https:\/\/solidshoes.com\/?product=bordessa#primaryimage\",\"url\":\"https:\/\/solidshoes.com\/wp-content\/uploads\/2025\/05\/41.png\",\"contentUrl\":\"https:\/\/solidshoes.com\/wp-content\/uploads\/2025\/05\/41.png\",\"width\":1024,\"height\":1024},{\"@type\":\"BreadcrumbList\",\"@id\":\"https:\/\/solidshoes.com\/?product=bordessa#breadcrumb\",\"itemListElement\":[{\"@type\":\"ListItem\",\"position\":1,\"name\":\"Home\",\"item\":\"https:\/\/solidshoes.com\/\"},{\"@type\":\"ListItem\",\"position\":2,\"name\":\"Shop\",\"item\":\"https:\/\/solidshoes.com\/?page_id=9\"},{\"@type\":\"ListItem\",\"position\":3,\"name\":\"Bordessa\"}]},{\"@type\":\"WebSite\",\"@id\":\"https:\/\/solidshoes.com\/#website\",\"url\":\"https:\/\/solidshoes.com\/\",\"name\":\"Solid Shoes\",\"description\":\"\",\"potentialAction\":[{\"@type\":\"SearchAction\",\"target\":{\"@type\":\"EntryPoint\",\"urlTemplate\":\"https:\/\/solidshoes.com\/?s={search_term_string}\"},\"query-input\":{\"@type\":\"PropertyValueSpecification\",\"valueRequired\":true,\"valueName\":\"search_term_string\"}}],\"inLanguage\":\"en-US\"}]}<\/script>\n<!-- \/ Yoast SEO plugin. -->","yoast_head_json":{"title":"Bordessa - Solid Shoes","robots":{"index":"index","follow":"follow","max-snippet":"max-snippet:-1","max-image-preview":"max-image-preview:large","max-video-preview":"max-video-preview:-1"},"canonical":"https:\/\/solidshoes.com\/?product=bordessa","og_locale":"en_US","og_type":"article","og_title":"Bordessa - Solid Shoes","og_description":"Koleksioni yn\u00eb i takave p\u00ebr femra sjell nj\u00eb balanc\u00eb perfekte mes stilit modern dhe komoditetit t\u00eb p\u00ebrditsh\u00ebm. T\u00eb dizajnuara me kujdes dhe t\u00eb punuara me materiale cil\u00ebsore, k\u00ebto taka jan\u00eb zgjedhja ideale p\u00ebr \u00e7do moment nga dita n\u00eb zyr\u00eb te mbr\u00ebmjet elegante. Sepse \u00e7do grua meriton t\u00eb ndihet elegante, e sigurt dhe rehat n\u00eb \u00e7do Read More","og_url":"https:\/\/solidshoes.com\/?product=bordessa","og_site_name":"Solid Shoes","og_image":[{"width":1024,"height":1024,"url":"https:\/\/solidshoes.com\/wp-content\/uploads\/2025\/05\/41.png","type":"image\/png"}],"twitter_card":"summary_large_image","twitter_misc":{"Est. reading time":"1 minute"},"schema":{"@context":"https:\/\/schema.org","@graph":[{"@type":"WebPage","@id":"https:\/\/solidshoes.com\/?product=bordessa","url":"https:\/\/solidshoes.com\/?product=bordessa","name":"Bordessa - Solid Shoes","isPartOf":{"@id":"https:\/\/solidshoes.com\/#website"},"primaryImageOfPage":{"@id":"https:\/\/solidshoes.com\/?product=bordessa#primaryimage"},"image":{"@id":"https:\/\/solidshoes.com\/?product=bordessa#primaryimage"},"thumbnailUrl":"https:\/\/solidshoes.com\/wp-content\/uploads\/2025\/05\/41.png","datePublished":"2025-06-25T12:59:50+00:00","dateModified":"2025-06-25T12:59:50+00:00","breadcrumb":{"@id":"https:\/\/solidshoes.com\/?product=bordessa#breadcrumb"},"inLanguage":"en-US","potentialAction":[{"@type":"ReadAction","target":["https:\/\/solidshoes.com\/?product=bordessa"]}]},{"@type":"ImageObject","inLanguage":"en-US","@id":"https:\/\/solidshoes.com\/?product=bordessa#primaryimage","url":"https:\/\/solidshoes.com\/wp-content\/uploads\/2025\/05\/41.png","contentUrl":"https:\/\/solidshoes.com\/wp-content\/uploads\/2025\/05\/41.png","width":1024,"height":1024},{"@type":"BreadcrumbList","@id":"https:\/\/solidshoes.com\/?product=bordessa#breadcrumb","itemListElement":[{"@type":"ListItem","position":1,"name":"Home","item":"https:\/\/solidshoes.com\/"},{"@type":"ListItem","position":2,"name":"Shop","item":"https:\/\/solidshoes.com\/?page_id=9"},{"@type":"ListItem","position":3,"name":"Bordessa"}]},{"@type":"WebSite","@id":"https:\/\/solidshoes.com\/#website","url":"https:\/\/solidshoes.com\/","name":"Solid Shoes","description":"","potentialAction":[{"@type":"SearchAction","target":{"@type":"EntryPoint","urlTemplate":"https:\/\/solidshoes.com\/?s={search_term_string}"},"query-input":{"@type":"PropertyValueSpecification","valueRequired":true,"valueName":"search_term_string"}}],"inLanguage":"en-US"}]}},"brands":[{"id":194,"name":"Fornarina","slug":"fornarina"}],"_links":{"self":[{"href":"https:\/\/solidshoes.com\/index.php?rest_route=\/wp\/v2\/product\/4762","targetHints":{"allow":["GET"]}}],"collection":[{"href":"https:\/\/solidshoes.com\/index.php?rest_route=\/wp\/v2\/product"}],"about":[{"href":"https:\/\/solidshoes.com\/index.php?rest_route=\/wp\/v2\/types\/product"}],"replies":[{"embeddable":true,"href":"https:\/\/solidshoes.com\/index.php?rest_route=%2Fwp%2Fv2%2Fcomments&post=4762"}],"version-history":[{"count":2,"href":"https:\/\/solidshoes.com\/index.php?rest_route=\/wp\/v2\/product\/4762\/revisions"}],"predecessor-version":[{"id":4949,"href":"https:\/\/solidshoes.com\/index.php?rest_route=\/wp\/v2\/product\/4762\/revisions\/4949"}],"wp:featuredmedia":[{"embeddable":true,"href":"https:\/\/solidshoes.com\/index.php?rest_route=\/wp\/v2\/media\/4743"}],"wp:attachment":[{"href":"https:\/\/solidshoes.com\/index.php?rest_route=%2Fwp%2Fv2%2Fmedia&parent=4762"}],"wp:term":[{"taxonomy":"pwb-brand","embeddable":true,"href":"https:\/\/solidshoes.com\/index.php?rest_route=%2Fwp%2Fv2%2Fpwb-brand&post=4762"},{"taxonomy":"product_brand","embeddable":true,"href":"https:\/\/solidshoes.com\/index.php?rest_route=%2Fwp%2Fv2%2Fproduct_brand&post=4762"},{"taxonomy":"product_cat","embeddable":true,"href":"https:\/\/solidshoes.com\/index.php?rest_route=%2Fwp%2Fv2%2Fproduct_cat&post=4762"},{"taxonomy":"product_tag","embeddable":true,"href":"https:\/\/solidshoes.com\/index.php?rest_route=%2Fwp%2Fv2%2Fproduct_tag&post=4762"}],"curies":[{"name":"wp","href":"https:\/\/api.w.org\/{rel}","templated":true}]}}