{"id":4443,"date":"2025-05-19T16:19:54","date_gmt":"2025-05-19T16:19:54","guid":{"rendered":"https:\/\/solidshoes.com\/?post_type=product&#038;p=4443"},"modified":"2025-05-19T16:44:13","modified_gmt":"2025-05-19T16:44:13","slug":"mia-nero-2","status":"publish","type":"product","link":"https:\/\/solidshoes.com\/?product=mia-nero-2","title":{"rendered":"MIA NERO"},"content":{"rendered":"<p><span class=\"_fadeIn_m1hgl_8\">Papu\u00e7e <\/span><span class=\"_fadeIn_m1hgl_8\">t\u00eb <\/span><span class=\"_fadeIn_m1hgl_8\">punuara <\/span><span class=\"_fadeIn_m1hgl_8\">me <\/span><span class=\"_fadeIn_m1hgl_8\">kujdes, <\/span><span class=\"_fadeIn_m1hgl_8\">100% <\/span><span class=\"_fadeIn_m1hgl_8\">l\u00ebkur\u00eb <\/span><span class=\"_fadeIn_m1hgl_8\">si <\/span><span class=\"_fadeIn_m1hgl_8\">nga <\/span><span class=\"_fadeIn_m1hgl_8\">brenda <\/span><span class=\"_fadeIn_m1hgl_8\">ashtu <\/span><span class=\"_fadeIn_m1hgl_8\">edhe <\/span><span class=\"_fadeIn_m1hgl_8\">nga <\/span><span class=\"_fadeIn_m1hgl_8\">jasht\u00eb. <\/span><span class=\"_fadeIn_m1hgl_8\">Super <\/span><span class=\"_fadeIn_m1hgl_8\">t\u00eb <\/span><span class=\"_fadeIn_m1hgl_8\">lehta <\/span><span class=\"_fadeIn_m1hgl_8\">dhe <\/span><span class=\"_fadeIn_m1hgl_8\">t\u00eb <\/span><span class=\"_fadeIn_m1hgl_8\">rehatshme, <\/span><span class=\"_fadeIn_m1hgl_8\">krijuar <\/span><span class=\"_fadeIn_m1hgl_8\">p\u00ebr <\/span><span class=\"_fadeIn_m1hgl_8\">t\u2019u <\/span><span class=\"_fadeIn_m1hgl_8\">p\u00ebrshtatur <\/span><span class=\"_fadeIn_m1hgl_8\">n\u00eb <\/span><span class=\"_fadeIn_m1hgl_8\">m\u00ebnyr\u00eb <\/span><span class=\"_fadeIn_m1hgl_8\">perfekte <\/span><span class=\"_fadeIn_m1hgl_8\">me <\/span><span class=\"_fadeIn_m1hgl_8\">k\u00ebmb\u00ebn <\/span><span class=\"_fadeIn_m1hgl_8\">tuaj. <\/span><span class=\"_fadeIn_m1hgl_8\">Dizajn <\/span><span class=\"_fadeIn_m1hgl_8\">modern <\/span><span class=\"_fadeIn_m1hgl_8\">dhe <\/span><span class=\"_fadeIn_m1hgl_8\">stil <\/span><span class=\"_fadeIn_m1hgl_8\">elegant <\/span><span class=\"_fadeIn_m1hgl_8\">q\u00eb <\/span><span class=\"_fadeIn_m1hgl_8\">i <\/span><span class=\"_fadeIn_m1hgl_8\">b\u00ebn <\/span><span class=\"_fadeIn_m1hgl_8\">t\u00eb <\/span><span class=\"_fadeIn_m1hgl_8\">p\u00ebrkryera <\/span><span class=\"_fadeIn_m1hgl_8\">p\u00ebr <\/span><span class=\"_fadeIn_m1hgl_8\">\u00e7do <\/span><span class=\"_fadeIn_m1hgl_8\">dit\u00eb<\/span><\/p>\n","protected":false},"excerpt":{"rendered":"<p>Papu\u00e7e t\u00eb punuara me kujdes, 100% l\u00ebkur\u00eb si nga brenda ashtu edhe nga jasht\u00eb. Super t\u00eb lehta dhe t\u00eb rehatshme, krijuar p\u00ebr t\u2019u p\u00ebrshtatur n\u00eb m\u00ebnyr\u00eb perfekte me k\u00ebmb\u00ebn tuaj. Dizajn modern dhe stil elegant q\u00eb i b\u00ebn t\u00eb p\u00ebrkryera p\u00ebr \u00e7do dit\u00eb <\/p>\n<div><a class=\"zoli-read-more-link\" href=\"https:\/\/solidshoes.com\/?product=mia-nero-2\">Read More<span class=\"lexus-icon-Icon_Next\"><\/span><\/a><\/div>\n","protected":false},"featured_media":4457,"comment_status":"open","ping_status":"closed","template":"","meta":{"_acf_changed":false},"pwb-brand":[153],"product_brand":[149],"product_cat":[89,175],"product_tag":[159,40,91,39],"class_list":{"0":"post-4443","1":"product","2":"type-product","3":"status-publish","4":"has-post-thumbnail","6":"pwb-brand-solid","7":"product_brand-solid","8":"product_cat-femra","9":"product_cat-papuce","10":"product_tag-100-lekure","11":"product_tag-comfort","12":"product_tag-extra-light","13":"product_tag-lekure","15":"first","16":"instock","17":"sale","18":"shipping-taxable","19":"purchasable","20":"product-type-variable"},"acf":[],"yoast_head":"<!-- This site is optimized with the Yoast SEO plugin v23.9 - https:\/\/yoast.com\/wordpress\/plugins\/seo\/ -->\n<title>MIA NERO - Solid Shoes<\/title>\n<meta name=\"robots\" content=\"index, follow, max-snippet:-1, max-image-preview:large, max-video-preview:-1\" \/>\n<link rel=\"canonical\" href=\"https:\/\/solidshoes.com\/?product=mia-nero-2\" \/>\n<meta property=\"og:locale\" content=\"en_US\" \/>\n<meta property=\"og:type\" content=\"article\" \/>\n<meta property=\"og:title\" content=\"MIA NERO - Solid Shoes\" \/>\n<meta property=\"og:description\" content=\"Papu\u00e7e t\u00eb punuara me kujdes, 100% l\u00ebkur\u00eb si nga brenda ashtu edhe nga jasht\u00eb. Super t\u00eb lehta dhe t\u00eb rehatshme, krijuar p\u00ebr t\u2019u p\u00ebrshtatur n\u00eb m\u00ebnyr\u00eb perfekte me k\u00ebmb\u00ebn tuaj. Dizajn modern dhe stil elegant q\u00eb i b\u00ebn t\u00eb p\u00ebrkryera p\u00ebr \u00e7do dit\u00eb Read More\" \/>\n<meta property=\"og:url\" content=\"https:\/\/solidshoes.com\/?product=mia-nero-2\" \/>\n<meta property=\"og:site_name\" content=\"Solid Shoes\" \/>\n<meta property=\"article:modified_time\" content=\"2025-05-19T16:44:13+00:00\" \/>\n<meta property=\"og:image\" content=\"https:\/\/solidshoes.com\/wp-content\/uploads\/2025\/05\/5-11.png\" \/>\n\t<meta property=\"og:image:width\" content=\"800\" \/>\n\t<meta property=\"og:image:height\" content=\"800\" \/>\n\t<meta property=\"og:image:type\" content=\"image\/png\" \/>\n<meta name=\"twitter:card\" content=\"summary_large_image\" \/>\n<meta name=\"twitter:label1\" content=\"Est. reading time\" \/>\n\t<meta name=\"twitter:data1\" content=\"1 minute\" \/>\n<script type=\"application\/ld+json\" class=\"yoast-schema-graph\">{\"@context\":\"https:\/\/schema.org\",\"@graph\":[{\"@type\":\"WebPage\",\"@id\":\"https:\/\/solidshoes.com\/?product=mia-nero-2\",\"url\":\"https:\/\/solidshoes.com\/?product=mia-nero-2\",\"name\":\"MIA NERO - Solid Shoes\",\"isPartOf\":{\"@id\":\"https:\/\/solidshoes.com\/#website\"},\"primaryImageOfPage\":{\"@id\":\"https:\/\/solidshoes.com\/?product=mia-nero-2#primaryimage\"},\"image\":{\"@id\":\"https:\/\/solidshoes.com\/?product=mia-nero-2#primaryimage\"},\"thumbnailUrl\":\"https:\/\/solidshoes.com\/wp-content\/uploads\/2025\/05\/5-11.png\",\"datePublished\":\"2025-05-19T16:19:54+00:00\",\"dateModified\":\"2025-05-19T16:44:13+00:00\",\"breadcrumb\":{\"@id\":\"https:\/\/solidshoes.com\/?product=mia-nero-2#breadcrumb\"},\"inLanguage\":\"en-US\",\"potentialAction\":[{\"@type\":\"ReadAction\",\"target\":[\"https:\/\/solidshoes.com\/?product=mia-nero-2\"]}]},{\"@type\":\"ImageObject\",\"inLanguage\":\"en-US\",\"@id\":\"https:\/\/solidshoes.com\/?product=mia-nero-2#primaryimage\",\"url\":\"https:\/\/solidshoes.com\/wp-content\/uploads\/2025\/05\/5-11.png\",\"contentUrl\":\"https:\/\/solidshoes.com\/wp-content\/uploads\/2025\/05\/5-11.png\",\"width\":800,\"height\":800},{\"@type\":\"BreadcrumbList\",\"@id\":\"https:\/\/solidshoes.com\/?product=mia-nero-2#breadcrumb\",\"itemListElement\":[{\"@type\":\"ListItem\",\"position\":1,\"name\":\"Home\",\"item\":\"https:\/\/solidshoes.com\/\"},{\"@type\":\"ListItem\",\"position\":2,\"name\":\"Shop\",\"item\":\"https:\/\/solidshoes.com\/?page_id=9\"},{\"@type\":\"ListItem\",\"position\":3,\"name\":\"MIA NERO\"}]},{\"@type\":\"WebSite\",\"@id\":\"https:\/\/solidshoes.com\/#website\",\"url\":\"https:\/\/solidshoes.com\/\",\"name\":\"Solid Shoes\",\"description\":\"\",\"potentialAction\":[{\"@type\":\"SearchAction\",\"target\":{\"@type\":\"EntryPoint\",\"urlTemplate\":\"https:\/\/solidshoes.com\/?s={search_term_string}\"},\"query-input\":{\"@type\":\"PropertyValueSpecification\",\"valueRequired\":true,\"valueName\":\"search_term_string\"}}],\"inLanguage\":\"en-US\"}]}<\/script>\n<!-- \/ Yoast SEO plugin. -->","yoast_head_json":{"title":"MIA NERO - Solid Shoes","robots":{"index":"index","follow":"follow","max-snippet":"max-snippet:-1","max-image-preview":"max-image-preview:large","max-video-preview":"max-video-preview:-1"},"canonical":"https:\/\/solidshoes.com\/?product=mia-nero-2","og_locale":"en_US","og_type":"article","og_title":"MIA NERO - Solid Shoes","og_description":"Papu\u00e7e t\u00eb punuara me kujdes, 100% l\u00ebkur\u00eb si nga brenda ashtu edhe nga jasht\u00eb. Super t\u00eb lehta dhe t\u00eb rehatshme, krijuar p\u00ebr t\u2019u p\u00ebrshtatur n\u00eb m\u00ebnyr\u00eb perfekte me k\u00ebmb\u00ebn tuaj. Dizajn modern dhe stil elegant q\u00eb i b\u00ebn t\u00eb p\u00ebrkryera p\u00ebr \u00e7do dit\u00eb Read More","og_url":"https:\/\/solidshoes.com\/?product=mia-nero-2","og_site_name":"Solid Shoes","article_modified_time":"2025-05-19T16:44:13+00:00","og_image":[{"width":800,"height":800,"url":"https:\/\/solidshoes.com\/wp-content\/uploads\/2025\/05\/5-11.png","type":"image\/png"}],"twitter_card":"summary_large_image","twitter_misc":{"Est. reading time":"1 minute"},"schema":{"@context":"https:\/\/schema.org","@graph":[{"@type":"WebPage","@id":"https:\/\/solidshoes.com\/?product=mia-nero-2","url":"https:\/\/solidshoes.com\/?product=mia-nero-2","name":"MIA NERO - Solid Shoes","isPartOf":{"@id":"https:\/\/solidshoes.com\/#website"},"primaryImageOfPage":{"@id":"https:\/\/solidshoes.com\/?product=mia-nero-2#primaryimage"},"image":{"@id":"https:\/\/solidshoes.com\/?product=mia-nero-2#primaryimage"},"thumbnailUrl":"https:\/\/solidshoes.com\/wp-content\/uploads\/2025\/05\/5-11.png","datePublished":"2025-05-19T16:19:54+00:00","dateModified":"2025-05-19T16:44:13+00:00","breadcrumb":{"@id":"https:\/\/solidshoes.com\/?product=mia-nero-2#breadcrumb"},"inLanguage":"en-US","potentialAction":[{"@type":"ReadAction","target":["https:\/\/solidshoes.com\/?product=mia-nero-2"]}]},{"@type":"ImageObject","inLanguage":"en-US","@id":"https:\/\/solidshoes.com\/?product=mia-nero-2#primaryimage","url":"https:\/\/solidshoes.com\/wp-content\/uploads\/2025\/05\/5-11.png","contentUrl":"https:\/\/solidshoes.com\/wp-content\/uploads\/2025\/05\/5-11.png","width":800,"height":800},{"@type":"BreadcrumbList","@id":"https:\/\/solidshoes.com\/?product=mia-nero-2#breadcrumb","itemListElement":[{"@type":"ListItem","position":1,"name":"Home","item":"https:\/\/solidshoes.com\/"},{"@type":"ListItem","position":2,"name":"Shop","item":"https:\/\/solidshoes.com\/?page_id=9"},{"@type":"ListItem","position":3,"name":"MIA NERO"}]},{"@type":"WebSite","@id":"https:\/\/solidshoes.com\/#website","url":"https:\/\/solidshoes.com\/","name":"Solid Shoes","description":"","potentialAction":[{"@type":"SearchAction","target":{"@type":"EntryPoint","urlTemplate":"https:\/\/solidshoes.com\/?s={search_term_string}"},"query-input":{"@type":"PropertyValueSpecification","valueRequired":true,"valueName":"search_term_string"}}],"inLanguage":"en-US"}]}},"brands":[{"id":153,"name":"Solid Shoes","slug":"solid"}],"_links":{"self":[{"href":"https:\/\/solidshoes.com\/index.php?rest_route=\/wp\/v2\/product\/4443","targetHints":{"allow":["GET"]}}],"collection":[{"href":"https:\/\/solidshoes.com\/index.php?rest_route=\/wp\/v2\/product"}],"about":[{"href":"https:\/\/solidshoes.com\/index.php?rest_route=\/wp\/v2\/types\/product"}],"replies":[{"embeddable":true,"href":"https:\/\/solidshoes.com\/index.php?rest_route=%2Fwp%2Fv2%2Fcomments&post=4443"}],"version-history":[{"count":2,"href":"https:\/\/solidshoes.com\/index.php?rest_route=\/wp\/v2\/product\/4443\/revisions"}],"predecessor-version":[{"id":4569,"href":"https:\/\/solidshoes.com\/index.php?rest_route=\/wp\/v2\/product\/4443\/revisions\/4569"}],"wp:featuredmedia":[{"embeddable":true,"href":"https:\/\/solidshoes.com\/index.php?rest_route=\/wp\/v2\/media\/4457"}],"wp:attachment":[{"href":"https:\/\/solidshoes.com\/index.php?rest_route=%2Fwp%2Fv2%2Fmedia&parent=4443"}],"wp:term":[{"taxonomy":"pwb-brand","embeddable":true,"href":"https:\/\/solidshoes.com\/index.php?rest_route=%2Fwp%2Fv2%2Fpwb-brand&post=4443"},{"taxonomy":"product_brand","embeddable":true,"href":"https:\/\/solidshoes.com\/index.php?rest_route=%2Fwp%2Fv2%2Fproduct_brand&post=4443"},{"taxonomy":"product_cat","embeddable":true,"href":"https:\/\/solidshoes.com\/index.php?rest_route=%2Fwp%2Fv2%2Fproduct_cat&post=4443"},{"taxonomy":"product_tag","embeddable":true,"href":"https:\/\/solidshoes.com\/index.php?rest_route=%2Fwp%2Fv2%2Fproduct_tag&post=4443"}],"curies":[{"name":"wp","href":"https:\/\/api.w.org\/{rel}","templated":true}]}}