{"id":4249,"date":"2025-05-09T21:27:59","date_gmt":"2025-05-09T21:27:59","guid":{"rendered":"https:\/\/solidshoes.com\/?post_type=product&#038;p=4249"},"modified":"2025-05-19T16:39:15","modified_gmt":"2025-05-19T16:39:15","slug":"basket1","status":"publish","type":"product","link":"https:\/\/solidshoes.com\/?product=basket1","title":{"rendered":"BASKET1"},"content":{"rendered":"<p><span class=\"_fadeIn_m1hgl_8\">T\u00eb <\/span><span class=\"_fadeIn_m1hgl_8\">lehta, <\/span><span class=\"_fadeIn_m1hgl_8\">elegante <\/span><span class=\"_fadeIn_m1hgl_8\">dhe <\/span><span class=\"_fadeIn_m1hgl_8\">t\u00eb <\/span><span class=\"_fadeIn_m1hgl_8\">punuara <\/span><span class=\"_fadeIn_m1hgl_8\">me <\/span><span class=\"_fadeIn_m1hgl_8\">kujdes <\/span><span class=\"_fadeIn_m1hgl_8\">nga <\/span><span class=\"_fadeIn_m1hgl_8\">artizan\u00eb <\/span><span class=\"_fadeIn_m1hgl_8\">vendas.<\/span><br data-start=\"253\" data-end=\"256\" \/><span class=\"_fadeIn_m1hgl_8\">K\u00ebpuc\u00eb <\/span><span class=\"_fadeIn_m1hgl_8\">q\u00eb <\/span><span class=\"_fadeIn_m1hgl_8\">ofrojn\u00eb <\/span><span class=\"_fadeIn_m1hgl_8\">komoditet <\/span><span class=\"_fadeIn_m1hgl_8\">gjat\u00eb <\/span><span class=\"_fadeIn_m1hgl_8\">gjith\u00eb <\/span><span class=\"_fadeIn_m1hgl_8\">dit\u00ebs, <\/span><span class=\"_fadeIn_m1hgl_8\">fal\u00eb <\/span><span class=\"_fadeIn_m1hgl_8\">l\u00ebkur\u00ebs origjinale.<\/span><br data-start=\"355\" data-end=\"358\" \/><span class=\"_fadeIn_m1hgl_8\">Zgjedhja <\/span><span class=\"_fadeIn_m1hgl_8\">ideale <\/span><span class=\"_fadeIn_m1hgl_8\">p\u00ebr <\/span><span class=\"_fadeIn_m1hgl_8\">burrat <\/span><span class=\"_fadeIn_m1hgl_8\">q\u00eb <\/span><span class=\"_fadeIn_m1hgl_8\">duan <\/span><span class=\"_fadeIn_m1hgl_8\">stil <\/span><span class=\"_fadeIn_m1hgl_8\">dhe <\/span><span class=\"_fadeIn_m1hgl_8\">q\u00ebndrueshm\u00ebri <\/span><span class=\"_fadeIn_m1hgl_8\">n\u00eb <\/span><span class=\"_fadeIn_m1hgl_8\">\u00e7do <\/span><span class=\"_fadeIn_m1hgl_8\">hap.<\/span><\/p>\n","protected":false},"excerpt":{"rendered":"<p>T\u00eb lehta, elegante dhe t\u00eb punuara me kujdes nga artizan\u00eb vendas.K\u00ebpuc\u00eb q\u00eb ofrojn\u00eb komoditet gjat\u00eb gjith\u00eb dit\u00ebs, fal\u00eb l\u00ebkur\u00ebs origjinale.Zgjedhja ideale p\u00ebr burrat q\u00eb duan stil dhe q\u00ebndrueshm\u00ebri n\u00eb \u00e7do hap. <\/p>\n<div><a class=\"zoli-read-more-link\" href=\"https:\/\/solidshoes.com\/?product=basket1\">Read More<span class=\"lexus-icon-Icon_Next\"><\/span><\/a><\/div>\n","protected":false},"featured_media":4251,"comment_status":"open","ping_status":"closed","template":"","meta":{"_acf_changed":false},"pwb-brand":[153],"product_brand":[149],"product_cat":[88,90],"product_tag":[],"class_list":{"0":"post-4249","1":"product","2":"type-product","3":"status-publish","4":"has-post-thumbnail","6":"pwb-brand-solid","7":"product_brand-solid","8":"product_cat-meshkuj","9":"product_cat-patika-per-meshkuj","11":"first","12":"instock","13":"sale","14":"shipping-taxable","15":"purchasable","16":"product-type-variable"},"acf":[],"yoast_head":"<!-- This site is optimized with the Yoast SEO plugin v23.9 - https:\/\/yoast.com\/wordpress\/plugins\/seo\/ -->\n<title>BASKET1 - Solid Shoes<\/title>\n<meta name=\"robots\" content=\"index, follow, max-snippet:-1, max-image-preview:large, max-video-preview:-1\" \/>\n<link rel=\"canonical\" href=\"https:\/\/solidshoes.com\/?product=basket1\" \/>\n<meta property=\"og:locale\" content=\"en_US\" \/>\n<meta property=\"og:type\" content=\"article\" \/>\n<meta property=\"og:title\" content=\"BASKET1 - Solid Shoes\" \/>\n<meta property=\"og:description\" content=\"T\u00eb lehta, elegante dhe t\u00eb punuara me kujdes nga artizan\u00eb vendas.K\u00ebpuc\u00eb q\u00eb ofrojn\u00eb komoditet gjat\u00eb gjith\u00eb dit\u00ebs, fal\u00eb l\u00ebkur\u00ebs origjinale.Zgjedhja ideale p\u00ebr burrat q\u00eb duan stil dhe q\u00ebndrueshm\u00ebri n\u00eb \u00e7do hap. Read More\" \/>\n<meta property=\"og:url\" content=\"https:\/\/solidshoes.com\/?product=basket1\" \/>\n<meta property=\"og:site_name\" content=\"Solid Shoes\" \/>\n<meta property=\"article:modified_time\" content=\"2025-05-19T16:39:15+00:00\" \/>\n<meta property=\"og:image\" content=\"https:\/\/solidshoes.com\/wp-content\/uploads\/2025\/05\/1-11.png\" \/>\n\t<meta property=\"og:image:width\" content=\"1280\" \/>\n\t<meta property=\"og:image:height\" content=\"1280\" \/>\n\t<meta property=\"og:image:type\" content=\"image\/png\" \/>\n<meta name=\"twitter:card\" content=\"summary_large_image\" \/>\n<meta name=\"twitter:label1\" content=\"Est. reading time\" \/>\n\t<meta name=\"twitter:data1\" content=\"1 minute\" \/>\n<script type=\"application\/ld+json\" class=\"yoast-schema-graph\">{\"@context\":\"https:\/\/schema.org\",\"@graph\":[{\"@type\":\"WebPage\",\"@id\":\"https:\/\/solidshoes.com\/?product=basket1\",\"url\":\"https:\/\/solidshoes.com\/?product=basket1\",\"name\":\"BASKET1 - Solid Shoes\",\"isPartOf\":{\"@id\":\"https:\/\/solidshoes.com\/#website\"},\"primaryImageOfPage\":{\"@id\":\"https:\/\/solidshoes.com\/?product=basket1#primaryimage\"},\"image\":{\"@id\":\"https:\/\/solidshoes.com\/?product=basket1#primaryimage\"},\"thumbnailUrl\":\"https:\/\/solidshoes.com\/wp-content\/uploads\/2025\/05\/1-11.png\",\"datePublished\":\"2025-05-09T21:27:59+00:00\",\"dateModified\":\"2025-05-19T16:39:15+00:00\",\"breadcrumb\":{\"@id\":\"https:\/\/solidshoes.com\/?product=basket1#breadcrumb\"},\"inLanguage\":\"en-US\",\"potentialAction\":[{\"@type\":\"ReadAction\",\"target\":[\"https:\/\/solidshoes.com\/?product=basket1\"]}]},{\"@type\":\"ImageObject\",\"inLanguage\":\"en-US\",\"@id\":\"https:\/\/solidshoes.com\/?product=basket1#primaryimage\",\"url\":\"https:\/\/solidshoes.com\/wp-content\/uploads\/2025\/05\/1-11.png\",\"contentUrl\":\"https:\/\/solidshoes.com\/wp-content\/uploads\/2025\/05\/1-11.png\",\"width\":1280,\"height\":1280},{\"@type\":\"BreadcrumbList\",\"@id\":\"https:\/\/solidshoes.com\/?product=basket1#breadcrumb\",\"itemListElement\":[{\"@type\":\"ListItem\",\"position\":1,\"name\":\"Home\",\"item\":\"https:\/\/solidshoes.com\/\"},{\"@type\":\"ListItem\",\"position\":2,\"name\":\"Shop\",\"item\":\"https:\/\/solidshoes.com\/?page_id=9\"},{\"@type\":\"ListItem\",\"position\":3,\"name\":\"BASKET1\"}]},{\"@type\":\"WebSite\",\"@id\":\"https:\/\/solidshoes.com\/#website\",\"url\":\"https:\/\/solidshoes.com\/\",\"name\":\"Solid Shoes\",\"description\":\"\",\"potentialAction\":[{\"@type\":\"SearchAction\",\"target\":{\"@type\":\"EntryPoint\",\"urlTemplate\":\"https:\/\/solidshoes.com\/?s={search_term_string}\"},\"query-input\":{\"@type\":\"PropertyValueSpecification\",\"valueRequired\":true,\"valueName\":\"search_term_string\"}}],\"inLanguage\":\"en-US\"}]}<\/script>\n<!-- \/ Yoast SEO plugin. -->","yoast_head_json":{"title":"BASKET1 - Solid Shoes","robots":{"index":"index","follow":"follow","max-snippet":"max-snippet:-1","max-image-preview":"max-image-preview:large","max-video-preview":"max-video-preview:-1"},"canonical":"https:\/\/solidshoes.com\/?product=basket1","og_locale":"en_US","og_type":"article","og_title":"BASKET1 - Solid Shoes","og_description":"T\u00eb lehta, elegante dhe t\u00eb punuara me kujdes nga artizan\u00eb vendas.K\u00ebpuc\u00eb q\u00eb ofrojn\u00eb komoditet gjat\u00eb gjith\u00eb dit\u00ebs, fal\u00eb l\u00ebkur\u00ebs origjinale.Zgjedhja ideale p\u00ebr burrat q\u00eb duan stil dhe q\u00ebndrueshm\u00ebri n\u00eb \u00e7do hap. Read More","og_url":"https:\/\/solidshoes.com\/?product=basket1","og_site_name":"Solid Shoes","article_modified_time":"2025-05-19T16:39:15+00:00","og_image":[{"width":1280,"height":1280,"url":"https:\/\/solidshoes.com\/wp-content\/uploads\/2025\/05\/1-11.png","type":"image\/png"}],"twitter_card":"summary_large_image","twitter_misc":{"Est. reading time":"1 minute"},"schema":{"@context":"https:\/\/schema.org","@graph":[{"@type":"WebPage","@id":"https:\/\/solidshoes.com\/?product=basket1","url":"https:\/\/solidshoes.com\/?product=basket1","name":"BASKET1 - Solid Shoes","isPartOf":{"@id":"https:\/\/solidshoes.com\/#website"},"primaryImageOfPage":{"@id":"https:\/\/solidshoes.com\/?product=basket1#primaryimage"},"image":{"@id":"https:\/\/solidshoes.com\/?product=basket1#primaryimage"},"thumbnailUrl":"https:\/\/solidshoes.com\/wp-content\/uploads\/2025\/05\/1-11.png","datePublished":"2025-05-09T21:27:59+00:00","dateModified":"2025-05-19T16:39:15+00:00","breadcrumb":{"@id":"https:\/\/solidshoes.com\/?product=basket1#breadcrumb"},"inLanguage":"en-US","potentialAction":[{"@type":"ReadAction","target":["https:\/\/solidshoes.com\/?product=basket1"]}]},{"@type":"ImageObject","inLanguage":"en-US","@id":"https:\/\/solidshoes.com\/?product=basket1#primaryimage","url":"https:\/\/solidshoes.com\/wp-content\/uploads\/2025\/05\/1-11.png","contentUrl":"https:\/\/solidshoes.com\/wp-content\/uploads\/2025\/05\/1-11.png","width":1280,"height":1280},{"@type":"BreadcrumbList","@id":"https:\/\/solidshoes.com\/?product=basket1#breadcrumb","itemListElement":[{"@type":"ListItem","position":1,"name":"Home","item":"https:\/\/solidshoes.com\/"},{"@type":"ListItem","position":2,"name":"Shop","item":"https:\/\/solidshoes.com\/?page_id=9"},{"@type":"ListItem","position":3,"name":"BASKET1"}]},{"@type":"WebSite","@id":"https:\/\/solidshoes.com\/#website","url":"https:\/\/solidshoes.com\/","name":"Solid Shoes","description":"","potentialAction":[{"@type":"SearchAction","target":{"@type":"EntryPoint","urlTemplate":"https:\/\/solidshoes.com\/?s={search_term_string}"},"query-input":{"@type":"PropertyValueSpecification","valueRequired":true,"valueName":"search_term_string"}}],"inLanguage":"en-US"}]}},"brands":[{"id":153,"name":"Solid Shoes","slug":"solid"}],"_links":{"self":[{"href":"https:\/\/solidshoes.com\/index.php?rest_route=\/wp\/v2\/product\/4249","targetHints":{"allow":["GET"]}}],"collection":[{"href":"https:\/\/solidshoes.com\/index.php?rest_route=\/wp\/v2\/product"}],"about":[{"href":"https:\/\/solidshoes.com\/index.php?rest_route=\/wp\/v2\/types\/product"}],"replies":[{"embeddable":true,"href":"https:\/\/solidshoes.com\/index.php?rest_route=%2Fwp%2Fv2%2Fcomments&post=4249"}],"version-history":[{"count":1,"href":"https:\/\/solidshoes.com\/index.php?rest_route=\/wp\/v2\/product\/4249\/revisions"}],"predecessor-version":[{"id":4259,"href":"https:\/\/solidshoes.com\/index.php?rest_route=\/wp\/v2\/product\/4249\/revisions\/4259"}],"wp:featuredmedia":[{"embeddable":true,"href":"https:\/\/solidshoes.com\/index.php?rest_route=\/wp\/v2\/media\/4251"}],"wp:attachment":[{"href":"https:\/\/solidshoes.com\/index.php?rest_route=%2Fwp%2Fv2%2Fmedia&parent=4249"}],"wp:term":[{"taxonomy":"pwb-brand","embeddable":true,"href":"https:\/\/solidshoes.com\/index.php?rest_route=%2Fwp%2Fv2%2Fpwb-brand&post=4249"},{"taxonomy":"product_brand","embeddable":true,"href":"https:\/\/solidshoes.com\/index.php?rest_route=%2Fwp%2Fv2%2Fproduct_brand&post=4249"},{"taxonomy":"product_cat","embeddable":true,"href":"https:\/\/solidshoes.com\/index.php?rest_route=%2Fwp%2Fv2%2Fproduct_cat&post=4249"},{"taxonomy":"product_tag","embeddable":true,"href":"https:\/\/solidshoes.com\/index.php?rest_route=%2Fwp%2Fv2%2Fproduct_tag&post=4249"}],"curies":[{"name":"wp","href":"https:\/\/api.w.org\/{rel}","templated":true}]}}