{"id":4146,"date":"2025-05-01T22:29:17","date_gmt":"2025-05-01T22:29:17","guid":{"rendered":"https:\/\/solidshoes.com\/?post_type=product&#038;p=4146"},"modified":"2025-05-24T21:51:11","modified_gmt":"2025-05-24T21:51:11","slug":"dalia","status":"publish","type":"product","link":"https:\/\/solidshoes.com\/?product=dalia","title":{"rendered":"DALIA"},"content":{"rendered":"<p>Koleksioni yn\u00eb i k\u00ebpuc\u00ebve p\u00ebr femra sjell nj\u00eb kombinim t\u00eb p\u00ebrsosur t\u00eb stilit dhe komoditetit. T\u00eb krijuara me kujdes nga 100% l\u00ebkur\u00eb natyrale, k\u00ebpuc\u00ebt tona elegante jan\u00eb dizajnuar p\u00ebr t\u00eb p\u00ebrmbushur pritshm\u00ebrit\u00eb m\u00eb t\u00eb larta t\u00eb mod\u00ebs dhe cil\u00ebsis\u00eb.<\/p>\n","protected":false},"excerpt":{"rendered":"<p>Koleksioni yn\u00eb i k\u00ebpuc\u00ebve p\u00ebr femra sjell nj\u00eb kombinim t\u00eb p\u00ebrsosur t\u00eb stilit dhe komoditetit. T\u00eb krijuara me kujdes nga 100% l\u00ebkur\u00eb natyrale, k\u00ebpuc\u00ebt tona elegante jan\u00eb dizajnuar p\u00ebr t\u00eb p\u00ebrmbushur pritshm\u00ebrit\u00eb m\u00eb t\u00eb larta t\u00eb mod\u00ebs dhe cil\u00ebsis\u00eb. <\/p>\n<div><a class=\"zoli-read-more-link\" href=\"https:\/\/solidshoes.com\/?product=dalia\">Read More<span class=\"lexus-icon-Icon_Next\"><\/span><\/a><\/div>\n","protected":false},"featured_media":4153,"comment_status":"open","ping_status":"closed","template":"","meta":{"_acf_changed":false},"pwb-brand":[],"product_brand":[162],"product_cat":[89,60],"product_tag":[],"class_list":{"0":"post-4146","1":"product","2":"type-product","3":"status-publish","4":"has-post-thumbnail","6":"product_brand-stephanie-official","7":"product_cat-femra","8":"product_cat-kepuce-per-femra","10":"first","11":"instock","12":"sale","13":"shipping-taxable","14":"purchasable","15":"product-type-variable"},"acf":[],"yoast_head":"<!-- This site is optimized with the Yoast SEO plugin v23.9 - https:\/\/yoast.com\/wordpress\/plugins\/seo\/ -->\n<title>DALIA - Solid Shoes<\/title>\n<meta name=\"robots\" content=\"index, follow, max-snippet:-1, max-image-preview:large, max-video-preview:-1\" \/>\n<link rel=\"canonical\" href=\"https:\/\/solidshoes.com\/?product=dalia\" \/>\n<meta property=\"og:locale\" content=\"en_US\" \/>\n<meta property=\"og:type\" content=\"article\" \/>\n<meta property=\"og:title\" content=\"DALIA - Solid Shoes\" \/>\n<meta property=\"og:description\" content=\"Koleksioni yn\u00eb i k\u00ebpuc\u00ebve p\u00ebr femra sjell nj\u00eb kombinim t\u00eb p\u00ebrsosur t\u00eb stilit dhe komoditetit. T\u00eb krijuara me kujdes nga 100% l\u00ebkur\u00eb natyrale, k\u00ebpuc\u00ebt tona elegante jan\u00eb dizajnuar p\u00ebr t\u00eb p\u00ebrmbushur pritshm\u00ebrit\u00eb m\u00eb t\u00eb larta t\u00eb mod\u00ebs dhe cil\u00ebsis\u00eb. Read More\" \/>\n<meta property=\"og:url\" content=\"https:\/\/solidshoes.com\/?product=dalia\" \/>\n<meta property=\"og:site_name\" content=\"Solid Shoes\" \/>\n<meta property=\"article:modified_time\" content=\"2025-05-24T21:51:11+00:00\" \/>\n<meta property=\"og:image\" content=\"https:\/\/solidshoes.com\/wp-content\/uploads\/2025\/05\/1-5.png\" \/>\n\t<meta property=\"og:image:width\" content=\"1536\" \/>\n\t<meta property=\"og:image:height\" content=\"1536\" \/>\n\t<meta property=\"og:image:type\" content=\"image\/png\" \/>\n<meta name=\"twitter:card\" content=\"summary_large_image\" \/>\n<meta name=\"twitter:label1\" content=\"Est. reading time\" \/>\n\t<meta name=\"twitter:data1\" content=\"1 minute\" \/>\n<script type=\"application\/ld+json\" class=\"yoast-schema-graph\">{\"@context\":\"https:\/\/schema.org\",\"@graph\":[{\"@type\":\"WebPage\",\"@id\":\"https:\/\/solidshoes.com\/?product=dalia\",\"url\":\"https:\/\/solidshoes.com\/?product=dalia\",\"name\":\"DALIA - Solid Shoes\",\"isPartOf\":{\"@id\":\"https:\/\/solidshoes.com\/#website\"},\"primaryImageOfPage\":{\"@id\":\"https:\/\/solidshoes.com\/?product=dalia#primaryimage\"},\"image\":{\"@id\":\"https:\/\/solidshoes.com\/?product=dalia#primaryimage\"},\"thumbnailUrl\":\"https:\/\/solidshoes.com\/wp-content\/uploads\/2025\/05\/1-5.png\",\"datePublished\":\"2025-05-01T22:29:17+00:00\",\"dateModified\":\"2025-05-24T21:51:11+00:00\",\"breadcrumb\":{\"@id\":\"https:\/\/solidshoes.com\/?product=dalia#breadcrumb\"},\"inLanguage\":\"en-US\",\"potentialAction\":[{\"@type\":\"ReadAction\",\"target\":[\"https:\/\/solidshoes.com\/?product=dalia\"]}]},{\"@type\":\"ImageObject\",\"inLanguage\":\"en-US\",\"@id\":\"https:\/\/solidshoes.com\/?product=dalia#primaryimage\",\"url\":\"https:\/\/solidshoes.com\/wp-content\/uploads\/2025\/05\/1-5.png\",\"contentUrl\":\"https:\/\/solidshoes.com\/wp-content\/uploads\/2025\/05\/1-5.png\",\"width\":1536,\"height\":1536},{\"@type\":\"BreadcrumbList\",\"@id\":\"https:\/\/solidshoes.com\/?product=dalia#breadcrumb\",\"itemListElement\":[{\"@type\":\"ListItem\",\"position\":1,\"name\":\"Home\",\"item\":\"https:\/\/solidshoes.com\/\"},{\"@type\":\"ListItem\",\"position\":2,\"name\":\"Shop\",\"item\":\"https:\/\/solidshoes.com\/?page_id=9\"},{\"@type\":\"ListItem\",\"position\":3,\"name\":\"DALIA\"}]},{\"@type\":\"WebSite\",\"@id\":\"https:\/\/solidshoes.com\/#website\",\"url\":\"https:\/\/solidshoes.com\/\",\"name\":\"Solid Shoes\",\"description\":\"\",\"potentialAction\":[{\"@type\":\"SearchAction\",\"target\":{\"@type\":\"EntryPoint\",\"urlTemplate\":\"https:\/\/solidshoes.com\/?s={search_term_string}\"},\"query-input\":{\"@type\":\"PropertyValueSpecification\",\"valueRequired\":true,\"valueName\":\"search_term_string\"}}],\"inLanguage\":\"en-US\"}]}<\/script>\n<!-- \/ Yoast SEO plugin. -->","yoast_head_json":{"title":"DALIA - Solid Shoes","robots":{"index":"index","follow":"follow","max-snippet":"max-snippet:-1","max-image-preview":"max-image-preview:large","max-video-preview":"max-video-preview:-1"},"canonical":"https:\/\/solidshoes.com\/?product=dalia","og_locale":"en_US","og_type":"article","og_title":"DALIA - Solid Shoes","og_description":"Koleksioni yn\u00eb i k\u00ebpuc\u00ebve p\u00ebr femra sjell nj\u00eb kombinim t\u00eb p\u00ebrsosur t\u00eb stilit dhe komoditetit. T\u00eb krijuara me kujdes nga 100% l\u00ebkur\u00eb natyrale, k\u00ebpuc\u00ebt tona elegante jan\u00eb dizajnuar p\u00ebr t\u00eb p\u00ebrmbushur pritshm\u00ebrit\u00eb m\u00eb t\u00eb larta t\u00eb mod\u00ebs dhe cil\u00ebsis\u00eb. Read More","og_url":"https:\/\/solidshoes.com\/?product=dalia","og_site_name":"Solid Shoes","article_modified_time":"2025-05-24T21:51:11+00:00","og_image":[{"width":1536,"height":1536,"url":"https:\/\/solidshoes.com\/wp-content\/uploads\/2025\/05\/1-5.png","type":"image\/png"}],"twitter_card":"summary_large_image","twitter_misc":{"Est. reading time":"1 minute"},"schema":{"@context":"https:\/\/schema.org","@graph":[{"@type":"WebPage","@id":"https:\/\/solidshoes.com\/?product=dalia","url":"https:\/\/solidshoes.com\/?product=dalia","name":"DALIA - Solid Shoes","isPartOf":{"@id":"https:\/\/solidshoes.com\/#website"},"primaryImageOfPage":{"@id":"https:\/\/solidshoes.com\/?product=dalia#primaryimage"},"image":{"@id":"https:\/\/solidshoes.com\/?product=dalia#primaryimage"},"thumbnailUrl":"https:\/\/solidshoes.com\/wp-content\/uploads\/2025\/05\/1-5.png","datePublished":"2025-05-01T22:29:17+00:00","dateModified":"2025-05-24T21:51:11+00:00","breadcrumb":{"@id":"https:\/\/solidshoes.com\/?product=dalia#breadcrumb"},"inLanguage":"en-US","potentialAction":[{"@type":"ReadAction","target":["https:\/\/solidshoes.com\/?product=dalia"]}]},{"@type":"ImageObject","inLanguage":"en-US","@id":"https:\/\/solidshoes.com\/?product=dalia#primaryimage","url":"https:\/\/solidshoes.com\/wp-content\/uploads\/2025\/05\/1-5.png","contentUrl":"https:\/\/solidshoes.com\/wp-content\/uploads\/2025\/05\/1-5.png","width":1536,"height":1536},{"@type":"BreadcrumbList","@id":"https:\/\/solidshoes.com\/?product=dalia#breadcrumb","itemListElement":[{"@type":"ListItem","position":1,"name":"Home","item":"https:\/\/solidshoes.com\/"},{"@type":"ListItem","position":2,"name":"Shop","item":"https:\/\/solidshoes.com\/?page_id=9"},{"@type":"ListItem","position":3,"name":"DALIA"}]},{"@type":"WebSite","@id":"https:\/\/solidshoes.com\/#website","url":"https:\/\/solidshoes.com\/","name":"Solid Shoes","description":"","potentialAction":[{"@type":"SearchAction","target":{"@type":"EntryPoint","urlTemplate":"https:\/\/solidshoes.com\/?s={search_term_string}"},"query-input":{"@type":"PropertyValueSpecification","valueRequired":true,"valueName":"search_term_string"}}],"inLanguage":"en-US"}]}},"brands":[],"_links":{"self":[{"href":"https:\/\/solidshoes.com\/index.php?rest_route=\/wp\/v2\/product\/4146","targetHints":{"allow":["GET"]}}],"collection":[{"href":"https:\/\/solidshoes.com\/index.php?rest_route=\/wp\/v2\/product"}],"about":[{"href":"https:\/\/solidshoes.com\/index.php?rest_route=\/wp\/v2\/types\/product"}],"replies":[{"embeddable":true,"href":"https:\/\/solidshoes.com\/index.php?rest_route=%2Fwp%2Fv2%2Fcomments&post=4146"}],"version-history":[{"count":1,"href":"https:\/\/solidshoes.com\/index.php?rest_route=\/wp\/v2\/product\/4146\/revisions"}],"predecessor-version":[{"id":4157,"href":"https:\/\/solidshoes.com\/index.php?rest_route=\/wp\/v2\/product\/4146\/revisions\/4157"}],"wp:featuredmedia":[{"embeddable":true,"href":"https:\/\/solidshoes.com\/index.php?rest_route=\/wp\/v2\/media\/4153"}],"wp:attachment":[{"href":"https:\/\/solidshoes.com\/index.php?rest_route=%2Fwp%2Fv2%2Fmedia&parent=4146"}],"wp:term":[{"taxonomy":"pwb-brand","embeddable":true,"href":"https:\/\/solidshoes.com\/index.php?rest_route=%2Fwp%2Fv2%2Fpwb-brand&post=4146"},{"taxonomy":"product_brand","embeddable":true,"href":"https:\/\/solidshoes.com\/index.php?rest_route=%2Fwp%2Fv2%2Fproduct_brand&post=4146"},{"taxonomy":"product_cat","embeddable":true,"href":"https:\/\/solidshoes.com\/index.php?rest_route=%2Fwp%2Fv2%2Fproduct_cat&post=4146"},{"taxonomy":"product_tag","embeddable":true,"href":"https:\/\/solidshoes.com\/index.php?rest_route=%2Fwp%2Fv2%2Fproduct_tag&post=4146"}],"curies":[{"name":"wp","href":"https:\/\/api.w.org\/{rel}","templated":true}]}}